{"id":1023,"date":"2014-10-17T12:04:20","date_gmt":"2014-10-17T10:04:20","guid":{"rendered":"http:\/\/tkg-duisburg.de\/?page_id=1023"},"modified":"2022-09-26T18:31:16","modified_gmt":"2022-09-26T16:31:16","slug":"berufs-und-studienorientierung","status":"publish","type":"page","link":"https:\/\/tkg-duisburg.de\/?page_id=1023","title":{"rendered":"Berufs- und Studienorientierung"},"content":{"rendered":"<h1>Wie geht es nach der Schule weiter? &#8211; Berufs- und Studienorientierung in der Oberstufe<\/h1>\n<h2 style=\"text-align: justify;\">\u201eWie geht es nach FHR 12 oder dem Abi weiter \u2013 Ausbildung, duale Ausbildung oder Studium\u201c<\/h2>\n<p style=\"text-align: justify;\">Damit unsere Sch\u00fclerinnen und Sch\u00fcler der Oberstufe erfolgreich in das Leben nach der Schule starten, besuchen wir u.a. die Ausbildungsmesse VOCATIUM, kooperieren intensiv mit der ARGE, der AOK, dem IFT oder der FOM etc., f\u00fchren Bewerbungstrainings durch und erm\u00f6glichen die Teilnahme an der Woche der Hochschulorientierung.<\/p>\n<p style=\"text-align: justify;\">F\u00fcr die Oberstufe greifen wir in jedem Schuljahr f\u00fcr die Berufs- und Studien-orientierung auf verl\u00e4ssliche Partner, wie z.B. die AOK oder den Initiativkreis Ruhr zur\u00fcck, probieren aber auch Neues aus \u2013z.B. 2014\/15 \u201eAzubi-speed dating\u201c der IHK.<\/p>\n<p style=\"text-align: justify;\">Unsere Ma\u00dfnahmen zur Berufs- und Studienorientierung (eine Auswahl)<\/p>\n<p><a href=\"https:\/\/tkg-duisburg.de\/wp-content\/uploads\/2014\/10\/bruf-Kopie-e1413541539433.jpg\"><img loading=\"lazy\" decoding=\"async\" class=\"aligncenter wp-image-1027 size-full\" src=\"https:\/\/tkg-duisburg.de\/wp-content\/uploads\/2014\/10\/bruf-Kopie-e1413541757913.jpg\" alt=\"bruf Kopie\" width=\"800\" height=\"600\" \/><\/a><\/p>\n<h2>Hilfreiche Links zur Studien- und Berufswahl<\/h2>\n<p><a href=\"http:\/\/www.studifinder.de\/\"><strong>www.studifinder.de<\/strong><\/a><\/p>\n<p><a href=\"http:\/\/www.unischnuppern.de\/\"><strong>www.unischnuppern.de<\/strong><\/a><\/p>\n<p><a href=\"http:\/\/www.studinavi-nrw.de\/#\/startseite\"><strong>www.studinavi-nrw.de<\/strong><\/a><\/p>\n<p><a href=\"http:\/\/www.hochschule-ist-zukunft.de\/\"><strong>www.hochschule-ist-zukunft.de<\/strong><\/a><\/p>\n<p><a href=\"http:\/\/www.abitur-und-dann.org\/\"><strong>www.abitur-und-dann.org<\/strong><\/a><\/p>\n<p><a href=\"http:\/\/www.polizei.nrw.de\/beruf\"><strong>www.polizei.nrw.de<\/strong><\/a><\/p>\n<p><a href=\"http:\/\/www.abitur-und-studium.de\/\"><strong>www.abitur-und-studium.de<\/strong><\/a><\/p>\n<p><a href=\"http:\/\/www.abi.biz-medien.de\/\"><strong>www.abi.biz-medien.de<\/strong><\/a><\/p>\n<p><a href=\"http:\/\/www.arbeitsamt.de\/\"><strong>www.arbeitsagentur.de<\/strong><\/a><\/p>\n<p><a href=\"http:\/\/www.planet-beruf.de\/\"><strong>www.planet-beruf.de<\/strong><\/a><\/p>\n<p><a href=\"https:\/\/de.jobted.com\/berufe-liste\"><strong>de.jobted.com<\/strong><\/a><\/p>\n<p><a href=\"http:\/\/www.ausbildung-plus.de\/\"><strong>www.ausbildung-plus.de<\/strong><\/a><\/p>\n<p><a href=\"http:\/\/www.berufswahl.de\/\"><strong>www.berufswahl.de<\/strong><\/a><\/p>\n<p><a href=\"http:\/\/www.abiq.de\/\"><strong>www.abiq.de<\/strong><\/a><\/p>\n<p><a href=\"http:\/www.abi.biz-medien.de\/\"><strong>www.abi.biz-medien.de<\/strong><\/a><\/p>\n<p><a href=\"http:\/www.berufsorientierung.nrw.de\/\"><strong>\u00a0www.berufsorientierung.nrw.de<\/strong><\/a><\/p>\n","protected":false},"excerpt":{"rendered":"<p>Wie geht es nach der Schule weiter? &#8211; Berufs- und Studienorientierung in der Oberstufe \u201eWie geht es nach FHR 12 oder dem Abi weiter \u2013 Ausbildung, duale Ausbildung oder Studium\u201c Damit unsere Sch\u00fclerinnen und Sch\u00fcler der Oberstufe erfolgreich in das Leben nach der Schule starten, besuchen wir u.a. die Ausbildungsmesse VOCATIUM, kooperieren intensiv mit der &hellip; <a href=\"https:\/\/tkg-duisburg.de\/?page_id=1023\" class=\"more-link\"><span class=\"screen-reader-text\">Berufs- und Studienorientierung<\/span> weiterlesen <span class=\"meta-nav\">&rarr;<\/span><\/a><\/p>\n","protected":false},"author":5,"featured_media":0,"parent":65,"menu_order":3,"comment_status":"closed","ping_status":"open","template":"","meta":{"footnotes":""},"class_list":["post-1023","page","type-page","status-publish","hentry"],"yoast_head":"<!-- This site is optimized with the Yoast SEO plugin v22.6 - https:\/\/yoast.com\/wordpress\/plugins\/seo\/ -->\n<title>Berufs- und Studienorientierung - Theodor K\u00f6nig Gesamtschule Duisburg<\/title>\n<meta name=\"robots\" content=\"index, follow, max-snippet:-1, max-image-preview:large, max-video-preview:-1\" \/>\n<link rel=\"canonical\" href=\"https:\/\/tkg-duisburg.de\/?page_id=1023\" \/>\n<meta property=\"og:locale\" content=\"de_DE\" \/>\n<meta property=\"og:type\" content=\"article\" \/>\n<meta property=\"og:title\" content=\"Berufs- und Studienorientierung - Theodor K\u00f6nig Gesamtschule Duisburg\" \/>\n<meta property=\"og:description\" content=\"Wie geht es nach der Schule weiter? &#8211; Berufs- und Studienorientierung in der Oberstufe \u201eWie geht es nach FHR 12 oder dem Abi weiter \u2013 Ausbildung, duale Ausbildung oder Studium\u201c Damit unsere Sch\u00fclerinnen und Sch\u00fcler der Oberstufe erfolgreich in das Leben nach der Schule starten, besuchen wir u.a. die Ausbildungsmesse VOCATIUM, kooperieren intensiv mit der &hellip; Berufs- und Studienorientierung weiterlesen &rarr;\" \/>\n<meta property=\"og:url\" content=\"https:\/\/tkg-duisburg.de\/?page_id=1023\" \/>\n<meta property=\"og:site_name\" content=\"Theodor K\u00f6nig Gesamtschule Duisburg\" \/>\n<meta property=\"article:modified_time\" content=\"2022-09-26T16:31:16+00:00\" \/>\n<meta property=\"og:image\" content=\"http:\/\/tkg-duisburg.de\/wp-content\/uploads\/2014\/10\/bruf-Kopie-e1413541757913.jpg\" \/>\n<meta name=\"twitter:card\" content=\"summary_large_image\" \/>\n<meta name=\"twitter:label1\" content=\"Gesch\u00e4tzte Lesezeit\" \/>\n\t<meta name=\"twitter:data1\" content=\"1\u00a0Minute\" \/>\n<script type=\"application\/ld+json\" class=\"yoast-schema-graph\">{\"@context\":\"https:\/\/schema.org\",\"@graph\":[{\"@type\":\"WebPage\",\"@id\":\"https:\/\/tkg-duisburg.de\/?page_id=1023\",\"url\":\"https:\/\/tkg-duisburg.de\/?page_id=1023\",\"name\":\"Berufs- und Studienorientierung - Theodor K\u00f6nig Gesamtschule Duisburg\",\"isPartOf\":{\"@id\":\"https:\/\/tkg-duisburg.de\/#website\"},\"primaryImageOfPage\":{\"@id\":\"https:\/\/tkg-duisburg.de\/?page_id=1023#primaryimage\"},\"image\":{\"@id\":\"https:\/\/tkg-duisburg.de\/?page_id=1023#primaryimage\"},\"thumbnailUrl\":\"http:\/\/tkg-duisburg.de\/wp-content\/uploads\/2014\/10\/bruf-Kopie-e1413541757913.jpg\",\"datePublished\":\"2014-10-17T10:04:20+00:00\",\"dateModified\":\"2022-09-26T16:31:16+00:00\",\"breadcrumb\":{\"@id\":\"https:\/\/tkg-duisburg.de\/?page_id=1023#breadcrumb\"},\"inLanguage\":\"de\",\"potentialAction\":[{\"@type\":\"ReadAction\",\"target\":[\"https:\/\/tkg-duisburg.de\/?page_id=1023\"]}]},{\"@type\":\"ImageObject\",\"inLanguage\":\"de\",\"@id\":\"https:\/\/tkg-duisburg.de\/?page_id=1023#primaryimage\",\"url\":\"http:\/\/tkg-duisburg.de\/wp-content\/uploads\/2014\/10\/bruf-Kopie-e1413541757913.jpg\",\"contentUrl\":\"http:\/\/tkg-duisburg.de\/wp-content\/uploads\/2014\/10\/bruf-Kopie-e1413541757913.jpg\"},{\"@type\":\"BreadcrumbList\",\"@id\":\"https:\/\/tkg-duisburg.de\/?page_id=1023#breadcrumb\",\"itemListElement\":[{\"@type\":\"ListItem\",\"position\":1,\"name\":\"Startseite\",\"item\":\"https:\/\/tkg-duisburg.de\/\"},{\"@type\":\"ListItem\",\"position\":2,\"name\":\"Gymnasiale Oberstufe\",\"item\":\"https:\/\/tkg-duisburg.de\/?page_id=65\"},{\"@type\":\"ListItem\",\"position\":3,\"name\":\"Berufs- und Studienorientierung\"}]},{\"@type\":\"WebSite\",\"@id\":\"https:\/\/tkg-duisburg.de\/#website\",\"url\":\"https:\/\/tkg-duisburg.de\/\",\"name\":\"Theodor K\u00f6nig Gesamtschule Duisburg\",\"description\":\"\",\"potentialAction\":[{\"@type\":\"SearchAction\",\"target\":{\"@type\":\"EntryPoint\",\"urlTemplate\":\"https:\/\/tkg-duisburg.de\/?s={search_term_string}\"},\"query-input\":\"required name=search_term_string\"}],\"inLanguage\":\"de\"}]}<\/script>\n<!-- \/ Yoast SEO plugin. -->","yoast_head_json":{"title":"Berufs- und Studienorientierung - Theodor K\u00f6nig Gesamtschule Duisburg","robots":{"index":"index","follow":"follow","max-snippet":"max-snippet:-1","max-image-preview":"max-image-preview:large","max-video-preview":"max-video-preview:-1"},"canonical":"https:\/\/tkg-duisburg.de\/?page_id=1023","og_locale":"de_DE","og_type":"article","og_title":"Berufs- und Studienorientierung - Theodor K\u00f6nig Gesamtschule Duisburg","og_description":"Wie geht es nach der Schule weiter? &#8211; Berufs- und Studienorientierung in der Oberstufe \u201eWie geht es nach FHR 12 oder dem Abi weiter \u2013 Ausbildung, duale Ausbildung oder Studium\u201c Damit unsere Sch\u00fclerinnen und Sch\u00fcler der Oberstufe erfolgreich in das Leben nach der Schule starten, besuchen wir u.a. die Ausbildungsmesse VOCATIUM, kooperieren intensiv mit der &hellip; Berufs- und Studienorientierung weiterlesen &rarr;","og_url":"https:\/\/tkg-duisburg.de\/?page_id=1023","og_site_name":"Theodor K\u00f6nig Gesamtschule Duisburg","article_modified_time":"2022-09-26T16:31:16+00:00","og_image":[{"url":"http:\/\/tkg-duisburg.de\/wp-content\/uploads\/2014\/10\/bruf-Kopie-e1413541757913.jpg"}],"twitter_card":"summary_large_image","twitter_misc":{"Gesch\u00e4tzte Lesezeit":"1\u00a0Minute"},"schema":{"@context":"https:\/\/schema.org","@graph":[{"@type":"WebPage","@id":"https:\/\/tkg-duisburg.de\/?page_id=1023","url":"https:\/\/tkg-duisburg.de\/?page_id=1023","name":"Berufs- und Studienorientierung - Theodor K\u00f6nig Gesamtschule Duisburg","isPartOf":{"@id":"https:\/\/tkg-duisburg.de\/#website"},"primaryImageOfPage":{"@id":"https:\/\/tkg-duisburg.de\/?page_id=1023#primaryimage"},"image":{"@id":"https:\/\/tkg-duisburg.de\/?page_id=1023#primaryimage"},"thumbnailUrl":"http:\/\/tkg-duisburg.de\/wp-content\/uploads\/2014\/10\/bruf-Kopie-e1413541757913.jpg","datePublished":"2014-10-17T10:04:20+00:00","dateModified":"2022-09-26T16:31:16+00:00","breadcrumb":{"@id":"https:\/\/tkg-duisburg.de\/?page_id=1023#breadcrumb"},"inLanguage":"de","potentialAction":[{"@type":"ReadAction","target":["https:\/\/tkg-duisburg.de\/?page_id=1023"]}]},{"@type":"ImageObject","inLanguage":"de","@id":"https:\/\/tkg-duisburg.de\/?page_id=1023#primaryimage","url":"http:\/\/tkg-duisburg.de\/wp-content\/uploads\/2014\/10\/bruf-Kopie-e1413541757913.jpg","contentUrl":"http:\/\/tkg-duisburg.de\/wp-content\/uploads\/2014\/10\/bruf-Kopie-e1413541757913.jpg"},{"@type":"BreadcrumbList","@id":"https:\/\/tkg-duisburg.de\/?page_id=1023#breadcrumb","itemListElement":[{"@type":"ListItem","position":1,"name":"Startseite","item":"https:\/\/tkg-duisburg.de\/"},{"@type":"ListItem","position":2,"name":"Gymnasiale Oberstufe","item":"https:\/\/tkg-duisburg.de\/?page_id=65"},{"@type":"ListItem","position":3,"name":"Berufs- und Studienorientierung"}]},{"@type":"WebSite","@id":"https:\/\/tkg-duisburg.de\/#website","url":"https:\/\/tkg-duisburg.de\/","name":"Theodor K\u00f6nig Gesamtschule Duisburg","description":"","potentialAction":[{"@type":"SearchAction","target":{"@type":"EntryPoint","urlTemplate":"https:\/\/tkg-duisburg.de\/?s={search_term_string}"},"query-input":"required name=search_term_string"}],"inLanguage":"de"}]}},"_links":{"self":[{"href":"https:\/\/tkg-duisburg.de\/index.php?rest_route=\/wp\/v2\/pages\/1023","targetHints":{"allow":["GET"]}}],"collection":[{"href":"https:\/\/tkg-duisburg.de\/index.php?rest_route=\/wp\/v2\/pages"}],"about":[{"href":"https:\/\/tkg-duisburg.de\/index.php?rest_route=\/wp\/v2\/types\/page"}],"author":[{"embeddable":true,"href":"https:\/\/tkg-duisburg.de\/index.php?rest_route=\/wp\/v2\/users\/5"}],"replies":[{"embeddable":true,"href":"https:\/\/tkg-duisburg.de\/index.php?rest_route=%2Fwp%2Fv2%2Fcomments&post=1023"}],"version-history":[{"count":4,"href":"https:\/\/tkg-duisburg.de\/index.php?rest_route=\/wp\/v2\/pages\/1023\/revisions"}],"predecessor-version":[{"id":7380,"href":"https:\/\/tkg-duisburg.de\/index.php?rest_route=\/wp\/v2\/pages\/1023\/revisions\/7380"}],"up":[{"embeddable":true,"href":"https:\/\/tkg-duisburg.de\/index.php?rest_route=\/wp\/v2\/pages\/65"}],"wp:attachment":[{"href":"https:\/\/tkg-duisburg.de\/index.php?rest_route=%2Fwp%2Fv2%2Fmedia&parent=1023"}],"curies":[{"name":"wp","href":"https:\/\/api.w.org\/{rel}","templated":true}]}}