{"id":114,"date":"2014-03-16T18:08:58","date_gmt":"2014-03-16T16:08:58","guid":{"rendered":"http:\/\/tkg-duisburg.de\/?page_id=114"},"modified":"2014-10-22T09:58:42","modified_gmt":"2014-10-22T07:58:42","slug":"anfahrt","status":"publish","type":"page","link":"https:\/\/tkg-duisburg.de\/?page_id=114","title":{"rendered":"Anfahrt"},"content":{"rendered":"<div align=\"center\">\n<h1>So finden Sie uns bestimmt!<\/h1>\n<\/div>\n<p>&#8230;von Duisburg Stadtmitte kommend<\/p>\n<p><strong>&#8211; Mit dem Auto &#8211;<\/strong><\/p>\n<ul>\n<li>\u00fcber die\u00a0<strong>A 59<\/strong>\u00a0(Stadtautobahn) Richtung Duisburg-Nord \/ Dinslaken<\/li>\n<li>Ausfahrt\u00a0<strong>Meiderich \/ Untermeiderich<\/strong><\/li>\n<li>an der Ausfahrt rechts abbiegen<\/li>\n<li>sofort links einordnen, an der Ampel links abbiegen und geradeaus die Papierm\u00fchlenstra\u00dfe ca. 1,5 km bis zum Kreisverkehr fahren<\/li>\n<li>den Kreisverkehr dreiviertel umrunden und die dritte Stra\u00dfe rechts hinausfahren. Das ist die <strong>M\u00f6hlenkampstra\u00dfe<\/strong><\/li>\n<li>nac h ca. 800 m dem Hinweisschild &#8222;<strong>Sporthalle<\/strong>&#8220; folgen und links auf das Schulgel\u00e4nde und wiederum links auf den Lehrerparkplatz fahren<\/li>\n<\/ul>\n<p><strong>&#8211; Mit \u00f6ffentlichen Verkehrsmitteln &#8211;<\/strong><\/p>\n<ul>\n<li>Stra\u00dfenbahnlinie 901 Richtung Obermarxloh \/ Marxloh benutzen<\/li>\n<li>Haltestelle Beeck-Denkmal aussteigen<\/li>\n<li>&#8222;Lange Kamp&#8220; geradeaus bis zur M\u00f6hlenkampstra\u00dfe laufen<\/li>\n<\/ul>\n","protected":false},"excerpt":{"rendered":"<p>So finden Sie uns bestimmt! &#8230;von Duisburg Stadtmitte kommend &#8211; Mit dem Auto &#8211; \u00fcber die\u00a0A 59\u00a0(Stadtautobahn) Richtung Duisburg-Nord \/ Dinslaken Ausfahrt\u00a0Meiderich \/ Untermeiderich an der Ausfahrt rechts abbiegen sofort links einordnen, an der Ampel links abbiegen und geradeaus die Papierm\u00fchlenstra\u00dfe ca. 1,5 km bis zum Kreisverkehr fahren den Kreisverkehr dreiviertel umrunden und die dritte &hellip; <a href=\"https:\/\/tkg-duisburg.de\/?page_id=114\" class=\"more-link\"><span class=\"screen-reader-text\">Anfahrt<\/span> weiterlesen <span class=\"meta-nav\">&rarr;<\/span><\/a><\/p>\n","protected":false},"author":1,"featured_media":0,"parent":76,"menu_order":0,"comment_status":"closed","ping_status":"open","template":"","meta":{"footnotes":""},"class_list":["post-114","page","type-page","status-publish","hentry"],"yoast_head":"<!-- This site is optimized with the Yoast SEO plugin v22.6 - https:\/\/yoast.com\/wordpress\/plugins\/seo\/ -->\n<title>Anfahrt - Theodor K\u00f6nig Gesamtschule Duisburg<\/title>\n<meta name=\"robots\" content=\"index, follow, max-snippet:-1, max-image-preview:large, max-video-preview:-1\" \/>\n<link rel=\"canonical\" href=\"https:\/\/tkg-duisburg.de\/?page_id=114\" \/>\n<meta property=\"og:locale\" content=\"de_DE\" \/>\n<meta property=\"og:type\" content=\"article\" \/>\n<meta property=\"og:title\" content=\"Anfahrt - Theodor K\u00f6nig Gesamtschule Duisburg\" \/>\n<meta property=\"og:description\" content=\"So finden Sie uns bestimmt! &#8230;von Duisburg Stadtmitte kommend &#8211; Mit dem Auto &#8211; \u00fcber die\u00a0A 59\u00a0(Stadtautobahn) Richtung Duisburg-Nord \/ Dinslaken Ausfahrt\u00a0Meiderich \/ Untermeiderich an der Ausfahrt rechts abbiegen sofort links einordnen, an der Ampel links abbiegen und geradeaus die Papierm\u00fchlenstra\u00dfe ca. 1,5 km bis zum Kreisverkehr fahren den Kreisverkehr dreiviertel umrunden und die dritte &hellip; Anfahrt weiterlesen &rarr;\" \/>\n<meta property=\"og:url\" content=\"https:\/\/tkg-duisburg.de\/?page_id=114\" \/>\n<meta property=\"og:site_name\" content=\"Theodor K\u00f6nig Gesamtschule Duisburg\" \/>\n<meta property=\"article:modified_time\" content=\"2014-10-22T07:58:42+00:00\" \/>\n<meta name=\"twitter:card\" content=\"summary_large_image\" \/>\n<meta name=\"twitter:label1\" content=\"Gesch\u00e4tzte Lesezeit\" \/>\n\t<meta name=\"twitter:data1\" content=\"1\u00a0Minute\" \/>\n<script type=\"application\/ld+json\" class=\"yoast-schema-graph\">{\"@context\":\"https:\/\/schema.org\",\"@graph\":[{\"@type\":\"WebPage\",\"@id\":\"https:\/\/tkg-duisburg.de\/?page_id=114\",\"url\":\"https:\/\/tkg-duisburg.de\/?page_id=114\",\"name\":\"Anfahrt - Theodor K\u00f6nig Gesamtschule Duisburg\",\"isPartOf\":{\"@id\":\"https:\/\/tkg-duisburg.de\/#website\"},\"datePublished\":\"2014-03-16T16:08:58+00:00\",\"dateModified\":\"2014-10-22T07:58:42+00:00\",\"breadcrumb\":{\"@id\":\"https:\/\/tkg-duisburg.de\/?page_id=114#breadcrumb\"},\"inLanguage\":\"de\",\"potentialAction\":[{\"@type\":\"ReadAction\",\"target\":[\"https:\/\/tkg-duisburg.de\/?page_id=114\"]}]},{\"@type\":\"BreadcrumbList\",\"@id\":\"https:\/\/tkg-duisburg.de\/?page_id=114#breadcrumb\",\"itemListElement\":[{\"@type\":\"ListItem\",\"position\":1,\"name\":\"Startseite\",\"item\":\"https:\/\/tkg-duisburg.de\/\"},{\"@type\":\"ListItem\",\"position\":2,\"name\":\"Kontakt\/ Impressum\",\"item\":\"https:\/\/tkg-duisburg.de\/?page_id=76\"},{\"@type\":\"ListItem\",\"position\":3,\"name\":\"Anfahrt\"}]},{\"@type\":\"WebSite\",\"@id\":\"https:\/\/tkg-duisburg.de\/#website\",\"url\":\"https:\/\/tkg-duisburg.de\/\",\"name\":\"Theodor K\u00f6nig Gesamtschule Duisburg\",\"description\":\"\",\"potentialAction\":[{\"@type\":\"SearchAction\",\"target\":{\"@type\":\"EntryPoint\",\"urlTemplate\":\"https:\/\/tkg-duisburg.de\/?s={search_term_string}\"},\"query-input\":\"required name=search_term_string\"}],\"inLanguage\":\"de\"}]}<\/script>\n<!-- \/ Yoast SEO plugin. -->","yoast_head_json":{"title":"Anfahrt - Theodor K\u00f6nig Gesamtschule Duisburg","robots":{"index":"index","follow":"follow","max-snippet":"max-snippet:-1","max-image-preview":"max-image-preview:large","max-video-preview":"max-video-preview:-1"},"canonical":"https:\/\/tkg-duisburg.de\/?page_id=114","og_locale":"de_DE","og_type":"article","og_title":"Anfahrt - Theodor K\u00f6nig Gesamtschule Duisburg","og_description":"So finden Sie uns bestimmt! &#8230;von Duisburg Stadtmitte kommend &#8211; Mit dem Auto &#8211; \u00fcber die\u00a0A 59\u00a0(Stadtautobahn) Richtung Duisburg-Nord \/ Dinslaken Ausfahrt\u00a0Meiderich \/ Untermeiderich an der Ausfahrt rechts abbiegen sofort links einordnen, an der Ampel links abbiegen und geradeaus die Papierm\u00fchlenstra\u00dfe ca. 1,5 km bis zum Kreisverkehr fahren den Kreisverkehr dreiviertel umrunden und die dritte &hellip; Anfahrt weiterlesen &rarr;","og_url":"https:\/\/tkg-duisburg.de\/?page_id=114","og_site_name":"Theodor K\u00f6nig Gesamtschule Duisburg","article_modified_time":"2014-10-22T07:58:42+00:00","twitter_card":"summary_large_image","twitter_misc":{"Gesch\u00e4tzte Lesezeit":"1\u00a0Minute"},"schema":{"@context":"https:\/\/schema.org","@graph":[{"@type":"WebPage","@id":"https:\/\/tkg-duisburg.de\/?page_id=114","url":"https:\/\/tkg-duisburg.de\/?page_id=114","name":"Anfahrt - Theodor K\u00f6nig Gesamtschule Duisburg","isPartOf":{"@id":"https:\/\/tkg-duisburg.de\/#website"},"datePublished":"2014-03-16T16:08:58+00:00","dateModified":"2014-10-22T07:58:42+00:00","breadcrumb":{"@id":"https:\/\/tkg-duisburg.de\/?page_id=114#breadcrumb"},"inLanguage":"de","potentialAction":[{"@type":"ReadAction","target":["https:\/\/tkg-duisburg.de\/?page_id=114"]}]},{"@type":"BreadcrumbList","@id":"https:\/\/tkg-duisburg.de\/?page_id=114#breadcrumb","itemListElement":[{"@type":"ListItem","position":1,"name":"Startseite","item":"https:\/\/tkg-duisburg.de\/"},{"@type":"ListItem","position":2,"name":"Kontakt\/ Impressum","item":"https:\/\/tkg-duisburg.de\/?page_id=76"},{"@type":"ListItem","position":3,"name":"Anfahrt"}]},{"@type":"WebSite","@id":"https:\/\/tkg-duisburg.de\/#website","url":"https:\/\/tkg-duisburg.de\/","name":"Theodor K\u00f6nig Gesamtschule Duisburg","description":"","potentialAction":[{"@type":"SearchAction","target":{"@type":"EntryPoint","urlTemplate":"https:\/\/tkg-duisburg.de\/?s={search_term_string}"},"query-input":"required name=search_term_string"}],"inLanguage":"de"}]}},"_links":{"self":[{"href":"https:\/\/tkg-duisburg.de\/index.php?rest_route=\/wp\/v2\/pages\/114","targetHints":{"allow":["GET"]}}],"collection":[{"href":"https:\/\/tkg-duisburg.de\/index.php?rest_route=\/wp\/v2\/pages"}],"about":[{"href":"https:\/\/tkg-duisburg.de\/index.php?rest_route=\/wp\/v2\/types\/page"}],"author":[{"embeddable":true,"href":"https:\/\/tkg-duisburg.de\/index.php?rest_route=\/wp\/v2\/users\/1"}],"replies":[{"embeddable":true,"href":"https:\/\/tkg-duisburg.de\/index.php?rest_route=%2Fwp%2Fv2%2Fcomments&post=114"}],"version-history":[{"count":5,"href":"https:\/\/tkg-duisburg.de\/index.php?rest_route=\/wp\/v2\/pages\/114\/revisions"}],"predecessor-version":[{"id":938,"href":"https:\/\/tkg-duisburg.de\/index.php?rest_route=\/wp\/v2\/pages\/114\/revisions\/938"}],"up":[{"embeddable":true,"href":"https:\/\/tkg-duisburg.de\/index.php?rest_route=\/wp\/v2\/pages\/76"}],"wp:attachment":[{"href":"https:\/\/tkg-duisburg.de\/index.php?rest_route=%2Fwp%2Fv2%2Fmedia&parent=114"}],"curies":[{"name":"wp","href":"https:\/\/api.w.org\/{rel}","templated":true}]}}