{"id":1156,"date":"2014-10-21T21:59:29","date_gmt":"2014-10-21T19:59:29","guid":{"rendered":"http:\/\/tkg-duisburg.de\/?page_id=1156"},"modified":"2014-10-22T09:57:57","modified_gmt":"2014-10-22T07:57:57","slug":"eltern","status":"publish","type":"page","link":"https:\/\/tkg-duisburg.de\/?page_id=1156","title":{"rendered":"Eltern"},"content":{"rendered":"<p>Unsere Schule bietet den Eltern vielseitige M\u00f6glichkeiten, sich aktiv in den Schulalltag einzubringen. Neben der Klassen- und Schulpflegschaft oder der Schulkonferenz als offizielle Gremien gibt es verschiedene Angebote, sich regelm\u00e4\u00dfig zu informieren, \u00fcber aktuelle Themen auszutauschen oder einfach nur mal auf ein nettes Gespr\u00e4ch im <span style=\"text-decoration: underline;\"><a title=\"Elterncafe\" href=\"https:\/\/tkg-duisburg.de\/?page_id=1159\">Elterncafe<\/a><\/span> zu treffen.<\/p>\n<p>Dar\u00fcber hinaus bieten engagierte Eltern im <a title=\"Elternb\u00fcro\" href=\"https:\/\/tkg-duisburg.de\/?page_id=1162\">Elternb\u00fcro<\/a> Beratung und Hilfestellungen in vielen Fragen des Schulalltags. Auch Anregungen und Ideen sind jederzeit gerne willkommen.<\/p>\n<p>Nutzen Sie die M\u00f6glichkeit, den Schulalltag Ihres Kindes aktiv mit zu gestalten!<\/p>\n","protected":false},"excerpt":{"rendered":"<p>Unsere Schule bietet den Eltern vielseitige M\u00f6glichkeiten, sich aktiv in den Schulalltag einzubringen. Neben der Klassen- und Schulpflegschaft oder der Schulkonferenz als offizielle Gremien gibt es verschiedene Angebote, sich regelm\u00e4\u00dfig zu informieren, \u00fcber aktuelle Themen auszutauschen oder einfach nur mal auf ein nettes Gespr\u00e4ch im Elterncafe zu treffen. Dar\u00fcber hinaus bieten engagierte Eltern im Elternb\u00fcro &hellip; <a href=\"https:\/\/tkg-duisburg.de\/?page_id=1156\" class=\"more-link\"><span class=\"screen-reader-text\">Eltern<\/span> weiterlesen <span class=\"meta-nav\">&rarr;<\/span><\/a><\/p>\n","protected":false},"author":4,"featured_media":0,"parent":0,"menu_order":0,"comment_status":"closed","ping_status":"open","template":"","meta":{"footnotes":""},"class_list":["post-1156","page","type-page","status-publish","hentry"],"yoast_head":"<!-- This site is optimized with the Yoast SEO plugin v22.6 - https:\/\/yoast.com\/wordpress\/plugins\/seo\/ -->\n<title>Eltern - Theodor K\u00f6nig Gesamtschule Duisburg<\/title>\n<meta name=\"robots\" content=\"index, follow, max-snippet:-1, max-image-preview:large, max-video-preview:-1\" \/>\n<link rel=\"canonical\" href=\"https:\/\/tkg-duisburg.de\/?page_id=1156\" \/>\n<meta property=\"og:locale\" content=\"de_DE\" \/>\n<meta property=\"og:type\" content=\"article\" \/>\n<meta property=\"og:title\" content=\"Eltern - Theodor K\u00f6nig Gesamtschule Duisburg\" \/>\n<meta property=\"og:description\" content=\"Unsere Schule bietet den Eltern vielseitige M\u00f6glichkeiten, sich aktiv in den Schulalltag einzubringen. Neben der Klassen- und Schulpflegschaft oder der Schulkonferenz als offizielle Gremien gibt es verschiedene Angebote, sich regelm\u00e4\u00dfig zu informieren, \u00fcber aktuelle Themen auszutauschen oder einfach nur mal auf ein nettes Gespr\u00e4ch im Elterncafe zu treffen. Dar\u00fcber hinaus bieten engagierte Eltern im Elternb\u00fcro &hellip; Eltern weiterlesen &rarr;\" \/>\n<meta property=\"og:url\" content=\"https:\/\/tkg-duisburg.de\/?page_id=1156\" \/>\n<meta property=\"og:site_name\" content=\"Theodor K\u00f6nig Gesamtschule Duisburg\" \/>\n<meta property=\"article:modified_time\" content=\"2014-10-22T07:57:57+00:00\" \/>\n<meta name=\"twitter:card\" content=\"summary_large_image\" \/>\n<script type=\"application\/ld+json\" class=\"yoast-schema-graph\">{\"@context\":\"https:\/\/schema.org\",\"@graph\":[{\"@type\":\"WebPage\",\"@id\":\"https:\/\/tkg-duisburg.de\/?page_id=1156\",\"url\":\"https:\/\/tkg-duisburg.de\/?page_id=1156\",\"name\":\"Eltern - Theodor K\u00f6nig Gesamtschule Duisburg\",\"isPartOf\":{\"@id\":\"https:\/\/tkg-duisburg.de\/#website\"},\"datePublished\":\"2014-10-21T19:59:29+00:00\",\"dateModified\":\"2014-10-22T07:57:57+00:00\",\"breadcrumb\":{\"@id\":\"https:\/\/tkg-duisburg.de\/?page_id=1156#breadcrumb\"},\"inLanguage\":\"de\",\"potentialAction\":[{\"@type\":\"ReadAction\",\"target\":[\"https:\/\/tkg-duisburg.de\/?page_id=1156\"]}]},{\"@type\":\"BreadcrumbList\",\"@id\":\"https:\/\/tkg-duisburg.de\/?page_id=1156#breadcrumb\",\"itemListElement\":[{\"@type\":\"ListItem\",\"position\":1,\"name\":\"Startseite\",\"item\":\"https:\/\/tkg-duisburg.de\/\"},{\"@type\":\"ListItem\",\"position\":2,\"name\":\"Eltern\"}]},{\"@type\":\"WebSite\",\"@id\":\"https:\/\/tkg-duisburg.de\/#website\",\"url\":\"https:\/\/tkg-duisburg.de\/\",\"name\":\"Theodor K\u00f6nig Gesamtschule Duisburg\",\"description\":\"\",\"potentialAction\":[{\"@type\":\"SearchAction\",\"target\":{\"@type\":\"EntryPoint\",\"urlTemplate\":\"https:\/\/tkg-duisburg.de\/?s={search_term_string}\"},\"query-input\":\"required name=search_term_string\"}],\"inLanguage\":\"de\"}]}<\/script>\n<!-- \/ Yoast SEO plugin. -->","yoast_head_json":{"title":"Eltern - Theodor K\u00f6nig Gesamtschule Duisburg","robots":{"index":"index","follow":"follow","max-snippet":"max-snippet:-1","max-image-preview":"max-image-preview:large","max-video-preview":"max-video-preview:-1"},"canonical":"https:\/\/tkg-duisburg.de\/?page_id=1156","og_locale":"de_DE","og_type":"article","og_title":"Eltern - Theodor K\u00f6nig Gesamtschule Duisburg","og_description":"Unsere Schule bietet den Eltern vielseitige M\u00f6glichkeiten, sich aktiv in den Schulalltag einzubringen. Neben der Klassen- und Schulpflegschaft oder der Schulkonferenz als offizielle Gremien gibt es verschiedene Angebote, sich regelm\u00e4\u00dfig zu informieren, \u00fcber aktuelle Themen auszutauschen oder einfach nur mal auf ein nettes Gespr\u00e4ch im Elterncafe zu treffen. Dar\u00fcber hinaus bieten engagierte Eltern im Elternb\u00fcro &hellip; Eltern weiterlesen &rarr;","og_url":"https:\/\/tkg-duisburg.de\/?page_id=1156","og_site_name":"Theodor K\u00f6nig Gesamtschule Duisburg","article_modified_time":"2014-10-22T07:57:57+00:00","twitter_card":"summary_large_image","schema":{"@context":"https:\/\/schema.org","@graph":[{"@type":"WebPage","@id":"https:\/\/tkg-duisburg.de\/?page_id=1156","url":"https:\/\/tkg-duisburg.de\/?page_id=1156","name":"Eltern - Theodor K\u00f6nig Gesamtschule Duisburg","isPartOf":{"@id":"https:\/\/tkg-duisburg.de\/#website"},"datePublished":"2014-10-21T19:59:29+00:00","dateModified":"2014-10-22T07:57:57+00:00","breadcrumb":{"@id":"https:\/\/tkg-duisburg.de\/?page_id=1156#breadcrumb"},"inLanguage":"de","potentialAction":[{"@type":"ReadAction","target":["https:\/\/tkg-duisburg.de\/?page_id=1156"]}]},{"@type":"BreadcrumbList","@id":"https:\/\/tkg-duisburg.de\/?page_id=1156#breadcrumb","itemListElement":[{"@type":"ListItem","position":1,"name":"Startseite","item":"https:\/\/tkg-duisburg.de\/"},{"@type":"ListItem","position":2,"name":"Eltern"}]},{"@type":"WebSite","@id":"https:\/\/tkg-duisburg.de\/#website","url":"https:\/\/tkg-duisburg.de\/","name":"Theodor K\u00f6nig Gesamtschule Duisburg","description":"","potentialAction":[{"@type":"SearchAction","target":{"@type":"EntryPoint","urlTemplate":"https:\/\/tkg-duisburg.de\/?s={search_term_string}"},"query-input":"required name=search_term_string"}],"inLanguage":"de"}]}},"_links":{"self":[{"href":"https:\/\/tkg-duisburg.de\/index.php?rest_route=\/wp\/v2\/pages\/1156","targetHints":{"allow":["GET"]}}],"collection":[{"href":"https:\/\/tkg-duisburg.de\/index.php?rest_route=\/wp\/v2\/pages"}],"about":[{"href":"https:\/\/tkg-duisburg.de\/index.php?rest_route=\/wp\/v2\/types\/page"}],"author":[{"embeddable":true,"href":"https:\/\/tkg-duisburg.de\/index.php?rest_route=\/wp\/v2\/users\/4"}],"replies":[{"embeddable":true,"href":"https:\/\/tkg-duisburg.de\/index.php?rest_route=%2Fwp%2Fv2%2Fcomments&post=1156"}],"version-history":[{"count":3,"href":"https:\/\/tkg-duisburg.de\/index.php?rest_route=\/wp\/v2\/pages\/1156\/revisions"}],"predecessor-version":[{"id":1169,"href":"https:\/\/tkg-duisburg.de\/index.php?rest_route=\/wp\/v2\/pages\/1156\/revisions\/1169"}],"wp:attachment":[{"href":"https:\/\/tkg-duisburg.de\/index.php?rest_route=%2Fwp%2Fv2%2Fmedia&parent=1156"}],"curies":[{"name":"wp","href":"https:\/\/api.w.org\/{rel}","templated":true}]}}