{"id":1322,"date":"2014-12-07T15:50:25","date_gmt":"2014-12-07T13:50:25","guid":{"rendered":"http:\/\/tkg-duisburg.de\/?page_id=1322"},"modified":"2021-01-20T21:27:03","modified_gmt":"2021-01-20T19:27:03","slug":"service-downloads","status":"publish","type":"page","link":"https:\/\/tkg-duisburg.de\/?page_id=1322","title":{"rendered":"Downloads"},"content":{"rendered":"\n<h3 class=\"wp-block-heading\">Informationen und Formulare zum Download<\/h3>\n\n\n\n<div class=\"wp-block-image\"><figure class=\"aligncenter is-resized\"><img loading=\"lazy\" decoding=\"async\" src=\"https:\/\/tkg-duisburg.de\/wp-content\/uploads\/2019\/09\/02267086-0c39-4a76-8c3a-da3735742d00-1024x638.jpg\" alt=\"\" class=\"wp-image-4018\" width=\"396\" height=\"246\" srcset=\"https:\/\/tkg-duisburg.de\/wp-content\/uploads\/2019\/09\/02267086-0c39-4a76-8c3a-da3735742d00-1024x638.jpg 1024w, https:\/\/tkg-duisburg.de\/wp-content\/uploads\/2019\/09\/02267086-0c39-4a76-8c3a-da3735742d00-300x187.jpg 300w\" sizes=\"auto, (max-width: 396px) 100vw, 396px\" \/><\/figure><\/div>\n\n\n\n<p><a href=\"https:\/\/tkg-duisburg.de\/?page_id=1385\">zu den Angeboten zur Berufs- und Studienorientierung<\/a><\/p>\n\n\n\n<p><a href=\"https:\/\/tkg-duisburg.de\/?page_id=3980\">zum Berufsorientierungscurriculum<\/a><\/p>\n\n\n\n<h3 class=\"wp-block-heading\">IServ<\/h3>\n\n\n\n<p><a href=\"https:\/\/tkg-duisburg.de\/wp-content\/uploads\/2016\/03\/iserv-nutzerordnung-tkg.pdf\" rel=\"\">Nutzerordnung IServ<\/a><\/p>\n\n\n\n<hr class=\"wp-block-separator\"\/>\n\n\n\n<h3 class=\"wp-block-heading\">Sekundarstufe I<\/h3>\n\n\n\n<hr class=\"wp-block-separator\"\/>\n\n\n\n<h4 class=\"wp-block-heading\">Praktikum Jahrgang 9<\/h4>\n\n\n\n<div class=\"wp-block-file\"><a href=\"https:\/\/tkg-duisburg.de\/wp-content\/uploads\/2021\/01\/Praktikumsmappe-auf-Distanz-2021.pdf\">Praktikumsmappe-auf-Distanz-2021 (wenn das Praktikum <strong>nicht<\/strong> im Betrieb stattfindet)<\/a><a href=\"https:\/\/tkg-duisburg.de\/wp-content\/uploads\/2021\/01\/Praktikumsmappe-auf-Distanz-2021.pdf\" class=\"wp-block-file__button\" download>Herunterladen<\/a><\/div>\n\n\n\n<div class=\"wp-block-file\"><a href=\"https:\/\/tkg-duisburg.de\/wp-content\/uploads\/2021\/01\/Praktikumsmappe-neu-2021.pdf\">Praktikumsmappe-neu-2021 (wenn das Praktikum im Betrieb stattfindet)<\/a><a href=\"https:\/\/tkg-duisburg.de\/wp-content\/uploads\/2021\/01\/Praktikumsmappe-neu-2021.pdf\" class=\"wp-block-file__button\" download>Herunterladen<\/a><\/div>\n\n\n\n<h3 class=\"wp-block-heading\">Sekundarstufe II<\/h3>\n\n\n\n<h4 class=\"wp-block-heading\">Informationen f\u00fcr Sch\u00fclerinnen und Sch\u00fcler der gymnasialen Oberstufe<\/h4>\n\n\n\n<p>Das Schulministerium bietet Informationen f\u00fcr alle Sch\u00fclerinnen und Sch\u00fcler der Oberstufe zu den wichtigsten Fragen und Bestimmungen zur Sekundarstufe II an. Diese k\u00f6nnen hier heruntergeladen werden.<\/p>\n\n\n\n<p><a href=\"https:\/\/tkg-duisburg.de\/wp-content\/uploads\/2018\/11\/Gymnasiale_Oberstufe_Druckfassung_2019.pdf\">F\u00fcr SuS, die 2019 in die Oberstufe eintreten werden<\/a><\/p>\n\n\n\n<p><a href=\"https:\/\/tkg-duisburg.de\/wp-content\/uploads\/2018\/11\/Gymn.-Oberstufe-2017-Druckfassung.pdf\">F\u00fcr SuS, die 2018 in die Oberstufe eingetreten sind<\/a><\/p>\n\n\n\n<p><a href=\"https:\/\/tkg-duisburg.de\/wp-content\/uploads\/2014\/12\/gymn_Oberstufe_2017.pdf\">F\u00fcr SuS, die 2017 in die Oberstufe eingetreten sind<\/a><\/p>\n\n\n\n<p><a href=\"https:\/\/tkg-duisburg.de\/wp-content\/uploads\/2014\/12\/Gymn_oberstufe_2016.pdf\">F\u00fcr SuS, die 2016 in die Oberstufe eingetreten sind<\/a><\/p>\n\n\n\n<h4 class=\"wp-block-heading\">Klausuren<\/h4>\n\n\n\n<p><a href=\"https:\/\/tkg-duisburg.de\/wp-content\/uploads\/2014\/12\/Antrag-auf-einen-Nachschreibtermin.pdf\">Antrag auf einen Nachschreibtermin<\/a><\/p>\n\n\n\n<h4 class=\"wp-block-heading\">Facharbeiten<\/h4>\n\n\n\n<p><a href=\"https:\/\/tkg-duisburg.de\/?page_id=4250\">zu den Dokumenten f\u00fcr die Facharbeiten<\/a><\/p>\n","protected":false},"excerpt":{"rendered":"<p>Informationen und Formulare zum Download zu den Angeboten zur Berufs- und Studienorientierung zum Berufsorientierungscurriculum IServ Nutzerordnung IServ Sekundarstufe I Praktikum Jahrgang 9 Sekundarstufe II Informationen f\u00fcr Sch\u00fclerinnen und Sch\u00fcler der gymnasialen Oberstufe Das Schulministerium bietet Informationen f\u00fcr alle Sch\u00fclerinnen und Sch\u00fcler der Oberstufe zu den wichtigsten Fragen und Bestimmungen zur Sekundarstufe II an. Diese k\u00f6nnen &hellip; <a href=\"https:\/\/tkg-duisburg.de\/?page_id=1322\" class=\"more-link\"><span class=\"screen-reader-text\">Downloads<\/span> weiterlesen <span class=\"meta-nav\">&rarr;<\/span><\/a><\/p>\n","protected":false},"author":5,"featured_media":0,"parent":0,"menu_order":0,"comment_status":"closed","ping_status":"open","template":"","meta":{"footnotes":""},"class_list":["post-1322","page","type-page","status-publish","hentry"],"yoast_head":"<!-- This site is optimized with the Yoast SEO plugin v22.6 - https:\/\/yoast.com\/wordpress\/plugins\/seo\/ -->\n<title>Downloads - Theodor K\u00f6nig Gesamtschule Duisburg<\/title>\n<meta name=\"robots\" content=\"index, follow, max-snippet:-1, max-image-preview:large, max-video-preview:-1\" \/>\n<link rel=\"canonical\" href=\"https:\/\/tkg-duisburg.de\/?page_id=1322\" \/>\n<meta property=\"og:locale\" content=\"de_DE\" \/>\n<meta property=\"og:type\" content=\"article\" \/>\n<meta property=\"og:title\" content=\"Downloads - Theodor K\u00f6nig Gesamtschule Duisburg\" \/>\n<meta property=\"og:description\" content=\"Informationen und Formulare zum Download zu den Angeboten zur Berufs- und Studienorientierung zum Berufsorientierungscurriculum IServ Nutzerordnung IServ Sekundarstufe I Praktikum Jahrgang 9 Sekundarstufe II Informationen f\u00fcr Sch\u00fclerinnen und Sch\u00fcler der gymnasialen Oberstufe Das Schulministerium bietet Informationen f\u00fcr alle Sch\u00fclerinnen und Sch\u00fcler der Oberstufe zu den wichtigsten Fragen und Bestimmungen zur Sekundarstufe II an. Diese k\u00f6nnen &hellip; Downloads weiterlesen &rarr;\" \/>\n<meta property=\"og:url\" content=\"https:\/\/tkg-duisburg.de\/?page_id=1322\" \/>\n<meta property=\"og:site_name\" content=\"Theodor K\u00f6nig Gesamtschule Duisburg\" \/>\n<meta property=\"article:modified_time\" content=\"2021-01-20T19:27:03+00:00\" \/>\n<meta property=\"og:image\" content=\"https:\/\/tkg-duisburg.de\/wp-content\/uploads\/2019\/09\/02267086-0c39-4a76-8c3a-da3735742d00-1024x638.jpg\" \/>\n<meta name=\"twitter:card\" content=\"summary_large_image\" \/>\n<meta name=\"twitter:label1\" content=\"Gesch\u00e4tzte Lesezeit\" \/>\n\t<meta name=\"twitter:data1\" content=\"1\u00a0Minute\" \/>\n<script type=\"application\/ld+json\" class=\"yoast-schema-graph\">{\"@context\":\"https:\/\/schema.org\",\"@graph\":[{\"@type\":\"WebPage\",\"@id\":\"https:\/\/tkg-duisburg.de\/?page_id=1322\",\"url\":\"https:\/\/tkg-duisburg.de\/?page_id=1322\",\"name\":\"Downloads - Theodor K\u00f6nig Gesamtschule Duisburg\",\"isPartOf\":{\"@id\":\"https:\/\/tkg-duisburg.de\/#website\"},\"primaryImageOfPage\":{\"@id\":\"https:\/\/tkg-duisburg.de\/?page_id=1322#primaryimage\"},\"image\":{\"@id\":\"https:\/\/tkg-duisburg.de\/?page_id=1322#primaryimage\"},\"thumbnailUrl\":\"https:\/\/tkg-duisburg.de\/wp-content\/uploads\/2019\/09\/02267086-0c39-4a76-8c3a-da3735742d00-1024x638.jpg\",\"datePublished\":\"2014-12-07T13:50:25+00:00\",\"dateModified\":\"2021-01-20T19:27:03+00:00\",\"breadcrumb\":{\"@id\":\"https:\/\/tkg-duisburg.de\/?page_id=1322#breadcrumb\"},\"inLanguage\":\"de\",\"potentialAction\":[{\"@type\":\"ReadAction\",\"target\":[\"https:\/\/tkg-duisburg.de\/?page_id=1322\"]}]},{\"@type\":\"ImageObject\",\"inLanguage\":\"de\",\"@id\":\"https:\/\/tkg-duisburg.de\/?page_id=1322#primaryimage\",\"url\":\"https:\/\/tkg-duisburg.de\/wp-content\/uploads\/2019\/09\/02267086-0c39-4a76-8c3a-da3735742d00.jpg\",\"contentUrl\":\"https:\/\/tkg-duisburg.de\/wp-content\/uploads\/2019\/09\/02267086-0c39-4a76-8c3a-da3735742d00.jpg\",\"width\":2246,\"height\":1400},{\"@type\":\"BreadcrumbList\",\"@id\":\"https:\/\/tkg-duisburg.de\/?page_id=1322#breadcrumb\",\"itemListElement\":[{\"@type\":\"ListItem\",\"position\":1,\"name\":\"Startseite\",\"item\":\"https:\/\/tkg-duisburg.de\/\"},{\"@type\":\"ListItem\",\"position\":2,\"name\":\"Downloads\"}]},{\"@type\":\"WebSite\",\"@id\":\"https:\/\/tkg-duisburg.de\/#website\",\"url\":\"https:\/\/tkg-duisburg.de\/\",\"name\":\"Theodor K\u00f6nig Gesamtschule Duisburg\",\"description\":\"\",\"potentialAction\":[{\"@type\":\"SearchAction\",\"target\":{\"@type\":\"EntryPoint\",\"urlTemplate\":\"https:\/\/tkg-duisburg.de\/?s={search_term_string}\"},\"query-input\":\"required name=search_term_string\"}],\"inLanguage\":\"de\"}]}<\/script>\n<!-- \/ Yoast SEO plugin. -->","yoast_head_json":{"title":"Downloads - Theodor K\u00f6nig Gesamtschule Duisburg","robots":{"index":"index","follow":"follow","max-snippet":"max-snippet:-1","max-image-preview":"max-image-preview:large","max-video-preview":"max-video-preview:-1"},"canonical":"https:\/\/tkg-duisburg.de\/?page_id=1322","og_locale":"de_DE","og_type":"article","og_title":"Downloads - Theodor K\u00f6nig Gesamtschule Duisburg","og_description":"Informationen und Formulare zum Download zu den Angeboten zur Berufs- und Studienorientierung zum Berufsorientierungscurriculum IServ Nutzerordnung IServ Sekundarstufe I Praktikum Jahrgang 9 Sekundarstufe II Informationen f\u00fcr Sch\u00fclerinnen und Sch\u00fcler der gymnasialen Oberstufe Das Schulministerium bietet Informationen f\u00fcr alle Sch\u00fclerinnen und Sch\u00fcler der Oberstufe zu den wichtigsten Fragen und Bestimmungen zur Sekundarstufe II an. Diese k\u00f6nnen &hellip; Downloads weiterlesen &rarr;","og_url":"https:\/\/tkg-duisburg.de\/?page_id=1322","og_site_name":"Theodor K\u00f6nig Gesamtschule Duisburg","article_modified_time":"2021-01-20T19:27:03+00:00","og_image":[{"url":"https:\/\/tkg-duisburg.de\/wp-content\/uploads\/2019\/09\/02267086-0c39-4a76-8c3a-da3735742d00-1024x638.jpg"}],"twitter_card":"summary_large_image","twitter_misc":{"Gesch\u00e4tzte Lesezeit":"1\u00a0Minute"},"schema":{"@context":"https:\/\/schema.org","@graph":[{"@type":"WebPage","@id":"https:\/\/tkg-duisburg.de\/?page_id=1322","url":"https:\/\/tkg-duisburg.de\/?page_id=1322","name":"Downloads - Theodor K\u00f6nig Gesamtschule Duisburg","isPartOf":{"@id":"https:\/\/tkg-duisburg.de\/#website"},"primaryImageOfPage":{"@id":"https:\/\/tkg-duisburg.de\/?page_id=1322#primaryimage"},"image":{"@id":"https:\/\/tkg-duisburg.de\/?page_id=1322#primaryimage"},"thumbnailUrl":"https:\/\/tkg-duisburg.de\/wp-content\/uploads\/2019\/09\/02267086-0c39-4a76-8c3a-da3735742d00-1024x638.jpg","datePublished":"2014-12-07T13:50:25+00:00","dateModified":"2021-01-20T19:27:03+00:00","breadcrumb":{"@id":"https:\/\/tkg-duisburg.de\/?page_id=1322#breadcrumb"},"inLanguage":"de","potentialAction":[{"@type":"ReadAction","target":["https:\/\/tkg-duisburg.de\/?page_id=1322"]}]},{"@type":"ImageObject","inLanguage":"de","@id":"https:\/\/tkg-duisburg.de\/?page_id=1322#primaryimage","url":"https:\/\/tkg-duisburg.de\/wp-content\/uploads\/2019\/09\/02267086-0c39-4a76-8c3a-da3735742d00.jpg","contentUrl":"https:\/\/tkg-duisburg.de\/wp-content\/uploads\/2019\/09\/02267086-0c39-4a76-8c3a-da3735742d00.jpg","width":2246,"height":1400},{"@type":"BreadcrumbList","@id":"https:\/\/tkg-duisburg.de\/?page_id=1322#breadcrumb","itemListElement":[{"@type":"ListItem","position":1,"name":"Startseite","item":"https:\/\/tkg-duisburg.de\/"},{"@type":"ListItem","position":2,"name":"Downloads"}]},{"@type":"WebSite","@id":"https:\/\/tkg-duisburg.de\/#website","url":"https:\/\/tkg-duisburg.de\/","name":"Theodor K\u00f6nig Gesamtschule Duisburg","description":"","potentialAction":[{"@type":"SearchAction","target":{"@type":"EntryPoint","urlTemplate":"https:\/\/tkg-duisburg.de\/?s={search_term_string}"},"query-input":"required name=search_term_string"}],"inLanguage":"de"}]}},"_links":{"self":[{"href":"https:\/\/tkg-duisburg.de\/index.php?rest_route=\/wp\/v2\/pages\/1322","targetHints":{"allow":["GET"]}}],"collection":[{"href":"https:\/\/tkg-duisburg.de\/index.php?rest_route=\/wp\/v2\/pages"}],"about":[{"href":"https:\/\/tkg-duisburg.de\/index.php?rest_route=\/wp\/v2\/types\/page"}],"author":[{"embeddable":true,"href":"https:\/\/tkg-duisburg.de\/index.php?rest_route=\/wp\/v2\/users\/5"}],"replies":[{"embeddable":true,"href":"https:\/\/tkg-duisburg.de\/index.php?rest_route=%2Fwp%2Fv2%2Fcomments&post=1322"}],"version-history":[{"count":28,"href":"https:\/\/tkg-duisburg.de\/index.php?rest_route=\/wp\/v2\/pages\/1322\/revisions"}],"predecessor-version":[{"id":6217,"href":"https:\/\/tkg-duisburg.de\/index.php?rest_route=\/wp\/v2\/pages\/1322\/revisions\/6217"}],"wp:attachment":[{"href":"https:\/\/tkg-duisburg.de\/index.php?rest_route=%2Fwp%2Fv2%2Fmedia&parent=1322"}],"curies":[{"name":"wp","href":"https:\/\/api.w.org\/{rel}","templated":true}]}}