{"id":2219,"date":"2016-05-11T11:31:40","date_gmt":"2016-05-11T09:31:40","guid":{"rendered":"http:\/\/tkg-duisburg.de\/?page_id=2219"},"modified":"2020-04-03T09:29:38","modified_gmt":"2020-04-03T07:29:38","slug":"schulprogramm-der-theodor-koenig-gesamtschule-in-auszuegen","status":"publish","type":"page","link":"https:\/\/tkg-duisburg.de\/?page_id=2219","title":{"rendered":"Schulprogramm"},"content":{"rendered":"\n<figure class=\"wp-block-image\"><img loading=\"lazy\" decoding=\"async\" width=\"1024\" height=\"683\" src=\"https:\/\/tkg-duisburg.de\/wp-content\/uploads\/2019\/09\/baukran-3703469_1920-1024x683.jpg\" alt=\"\" class=\"wp-image-4015\" srcset=\"https:\/\/tkg-duisburg.de\/wp-content\/uploads\/2019\/09\/baukran-3703469_1920-1024x683.jpg 1024w, https:\/\/tkg-duisburg.de\/wp-content\/uploads\/2019\/09\/baukran-3703469_1920-300x200.jpg 300w, https:\/\/tkg-duisburg.de\/wp-content\/uploads\/2019\/09\/baukran-3703469_1920.jpg 1920w\" sizes=\"auto, (max-width: 1024px) 100vw, 1024px\" \/><\/figure>\n\n\n\n<p>Das Schulprogramm der Theodor K\u00f6nig Gesamtschule wird aktuell \u00fcberarbeitet&#8230;<\/p>\n\n\n\n<p>Vorl\u00e4ufige Gliederung des Schulprogramms<\/p>\n\n\n\n<div class=\"wp-block-file\"><a href=\"https:\/\/tkg-duisburg.de\/wp-content\/uploads\/2020\/04\/Gliederung-Schulprogramm.-2-3.pdf\">Gliederung-Schulprogramm.-2-3<\/a><a href=\"https:\/\/tkg-duisburg.de\/wp-content\/uploads\/2020\/04\/Gliederung-Schulprogramm.-2-3.pdf\" class=\"wp-block-file__button\" download>Herunterladen<\/a><\/div>\n\n\n\n<p>Die nicht mehr aktuelle Version des Schulprogramm finden sie hier:<\/p>\n\n\n\n<div class=\"wp-block-file\"><a href=\"https:\/\/tkg-duisburg.de\/wp-content\/uploads\/2020\/04\/Schulprogramm-der-Theodor-K\u00f6nig-Gesamtschule-alt.pdf\">Schulprogramm-der-Theodor-K\u00f6nig-Gesamtschule-alt<\/a><a href=\"https:\/\/tkg-duisburg.de\/wp-content\/uploads\/2020\/04\/Schulprogramm-der-Theodor-K\u00f6nig-Gesamtschule-alt.pdf\" class=\"wp-block-file__button\" download>Herunterladen<\/a><\/div>\n","protected":false},"excerpt":{"rendered":"<p>Das Schulprogramm der Theodor K\u00f6nig Gesamtschule wird aktuell \u00fcberarbeitet&#8230; Vorl\u00e4ufige Gliederung des Schulprogramms Die nicht mehr aktuelle Version des Schulprogramm finden sie hier:<\/p>\n","protected":false},"author":5,"featured_media":0,"parent":0,"menu_order":0,"comment_status":"closed","ping_status":"closed","template":"","meta":{"footnotes":""},"class_list":["post-2219","page","type-page","status-publish","hentry"],"yoast_head":"<!-- This site is optimized with the Yoast SEO plugin v22.6 - https:\/\/yoast.com\/wordpress\/plugins\/seo\/ -->\n<title>Schulprogramm - Theodor K\u00f6nig Gesamtschule Duisburg<\/title>\n<meta name=\"robots\" content=\"index, follow, max-snippet:-1, max-image-preview:large, max-video-preview:-1\" \/>\n<link rel=\"canonical\" href=\"https:\/\/tkg-duisburg.de\/?page_id=2219\" \/>\n<meta property=\"og:locale\" content=\"de_DE\" \/>\n<meta property=\"og:type\" content=\"article\" \/>\n<meta property=\"og:title\" content=\"Schulprogramm - Theodor K\u00f6nig Gesamtschule Duisburg\" \/>\n<meta property=\"og:description\" content=\"Das Schulprogramm der Theodor K\u00f6nig Gesamtschule wird aktuell \u00fcberarbeitet&#8230; Vorl\u00e4ufige Gliederung des Schulprogramms Die nicht mehr aktuelle Version des Schulprogramm finden sie hier:\" \/>\n<meta property=\"og:url\" content=\"https:\/\/tkg-duisburg.de\/?page_id=2219\" \/>\n<meta property=\"og:site_name\" content=\"Theodor K\u00f6nig Gesamtschule Duisburg\" \/>\n<meta property=\"article:modified_time\" content=\"2020-04-03T07:29:38+00:00\" \/>\n<meta property=\"og:image\" content=\"http:\/\/tkg-duisburg.de\/wp-content\/uploads\/2019\/09\/baukran-3703469_1920-1024x683.jpg\" \/>\n<meta name=\"twitter:card\" content=\"summary_large_image\" \/>\n<script type=\"application\/ld+json\" class=\"yoast-schema-graph\">{\"@context\":\"https:\/\/schema.org\",\"@graph\":[{\"@type\":\"WebPage\",\"@id\":\"https:\/\/tkg-duisburg.de\/?page_id=2219\",\"url\":\"https:\/\/tkg-duisburg.de\/?page_id=2219\",\"name\":\"Schulprogramm - Theodor K\u00f6nig Gesamtschule Duisburg\",\"isPartOf\":{\"@id\":\"https:\/\/tkg-duisburg.de\/#website\"},\"primaryImageOfPage\":{\"@id\":\"https:\/\/tkg-duisburg.de\/?page_id=2219#primaryimage\"},\"image\":{\"@id\":\"https:\/\/tkg-duisburg.de\/?page_id=2219#primaryimage\"},\"thumbnailUrl\":\"http:\/\/tkg-duisburg.de\/wp-content\/uploads\/2019\/09\/baukran-3703469_1920-1024x683.jpg\",\"datePublished\":\"2016-05-11T09:31:40+00:00\",\"dateModified\":\"2020-04-03T07:29:38+00:00\",\"breadcrumb\":{\"@id\":\"https:\/\/tkg-duisburg.de\/?page_id=2219#breadcrumb\"},\"inLanguage\":\"de\",\"potentialAction\":[{\"@type\":\"ReadAction\",\"target\":[\"https:\/\/tkg-duisburg.de\/?page_id=2219\"]}]},{\"@type\":\"ImageObject\",\"inLanguage\":\"de\",\"@id\":\"https:\/\/tkg-duisburg.de\/?page_id=2219#primaryimage\",\"url\":\"http:\/\/tkg-duisburg.de\/wp-content\/uploads\/2019\/09\/baukran-3703469_1920-1024x683.jpg\",\"contentUrl\":\"http:\/\/tkg-duisburg.de\/wp-content\/uploads\/2019\/09\/baukran-3703469_1920-1024x683.jpg\"},{\"@type\":\"BreadcrumbList\",\"@id\":\"https:\/\/tkg-duisburg.de\/?page_id=2219#breadcrumb\",\"itemListElement\":[{\"@type\":\"ListItem\",\"position\":1,\"name\":\"Startseite\",\"item\":\"https:\/\/tkg-duisburg.de\/\"},{\"@type\":\"ListItem\",\"position\":2,\"name\":\"Schulprogramm\"}]},{\"@type\":\"WebSite\",\"@id\":\"https:\/\/tkg-duisburg.de\/#website\",\"url\":\"https:\/\/tkg-duisburg.de\/\",\"name\":\"Theodor K\u00f6nig Gesamtschule Duisburg\",\"description\":\"\",\"potentialAction\":[{\"@type\":\"SearchAction\",\"target\":{\"@type\":\"EntryPoint\",\"urlTemplate\":\"https:\/\/tkg-duisburg.de\/?s={search_term_string}\"},\"query-input\":\"required name=search_term_string\"}],\"inLanguage\":\"de\"}]}<\/script>\n<!-- \/ Yoast SEO plugin. -->","yoast_head_json":{"title":"Schulprogramm - Theodor K\u00f6nig Gesamtschule Duisburg","robots":{"index":"index","follow":"follow","max-snippet":"max-snippet:-1","max-image-preview":"max-image-preview:large","max-video-preview":"max-video-preview:-1"},"canonical":"https:\/\/tkg-duisburg.de\/?page_id=2219","og_locale":"de_DE","og_type":"article","og_title":"Schulprogramm - Theodor K\u00f6nig Gesamtschule Duisburg","og_description":"Das Schulprogramm der Theodor K\u00f6nig Gesamtschule wird aktuell \u00fcberarbeitet&#8230; Vorl\u00e4ufige Gliederung des Schulprogramms Die nicht mehr aktuelle Version des Schulprogramm finden sie hier:","og_url":"https:\/\/tkg-duisburg.de\/?page_id=2219","og_site_name":"Theodor K\u00f6nig Gesamtschule Duisburg","article_modified_time":"2020-04-03T07:29:38+00:00","og_image":[{"url":"http:\/\/tkg-duisburg.de\/wp-content\/uploads\/2019\/09\/baukran-3703469_1920-1024x683.jpg"}],"twitter_card":"summary_large_image","schema":{"@context":"https:\/\/schema.org","@graph":[{"@type":"WebPage","@id":"https:\/\/tkg-duisburg.de\/?page_id=2219","url":"https:\/\/tkg-duisburg.de\/?page_id=2219","name":"Schulprogramm - Theodor K\u00f6nig Gesamtschule Duisburg","isPartOf":{"@id":"https:\/\/tkg-duisburg.de\/#website"},"primaryImageOfPage":{"@id":"https:\/\/tkg-duisburg.de\/?page_id=2219#primaryimage"},"image":{"@id":"https:\/\/tkg-duisburg.de\/?page_id=2219#primaryimage"},"thumbnailUrl":"http:\/\/tkg-duisburg.de\/wp-content\/uploads\/2019\/09\/baukran-3703469_1920-1024x683.jpg","datePublished":"2016-05-11T09:31:40+00:00","dateModified":"2020-04-03T07:29:38+00:00","breadcrumb":{"@id":"https:\/\/tkg-duisburg.de\/?page_id=2219#breadcrumb"},"inLanguage":"de","potentialAction":[{"@type":"ReadAction","target":["https:\/\/tkg-duisburg.de\/?page_id=2219"]}]},{"@type":"ImageObject","inLanguage":"de","@id":"https:\/\/tkg-duisburg.de\/?page_id=2219#primaryimage","url":"http:\/\/tkg-duisburg.de\/wp-content\/uploads\/2019\/09\/baukran-3703469_1920-1024x683.jpg","contentUrl":"http:\/\/tkg-duisburg.de\/wp-content\/uploads\/2019\/09\/baukran-3703469_1920-1024x683.jpg"},{"@type":"BreadcrumbList","@id":"https:\/\/tkg-duisburg.de\/?page_id=2219#breadcrumb","itemListElement":[{"@type":"ListItem","position":1,"name":"Startseite","item":"https:\/\/tkg-duisburg.de\/"},{"@type":"ListItem","position":2,"name":"Schulprogramm"}]},{"@type":"WebSite","@id":"https:\/\/tkg-duisburg.de\/#website","url":"https:\/\/tkg-duisburg.de\/","name":"Theodor K\u00f6nig Gesamtschule Duisburg","description":"","potentialAction":[{"@type":"SearchAction","target":{"@type":"EntryPoint","urlTemplate":"https:\/\/tkg-duisburg.de\/?s={search_term_string}"},"query-input":"required name=search_term_string"}],"inLanguage":"de"}]}},"_links":{"self":[{"href":"https:\/\/tkg-duisburg.de\/index.php?rest_route=\/wp\/v2\/pages\/2219","targetHints":{"allow":["GET"]}}],"collection":[{"href":"https:\/\/tkg-duisburg.de\/index.php?rest_route=\/wp\/v2\/pages"}],"about":[{"href":"https:\/\/tkg-duisburg.de\/index.php?rest_route=\/wp\/v2\/types\/page"}],"author":[{"embeddable":true,"href":"https:\/\/tkg-duisburg.de\/index.php?rest_route=\/wp\/v2\/users\/5"}],"replies":[{"embeddable":true,"href":"https:\/\/tkg-duisburg.de\/index.php?rest_route=%2Fwp%2Fv2%2Fcomments&post=2219"}],"version-history":[{"count":17,"href":"https:\/\/tkg-duisburg.de\/index.php?rest_route=\/wp\/v2\/pages\/2219\/revisions"}],"predecessor-version":[{"id":4998,"href":"https:\/\/tkg-duisburg.de\/index.php?rest_route=\/wp\/v2\/pages\/2219\/revisions\/4998"}],"wp:attachment":[{"href":"https:\/\/tkg-duisburg.de\/index.php?rest_route=%2Fwp%2Fv2%2Fmedia&parent=2219"}],"curies":[{"name":"wp","href":"https:\/\/api.w.org\/{rel}","templated":true}]}}