{"id":26,"date":"2013-11-28T16:04:30","date_gmt":"2013-11-28T14:04:30","guid":{"rendered":"http:\/\/tkg-duisburg.de\/?page_id=26"},"modified":"2014-10-22T09:57:57","modified_gmt":"2014-10-22T07:57:57","slug":"aktion-klima","status":"publish","type":"page","link":"https:\/\/tkg-duisburg.de\/?page_id=26","title":{"rendered":"Aktion Klima"},"content":{"rendered":"<p align=\"center\">Aktion Klima verbessert die Welt<\/p>\n<p align=\"center\">Mit der Arbeitsgruppe Aktion Klima verbessert die Theodor-K\u00f6nig-Gesamtschule die Welt und zeigt den Sch\u00fclern und Sch\u00fclerinnen wie leicht man selbst die Welt verbessern kann. Die Sch\u00fcler fangen klein an indem sie ihren eigenen Schulhof verbessern. Von Zeit zu Zeit machen sie immer mehr.<\/p>\n<p align=\"center\"><span style=\"text-decoration: underline;\"><a href=\"https:\/\/tkg-duisburg.de\/wp-content\/uploads\/2013\/11\/229x108_pm0_bgFFFFFF.png\"><img loading=\"lazy\" decoding=\"async\" class=\"size-full wp-image-29 aligncenter\" src=\"https:\/\/tkg-duisburg.de\/wp-content\/uploads\/2013\/11\/229x108_pm0_bgFFFFFF.png\" alt=\"229x108_pm0_bgFFFFFF\" width=\"263\" height=\"126\" \/><\/a><\/span><\/p>\n<p>Die Arbeitsgruppenlehrer helfen dabei, dass die Sch\u00fcler lernen wie sie Energiesparen. Zum Beispiel schalten die Sch\u00fcler das Licht aus in den R\u00e4umen, wo sie gerade nicht sind oder die Heizung aus, wenn es warm genug ist.<\/p>\n<p>Das und mehr macht die Theodor-K\u00f6nig Gesamtschule f\u00fcr Duisburg und ganz Deutschland.<\/p>\n<p>Fabian Oberroithmayr 07c<\/p>\n<p><a title=\"Energiesparen an Duisburger Schulen\" href=\"http:\/\/www.duisburg.de\/micro2\/umwelt\/klima\/inhalt\/102010100000427911.php\" target=\"_blank\">Projekt Energiesparen an Duisburger Schule (ESPADU)<\/a><\/p>\n","protected":false},"excerpt":{"rendered":"<p>Aktion Klima verbessert die Welt Mit der Arbeitsgruppe Aktion Klima verbessert die Theodor-K\u00f6nig-Gesamtschule die Welt und zeigt den Sch\u00fclern und Sch\u00fclerinnen wie leicht man selbst die Welt verbessern kann. Die Sch\u00fcler fangen klein an indem sie ihren eigenen Schulhof verbessern. Von Zeit zu Zeit machen sie immer mehr. Die Arbeitsgruppenlehrer helfen dabei, dass die Sch\u00fcler &hellip; <a href=\"https:\/\/tkg-duisburg.de\/?page_id=26\" class=\"more-link\"><span class=\"screen-reader-text\">Aktion Klima<\/span> weiterlesen <span class=\"meta-nav\">&rarr;<\/span><\/a><\/p>\n","protected":false},"author":1,"featured_media":0,"parent":24,"menu_order":0,"comment_status":"closed","ping_status":"open","template":"","meta":{"footnotes":""},"class_list":["post-26","page","type-page","status-publish","hentry"],"yoast_head":"<!-- This site is optimized with the Yoast SEO plugin v22.6 - https:\/\/yoast.com\/wordpress\/plugins\/seo\/ -->\n<title>Aktion Klima - Theodor K\u00f6nig Gesamtschule Duisburg<\/title>\n<meta name=\"robots\" content=\"index, follow, max-snippet:-1, max-image-preview:large, max-video-preview:-1\" \/>\n<link rel=\"canonical\" href=\"https:\/\/tkg-duisburg.de\/?page_id=26\" \/>\n<meta property=\"og:locale\" content=\"de_DE\" \/>\n<meta property=\"og:type\" content=\"article\" \/>\n<meta property=\"og:title\" content=\"Aktion Klima - Theodor K\u00f6nig Gesamtschule Duisburg\" \/>\n<meta property=\"og:description\" content=\"Aktion Klima verbessert die Welt Mit der Arbeitsgruppe Aktion Klima verbessert die Theodor-K\u00f6nig-Gesamtschule die Welt und zeigt den Sch\u00fclern und Sch\u00fclerinnen wie leicht man selbst die Welt verbessern kann. Die Sch\u00fcler fangen klein an indem sie ihren eigenen Schulhof verbessern. Von Zeit zu Zeit machen sie immer mehr. Die Arbeitsgruppenlehrer helfen dabei, dass die Sch\u00fcler &hellip; Aktion Klima weiterlesen &rarr;\" \/>\n<meta property=\"og:url\" content=\"https:\/\/tkg-duisburg.de\/?page_id=26\" \/>\n<meta property=\"og:site_name\" content=\"Theodor K\u00f6nig Gesamtschule Duisburg\" \/>\n<meta property=\"article:modified_time\" content=\"2014-10-22T07:57:57+00:00\" \/>\n<meta property=\"og:image\" content=\"http:\/\/tkg-duisburg.de\/wp-content\/uploads\/2013\/11\/229x108_pm0_bgFFFFFF.png\" \/>\n<meta name=\"twitter:card\" content=\"summary_large_image\" \/>\n<meta name=\"twitter:label1\" content=\"Gesch\u00e4tzte Lesezeit\" \/>\n\t<meta name=\"twitter:data1\" content=\"1\u00a0Minute\" \/>\n<script type=\"application\/ld+json\" class=\"yoast-schema-graph\">{\"@context\":\"https:\/\/schema.org\",\"@graph\":[{\"@type\":\"WebPage\",\"@id\":\"https:\/\/tkg-duisburg.de\/?page_id=26\",\"url\":\"https:\/\/tkg-duisburg.de\/?page_id=26\",\"name\":\"Aktion Klima - Theodor K\u00f6nig Gesamtschule Duisburg\",\"isPartOf\":{\"@id\":\"https:\/\/tkg-duisburg.de\/#website\"},\"primaryImageOfPage\":{\"@id\":\"https:\/\/tkg-duisburg.de\/?page_id=26#primaryimage\"},\"image\":{\"@id\":\"https:\/\/tkg-duisburg.de\/?page_id=26#primaryimage\"},\"thumbnailUrl\":\"http:\/\/tkg-duisburg.de\/wp-content\/uploads\/2013\/11\/229x108_pm0_bgFFFFFF.png\",\"datePublished\":\"2013-11-28T14:04:30+00:00\",\"dateModified\":\"2014-10-22T07:57:57+00:00\",\"breadcrumb\":{\"@id\":\"https:\/\/tkg-duisburg.de\/?page_id=26#breadcrumb\"},\"inLanguage\":\"de\",\"potentialAction\":[{\"@type\":\"ReadAction\",\"target\":[\"https:\/\/tkg-duisburg.de\/?page_id=26\"]}]},{\"@type\":\"ImageObject\",\"inLanguage\":\"de\",\"@id\":\"https:\/\/tkg-duisburg.de\/?page_id=26#primaryimage\",\"url\":\"http:\/\/tkg-duisburg.de\/wp-content\/uploads\/2013\/11\/229x108_pm0_bgFFFFFF.png\",\"contentUrl\":\"http:\/\/tkg-duisburg.de\/wp-content\/uploads\/2013\/11\/229x108_pm0_bgFFFFFF.png\"},{\"@type\":\"BreadcrumbList\",\"@id\":\"https:\/\/tkg-duisburg.de\/?page_id=26#breadcrumb\",\"itemListElement\":[{\"@type\":\"ListItem\",\"position\":1,\"name\":\"Startseite\",\"item\":\"https:\/\/tkg-duisburg.de\/\"},{\"@type\":\"ListItem\",\"position\":2,\"name\":\"Schulleben\",\"item\":\"https:\/\/tkg-duisburg.de\/?page_id=22\"},{\"@type\":\"ListItem\",\"position\":3,\"name\":\"Arbeitsgemeinschaften\",\"item\":\"https:\/\/tkg-duisburg.de\/?page_id=24\"},{\"@type\":\"ListItem\",\"position\":4,\"name\":\"Aktion Klima\"}]},{\"@type\":\"WebSite\",\"@id\":\"https:\/\/tkg-duisburg.de\/#website\",\"url\":\"https:\/\/tkg-duisburg.de\/\",\"name\":\"Theodor K\u00f6nig Gesamtschule Duisburg\",\"description\":\"\",\"potentialAction\":[{\"@type\":\"SearchAction\",\"target\":{\"@type\":\"EntryPoint\",\"urlTemplate\":\"https:\/\/tkg-duisburg.de\/?s={search_term_string}\"},\"query-input\":\"required name=search_term_string\"}],\"inLanguage\":\"de\"}]}<\/script>\n<!-- \/ Yoast SEO plugin. -->","yoast_head_json":{"title":"Aktion Klima - Theodor K\u00f6nig Gesamtschule Duisburg","robots":{"index":"index","follow":"follow","max-snippet":"max-snippet:-1","max-image-preview":"max-image-preview:large","max-video-preview":"max-video-preview:-1"},"canonical":"https:\/\/tkg-duisburg.de\/?page_id=26","og_locale":"de_DE","og_type":"article","og_title":"Aktion Klima - Theodor K\u00f6nig Gesamtschule Duisburg","og_description":"Aktion Klima verbessert die Welt Mit der Arbeitsgruppe Aktion Klima verbessert die Theodor-K\u00f6nig-Gesamtschule die Welt und zeigt den Sch\u00fclern und Sch\u00fclerinnen wie leicht man selbst die Welt verbessern kann. Die Sch\u00fcler fangen klein an indem sie ihren eigenen Schulhof verbessern. Von Zeit zu Zeit machen sie immer mehr. Die Arbeitsgruppenlehrer helfen dabei, dass die Sch\u00fcler &hellip; Aktion Klima weiterlesen &rarr;","og_url":"https:\/\/tkg-duisburg.de\/?page_id=26","og_site_name":"Theodor K\u00f6nig Gesamtschule Duisburg","article_modified_time":"2014-10-22T07:57:57+00:00","og_image":[{"url":"http:\/\/tkg-duisburg.de\/wp-content\/uploads\/2013\/11\/229x108_pm0_bgFFFFFF.png"}],"twitter_card":"summary_large_image","twitter_misc":{"Gesch\u00e4tzte Lesezeit":"1\u00a0Minute"},"schema":{"@context":"https:\/\/schema.org","@graph":[{"@type":"WebPage","@id":"https:\/\/tkg-duisburg.de\/?page_id=26","url":"https:\/\/tkg-duisburg.de\/?page_id=26","name":"Aktion Klima - Theodor K\u00f6nig Gesamtschule Duisburg","isPartOf":{"@id":"https:\/\/tkg-duisburg.de\/#website"},"primaryImageOfPage":{"@id":"https:\/\/tkg-duisburg.de\/?page_id=26#primaryimage"},"image":{"@id":"https:\/\/tkg-duisburg.de\/?page_id=26#primaryimage"},"thumbnailUrl":"http:\/\/tkg-duisburg.de\/wp-content\/uploads\/2013\/11\/229x108_pm0_bgFFFFFF.png","datePublished":"2013-11-28T14:04:30+00:00","dateModified":"2014-10-22T07:57:57+00:00","breadcrumb":{"@id":"https:\/\/tkg-duisburg.de\/?page_id=26#breadcrumb"},"inLanguage":"de","potentialAction":[{"@type":"ReadAction","target":["https:\/\/tkg-duisburg.de\/?page_id=26"]}]},{"@type":"ImageObject","inLanguage":"de","@id":"https:\/\/tkg-duisburg.de\/?page_id=26#primaryimage","url":"http:\/\/tkg-duisburg.de\/wp-content\/uploads\/2013\/11\/229x108_pm0_bgFFFFFF.png","contentUrl":"http:\/\/tkg-duisburg.de\/wp-content\/uploads\/2013\/11\/229x108_pm0_bgFFFFFF.png"},{"@type":"BreadcrumbList","@id":"https:\/\/tkg-duisburg.de\/?page_id=26#breadcrumb","itemListElement":[{"@type":"ListItem","position":1,"name":"Startseite","item":"https:\/\/tkg-duisburg.de\/"},{"@type":"ListItem","position":2,"name":"Schulleben","item":"https:\/\/tkg-duisburg.de\/?page_id=22"},{"@type":"ListItem","position":3,"name":"Arbeitsgemeinschaften","item":"https:\/\/tkg-duisburg.de\/?page_id=24"},{"@type":"ListItem","position":4,"name":"Aktion Klima"}]},{"@type":"WebSite","@id":"https:\/\/tkg-duisburg.de\/#website","url":"https:\/\/tkg-duisburg.de\/","name":"Theodor K\u00f6nig Gesamtschule Duisburg","description":"","potentialAction":[{"@type":"SearchAction","target":{"@type":"EntryPoint","urlTemplate":"https:\/\/tkg-duisburg.de\/?s={search_term_string}"},"query-input":"required name=search_term_string"}],"inLanguage":"de"}]}},"_links":{"self":[{"href":"https:\/\/tkg-duisburg.de\/index.php?rest_route=\/wp\/v2\/pages\/26","targetHints":{"allow":["GET"]}}],"collection":[{"href":"https:\/\/tkg-duisburg.de\/index.php?rest_route=\/wp\/v2\/pages"}],"about":[{"href":"https:\/\/tkg-duisburg.de\/index.php?rest_route=\/wp\/v2\/types\/page"}],"author":[{"embeddable":true,"href":"https:\/\/tkg-duisburg.de\/index.php?rest_route=\/wp\/v2\/users\/1"}],"replies":[{"embeddable":true,"href":"https:\/\/tkg-duisburg.de\/index.php?rest_route=%2Fwp%2Fv2%2Fcomments&post=26"}],"version-history":[{"count":8,"href":"https:\/\/tkg-duisburg.de\/index.php?rest_route=\/wp\/v2\/pages\/26\/revisions"}],"predecessor-version":[{"id":1175,"href":"https:\/\/tkg-duisburg.de\/index.php?rest_route=\/wp\/v2\/pages\/26\/revisions\/1175"}],"up":[{"embeddable":true,"href":"https:\/\/tkg-duisburg.de\/index.php?rest_route=\/wp\/v2\/pages\/24"}],"wp:attachment":[{"href":"https:\/\/tkg-duisburg.de\/index.php?rest_route=%2Fwp%2Fv2%2Fmedia&parent=26"}],"curies":[{"name":"wp","href":"https:\/\/api.w.org\/{rel}","templated":true}]}}