{"id":3183,"date":"2018-06-12T17:44:58","date_gmt":"2018-06-12T15:44:58","guid":{"rendered":"http:\/\/tkg-duisburg.de\/?page_id=3183"},"modified":"2018-06-12T17:45:08","modified_gmt":"2018-06-12T15:45:08","slug":"talentscouting-an-der-tkg","status":"publish","type":"page","link":"https:\/\/tkg-duisburg.de\/?page_id=3183","title":{"rendered":"Talentscouting an der TKG"},"content":{"rendered":"<p><b>Talentscout der Universit\u00e4t Duisburg-Essen an der Theodor-K\u00f6nig-Gesamtschule in Duisburg<\/b><\/p>\n<p><img loading=\"lazy\" decoding=\"async\" class=\"aligncenter size-full wp-image-3186\" src=\"https:\/\/tkg-duisburg.de\/wp-content\/uploads\/2018\/06\/Verlinkungsbutton_Schule-im-NRW-Talentscouting.jpg\" alt=\"\" width=\"418\" height=\"192\" srcset=\"https:\/\/tkg-duisburg.de\/wp-content\/uploads\/2018\/06\/Verlinkungsbutton_Schule-im-NRW-Talentscouting.jpg 418w, https:\/\/tkg-duisburg.de\/wp-content\/uploads\/2018\/06\/Verlinkungsbutton_Schule-im-NRW-Talentscouting-300x138.jpg 300w\" sizes=\"auto, (max-width: 418px) 100vw, 418px\" \/><\/p>\n<p>In Deutschland entscheiden oftmals nicht die Talente und F\u00e4higkeiten \u00fcber den Weg in die Hochschule, sondern die famili\u00e4ren Hintergr\u00fcnde. Ein zentrales Ziel des Projektes NRW-Talentscouting ist deshalb, jungen Menschen gleiche Bildungschancen zu erm\u00f6glichen &#8211; unabh\u00e4ngig von der Herkunft, des Bildungshintergrunds oder des Einkommens der Eltern.<span class=\"Apple-converted-space\">\u00a0<\/span><\/p>\n<p>Das nordrhein-westf\u00e4lische Ministerium f\u00fcr Kultur und Wissenschaft (MKW) stellt daf\u00fcr bis 2020 j\u00e4hrlich bis zu 6,4 Millionen Euro zur Verf\u00fcgung. Im Herbst 2016 wurde das Talentscouting auf Hochschulen in ganz NRW ausgeweitet. Aktuell beteiligen sich 14 NRW-Hochschulen an dem Programm (Hochschule Bochum, Ruhr-Universit\u00e4t Bochum, Technische Universit\u00e4t Dortmund, Fachhochschule Dortmund, Universit\u00e4t Duisburg-Essen, Hochschule Ruhr West, Westf\u00e4lische Hochschule, Fachhochschule Aachen, Rheinisch-Westf\u00e4lische Technische Hochschule Aachen, Heinrich-Heine Universit\u00e4t D\u00fcsseldorf, Technische Hochschule K\u00f6ln, Universit\u00e4t zu K\u00f6ln, Hochschule Ostwestfalen-Lippe (f\u00fcr den Hochschulverbund Ostwestfalen-Lippe) und Bergische Universit\u00e4t Wuppertal).<span class=\"Apple-converted-space\">\u00a0<\/span><\/p>\n<p>Die Talentscouts unterst\u00fctzen die Jugendlichen und jungen Erwachsenen in Beratungsgespr\u00e4chen bei der Studien- und Berufsorientierung. Hierzu sind die Scouts regelm\u00e4\u00dfig in den Schulen vor Ort.<span class=\"Apple-converted-space\">\u00a0 <\/span>So werden geeignete Jugendliche ohne akademische Wurzeln ermutigt, sich ein Studium zuzutrauen und dabei unterst\u00fctzt, diesen Weg auch erfolgreich zu bestehen.<span class=\"Apple-converted-space\">\u00a0<\/span><\/p>\n<p>Seit Oktober 2016 kooperiert die Theodor-K\u00f6nig-Gesamtschule nun mit dem Projekt NRW-Talentscouting am Standort der Universit\u00e4t Duisburg-Essen. Ein Kooperationsvertrag wurde am 27.11.2017 geschlossen.<span class=\"Apple-converted-space\">\u00a0<\/span><\/p>\n<p>Am TKG steht Sarah Schr\u00f6ter den Sch\u00fcler*innen mit Rat und Tat zur Seite. Als Talentscout m\u00f6chte sie diese auf ihrem Bildungsweg im \u00dcbergang von der Schule zu Hochschule begleiten, ihre Talente hervorheben, sie motivieren und Orientierung bieten. Dies geschieht in enger Kooperation mit Frau Hiller-Kitzmann, der Abteilungsleiterin der Oberstufe.<span class=\"Apple-converted-space\">\u00a0<\/span><\/p>\n<p><img loading=\"lazy\" decoding=\"async\" class=\"wp-image-3185 alignleft\" src=\"https:\/\/tkg-duisburg.de\/wp-content\/uploads\/2018\/06\/sarah-e1528818243174.png\" alt=\"\" width=\"167\" height=\"260\" \/><\/p>\n<p>Sarah Schr\u00f6ter, Dipl.Soz.Arb.\/Dipl.Soz.P\u00e4d.<\/p>\n<p>Akademisches Beratungs-Zentrum Studium und Beruf<\/p>\n<p>Geibelstr. 41<\/p>\n<p>Raum SG 127<\/p>\n<p>47057 Duisburg<\/p>\n<p>Tel.: 0203\/379-5071<\/p>\n<p>sarah.schroeter@uni-due.de<\/p>\n","protected":false},"excerpt":{"rendered":"<p>Talentscout der Universit\u00e4t Duisburg-Essen an der Theodor-K\u00f6nig-Gesamtschule in Duisburg In Deutschland entscheiden oftmals nicht die Talente und F\u00e4higkeiten \u00fcber den Weg in die Hochschule, sondern die famili\u00e4ren Hintergr\u00fcnde. Ein zentrales Ziel des Projektes NRW-Talentscouting ist deshalb, jungen Menschen gleiche Bildungschancen zu erm\u00f6glichen &#8211; unabh\u00e4ngig von der Herkunft, des Bildungshintergrunds oder des Einkommens der Eltern.\u00a0 Das &hellip; <a href=\"https:\/\/tkg-duisburg.de\/?page_id=3183\" class=\"more-link\"><span class=\"screen-reader-text\">Talentscouting an der TKG<\/span> weiterlesen <span class=\"meta-nav\">&rarr;<\/span><\/a><\/p>\n","protected":false},"author":5,"featured_media":0,"parent":1023,"menu_order":0,"comment_status":"closed","ping_status":"closed","template":"","meta":{"footnotes":""},"class_list":["post-3183","page","type-page","status-publish","hentry"],"yoast_head":"<!-- This site is optimized with the Yoast SEO plugin v22.6 - https:\/\/yoast.com\/wordpress\/plugins\/seo\/ -->\n<title>Talentscouting an der TKG - Theodor K\u00f6nig Gesamtschule Duisburg<\/title>\n<meta name=\"robots\" content=\"index, follow, max-snippet:-1, max-image-preview:large, max-video-preview:-1\" \/>\n<link rel=\"canonical\" href=\"https:\/\/tkg-duisburg.de\/?page_id=3183\" \/>\n<meta property=\"og:locale\" content=\"de_DE\" \/>\n<meta property=\"og:type\" content=\"article\" \/>\n<meta property=\"og:title\" content=\"Talentscouting an der TKG - Theodor K\u00f6nig Gesamtschule Duisburg\" \/>\n<meta property=\"og:description\" content=\"Talentscout der Universit\u00e4t Duisburg-Essen an der Theodor-K\u00f6nig-Gesamtschule in Duisburg In Deutschland entscheiden oftmals nicht die Talente und F\u00e4higkeiten \u00fcber den Weg in die Hochschule, sondern die famili\u00e4ren Hintergr\u00fcnde. Ein zentrales Ziel des Projektes NRW-Talentscouting ist deshalb, jungen Menschen gleiche Bildungschancen zu erm\u00f6glichen &#8211; unabh\u00e4ngig von der Herkunft, des Bildungshintergrunds oder des Einkommens der Eltern.\u00a0 Das &hellip; Talentscouting an der TKG weiterlesen &rarr;\" \/>\n<meta property=\"og:url\" content=\"https:\/\/tkg-duisburg.de\/?page_id=3183\" \/>\n<meta property=\"og:site_name\" content=\"Theodor K\u00f6nig Gesamtschule Duisburg\" \/>\n<meta property=\"article:modified_time\" content=\"2018-06-12T15:45:08+00:00\" \/>\n<meta property=\"og:image\" content=\"http:\/\/tkg-duisburg.de\/wp-content\/uploads\/2018\/06\/Verlinkungsbutton_Schule-im-NRW-Talentscouting.jpg\" \/>\n<meta name=\"twitter:card\" content=\"summary_large_image\" \/>\n<meta name=\"twitter:label1\" content=\"Gesch\u00e4tzte Lesezeit\" \/>\n\t<meta name=\"twitter:data1\" content=\"2\u00a0Minuten\" \/>\n<script type=\"application\/ld+json\" class=\"yoast-schema-graph\">{\"@context\":\"https:\/\/schema.org\",\"@graph\":[{\"@type\":\"WebPage\",\"@id\":\"https:\/\/tkg-duisburg.de\/?page_id=3183\",\"url\":\"https:\/\/tkg-duisburg.de\/?page_id=3183\",\"name\":\"Talentscouting an der TKG - Theodor K\u00f6nig Gesamtschule Duisburg\",\"isPartOf\":{\"@id\":\"https:\/\/tkg-duisburg.de\/#website\"},\"primaryImageOfPage\":{\"@id\":\"https:\/\/tkg-duisburg.de\/?page_id=3183#primaryimage\"},\"image\":{\"@id\":\"https:\/\/tkg-duisburg.de\/?page_id=3183#primaryimage\"},\"thumbnailUrl\":\"http:\/\/tkg-duisburg.de\/wp-content\/uploads\/2018\/06\/Verlinkungsbutton_Schule-im-NRW-Talentscouting.jpg\",\"datePublished\":\"2018-06-12T15:44:58+00:00\",\"dateModified\":\"2018-06-12T15:45:08+00:00\",\"breadcrumb\":{\"@id\":\"https:\/\/tkg-duisburg.de\/?page_id=3183#breadcrumb\"},\"inLanguage\":\"de\",\"potentialAction\":[{\"@type\":\"ReadAction\",\"target\":[\"https:\/\/tkg-duisburg.de\/?page_id=3183\"]}]},{\"@type\":\"ImageObject\",\"inLanguage\":\"de\",\"@id\":\"https:\/\/tkg-duisburg.de\/?page_id=3183#primaryimage\",\"url\":\"http:\/\/tkg-duisburg.de\/wp-content\/uploads\/2018\/06\/Verlinkungsbutton_Schule-im-NRW-Talentscouting.jpg\",\"contentUrl\":\"http:\/\/tkg-duisburg.de\/wp-content\/uploads\/2018\/06\/Verlinkungsbutton_Schule-im-NRW-Talentscouting.jpg\"},{\"@type\":\"BreadcrumbList\",\"@id\":\"https:\/\/tkg-duisburg.de\/?page_id=3183#breadcrumb\",\"itemListElement\":[{\"@type\":\"ListItem\",\"position\":1,\"name\":\"Startseite\",\"item\":\"https:\/\/tkg-duisburg.de\/\"},{\"@type\":\"ListItem\",\"position\":2,\"name\":\"Gymnasiale Oberstufe\",\"item\":\"https:\/\/tkg-duisburg.de\/?page_id=65\"},{\"@type\":\"ListItem\",\"position\":3,\"name\":\"Berufs- und Studienorientierung\",\"item\":\"https:\/\/tkg-duisburg.de\/?page_id=1023\"},{\"@type\":\"ListItem\",\"position\":4,\"name\":\"Talentscouting an der TKG\"}]},{\"@type\":\"WebSite\",\"@id\":\"https:\/\/tkg-duisburg.de\/#website\",\"url\":\"https:\/\/tkg-duisburg.de\/\",\"name\":\"Theodor K\u00f6nig Gesamtschule Duisburg\",\"description\":\"\",\"potentialAction\":[{\"@type\":\"SearchAction\",\"target\":{\"@type\":\"EntryPoint\",\"urlTemplate\":\"https:\/\/tkg-duisburg.de\/?s={search_term_string}\"},\"query-input\":\"required name=search_term_string\"}],\"inLanguage\":\"de\"}]}<\/script>\n<!-- \/ Yoast SEO plugin. -->","yoast_head_json":{"title":"Talentscouting an der TKG - Theodor K\u00f6nig Gesamtschule Duisburg","robots":{"index":"index","follow":"follow","max-snippet":"max-snippet:-1","max-image-preview":"max-image-preview:large","max-video-preview":"max-video-preview:-1"},"canonical":"https:\/\/tkg-duisburg.de\/?page_id=3183","og_locale":"de_DE","og_type":"article","og_title":"Talentscouting an der TKG - Theodor K\u00f6nig Gesamtschule Duisburg","og_description":"Talentscout der Universit\u00e4t Duisburg-Essen an der Theodor-K\u00f6nig-Gesamtschule in Duisburg In Deutschland entscheiden oftmals nicht die Talente und F\u00e4higkeiten \u00fcber den Weg in die Hochschule, sondern die famili\u00e4ren Hintergr\u00fcnde. Ein zentrales Ziel des Projektes NRW-Talentscouting ist deshalb, jungen Menschen gleiche Bildungschancen zu erm\u00f6glichen &#8211; unabh\u00e4ngig von der Herkunft, des Bildungshintergrunds oder des Einkommens der Eltern.\u00a0 Das &hellip; Talentscouting an der TKG weiterlesen &rarr;","og_url":"https:\/\/tkg-duisburg.de\/?page_id=3183","og_site_name":"Theodor K\u00f6nig Gesamtschule Duisburg","article_modified_time":"2018-06-12T15:45:08+00:00","og_image":[{"url":"http:\/\/tkg-duisburg.de\/wp-content\/uploads\/2018\/06\/Verlinkungsbutton_Schule-im-NRW-Talentscouting.jpg"}],"twitter_card":"summary_large_image","twitter_misc":{"Gesch\u00e4tzte Lesezeit":"2\u00a0Minuten"},"schema":{"@context":"https:\/\/schema.org","@graph":[{"@type":"WebPage","@id":"https:\/\/tkg-duisburg.de\/?page_id=3183","url":"https:\/\/tkg-duisburg.de\/?page_id=3183","name":"Talentscouting an der TKG - Theodor K\u00f6nig Gesamtschule Duisburg","isPartOf":{"@id":"https:\/\/tkg-duisburg.de\/#website"},"primaryImageOfPage":{"@id":"https:\/\/tkg-duisburg.de\/?page_id=3183#primaryimage"},"image":{"@id":"https:\/\/tkg-duisburg.de\/?page_id=3183#primaryimage"},"thumbnailUrl":"http:\/\/tkg-duisburg.de\/wp-content\/uploads\/2018\/06\/Verlinkungsbutton_Schule-im-NRW-Talentscouting.jpg","datePublished":"2018-06-12T15:44:58+00:00","dateModified":"2018-06-12T15:45:08+00:00","breadcrumb":{"@id":"https:\/\/tkg-duisburg.de\/?page_id=3183#breadcrumb"},"inLanguage":"de","potentialAction":[{"@type":"ReadAction","target":["https:\/\/tkg-duisburg.de\/?page_id=3183"]}]},{"@type":"ImageObject","inLanguage":"de","@id":"https:\/\/tkg-duisburg.de\/?page_id=3183#primaryimage","url":"http:\/\/tkg-duisburg.de\/wp-content\/uploads\/2018\/06\/Verlinkungsbutton_Schule-im-NRW-Talentscouting.jpg","contentUrl":"http:\/\/tkg-duisburg.de\/wp-content\/uploads\/2018\/06\/Verlinkungsbutton_Schule-im-NRW-Talentscouting.jpg"},{"@type":"BreadcrumbList","@id":"https:\/\/tkg-duisburg.de\/?page_id=3183#breadcrumb","itemListElement":[{"@type":"ListItem","position":1,"name":"Startseite","item":"https:\/\/tkg-duisburg.de\/"},{"@type":"ListItem","position":2,"name":"Gymnasiale Oberstufe","item":"https:\/\/tkg-duisburg.de\/?page_id=65"},{"@type":"ListItem","position":3,"name":"Berufs- und Studienorientierung","item":"https:\/\/tkg-duisburg.de\/?page_id=1023"},{"@type":"ListItem","position":4,"name":"Talentscouting an der TKG"}]},{"@type":"WebSite","@id":"https:\/\/tkg-duisburg.de\/#website","url":"https:\/\/tkg-duisburg.de\/","name":"Theodor K\u00f6nig Gesamtschule Duisburg","description":"","potentialAction":[{"@type":"SearchAction","target":{"@type":"EntryPoint","urlTemplate":"https:\/\/tkg-duisburg.de\/?s={search_term_string}"},"query-input":"required name=search_term_string"}],"inLanguage":"de"}]}},"_links":{"self":[{"href":"https:\/\/tkg-duisburg.de\/index.php?rest_route=\/wp\/v2\/pages\/3183","targetHints":{"allow":["GET"]}}],"collection":[{"href":"https:\/\/tkg-duisburg.de\/index.php?rest_route=\/wp\/v2\/pages"}],"about":[{"href":"https:\/\/tkg-duisburg.de\/index.php?rest_route=\/wp\/v2\/types\/page"}],"author":[{"embeddable":true,"href":"https:\/\/tkg-duisburg.de\/index.php?rest_route=\/wp\/v2\/users\/5"}],"replies":[{"embeddable":true,"href":"https:\/\/tkg-duisburg.de\/index.php?rest_route=%2Fwp%2Fv2%2Fcomments&post=3183"}],"version-history":[{"count":3,"href":"https:\/\/tkg-duisburg.de\/index.php?rest_route=\/wp\/v2\/pages\/3183\/revisions"}],"predecessor-version":[{"id":3188,"href":"https:\/\/tkg-duisburg.de\/index.php?rest_route=\/wp\/v2\/pages\/3183\/revisions\/3188"}],"up":[{"embeddable":true,"href":"https:\/\/tkg-duisburg.de\/index.php?rest_route=\/wp\/v2\/pages\/1023"}],"wp:attachment":[{"href":"https:\/\/tkg-duisburg.de\/index.php?rest_route=%2Fwp%2Fv2%2Fmedia&parent=3183"}],"curies":[{"name":"wp","href":"https:\/\/api.w.org\/{rel}","templated":true}]}}