{"id":3193,"date":"2018-10-29T11:36:55","date_gmt":"2018-10-29T09:36:55","guid":{"rendered":"http:\/\/tkg-duisburg.de\/?page_id=3193"},"modified":"2025-03-14T21:24:03","modified_gmt":"2025-03-14T19:24:03","slug":"datenschutzerklaerung","status":"publish","type":"page","link":"https:\/\/tkg-duisburg.de\/?page_id=3193","title":{"rendered":"Datenschutzerkl\u00e4rung"},"content":{"rendered":"<h1><b>Datenschutzerkl\u00e4rung<\/b><\/h1>\n<p><b>Verantwortlicher und Datenschutzbeauftragter<br \/>\n<\/b><\/p>\n<p>Verantwortlicher gem. Art. 4 Nr. 7 EU-Datenschutz-Grundverordnung (EU-DSGVO) ist<\/p>\n<p style=\"text-align: center;\"><i>Theodor K\u00f6nig Gesamtschule<br \/>\nSchulleiterin: Frau U. Hoppen<\/i><\/p>\n<p style=\"text-align: center;\">M\u00f6hlenkampstr. 10a<br \/>\n47139 Duisburg<\/p>\n<p style=\"text-align: center;\">Kontakt(at)tkg-duisburg.de<\/p>\n<p>Den schulischen Datenschutzbeauftragten erreichen Sie unter \u00a0k.tenner(at)stadt-duisburg.de oder \u00fcber die nachfolgende Postadresse<\/p>\n<p style=\"text-align: center;\"><em>Klaus Tenner<\/em><br \/>\nBeh\u00f6rdlicher Datenschutzbeauftragter f\u00fcr Duisburger Schulen<\/p>\n<p style=\"text-align: center;\">c\/o Krupp-Gymnasium Europaschule<\/p>\n<p style=\"text-align: center;\">Flutweg 62<br \/>\n47228 Duisburg<\/p>\n<p style=\"text-align: center;\">\n<p><b>Ihre Rechte als Nutzer<\/b><\/p>\n<p>Sie haben nach Ma\u00dfgabe der Artikel 15, 16, 17, 18 und 21 EU-DSGVO gegen\u00fcber uns folgende Rechte hinsichtlich der Sie betreffenden personenbezogenen Daten:<span class=\"Apple-converted-space\">\u00a0<\/span><\/p>\n<ul>\n<li>Recht auf Auskunft,<span class=\"Apple-converted-space\">\u00a0<\/span><\/li>\n<li>Recht auf Berichtigung oder L\u00f6schung,<span class=\"Apple-converted-space\">\u00a0<\/span><\/li>\n<li>Recht auf Einschr\u00e4nkung der Verarbeitung,<span class=\"Apple-converted-space\">\u00a0<\/span><\/li>\n<li>Recht auf Widerspruch gegen die Verarbeitung,<span class=\"Apple-converted-space\">\u00a0<\/span><\/li>\n<li>Recht auf Daten\u00fcbertragbarkeit.<\/li>\n<\/ul>\n<p>Wenn Sie der Auffassung sind, dass eine Verarbeitung Ihrer personenbezogener Daten gegen Datenschutzrecht verst\u00f6\u00dft, haben Sie das Recht, sich bei der zust\u00e4ndigen Aufsichtsbeh\u00f6rde zu beschweren, die Sie unter folgenden Kontaktdaten erreichen k\u00f6nnen:<span class=\"Apple-converted-space\">\u00a0<\/span><\/p>\n<p style=\"text-align: center;\"><em>Landesbeauftragte f\u00fcr Datenschutz und Informationsfreiheit<br \/>\nNordrhein-Westfalen<\/em><\/p>\n<p style=\"text-align: center;\">Postfach 20 04 44<br \/>\n40102 D\u00fcsseldorf<\/p>\n<p style=\"text-align: center;\">Tel.: 0211\/38424-0<br \/>\nFax: 0211\/38424-10<\/p>\n<p style=\"text-align: center;\">E-Mail: poststelle@ldi.nrw.de<\/p>\n<p><b>Hinweise zur Datenverarbeitung<span class=\"Apple-converted-space\">\u00a0<\/span><\/b><\/p>\n<p>(1) Bei dem Aufruf unserer Website werden personenbezogene Daten erhoben. Dies ist aus technischen Gr\u00fcnden erforderlich, um Ihnen unsere Website anzuzeigen und die Stabilit\u00e4t und Sicherheit zu gew\u00e4hrleisten. Rechtsgrundlage ist Art. 6 Abs. 1 S. 1 lit. e, Abs. 3 EU-DSGVO in Verbindung mit \u00a7 3 Abs. 1 Datenschutzgesetz Nordrhein-Westfalen (DSG NRW). <span class=\"Apple-converted-space\">\u00a0 <\/span><\/p>\n<p class=\"p1\">Das Internetangebot der Schule wird bei der United Domains GmbH (united-domains.de)<span class=\"s1\">\u00a0<\/span>gehostet. Bei jedem Zugriff auf Inhalte des Internetangebotes werden dort personenbezogene Daten empfangen und vor\u00fcbergehend <i><span class=\"Apple-converted-space\">\u00a0\u00a0<\/span><\/i>\u00fcber sogenannte Protokoll- oder Log-Dateien gespeichert.<\/p>\n<p>Die folgenden Daten werden bei jedem Aufruf der Internetseite erhoben:<span class=\"Apple-converted-space\">\u00a0 \u00a0 <\/span><\/p>\n<p>\u00b7 IP-Adresse<span class=\"Apple-converted-space\">\u00a0<\/span><br \/>\n\u00b7 Datum und Uhrzeit des Abrufs<br \/>\n\u00b7 Inhalt der Anforderung (konkrete Seite)<span class=\"Apple-converted-space\">\u00a0<\/span><br \/>\n\u00b7 Zugriffsstatus\/HTTP-Statuscode<span class=\"Apple-converted-space\">\u00a0<\/span><br \/>\n\u00b7 jeweils \u00fcbertragene Datenmenge<span class=\"Apple-converted-space\">\u00a0<\/span><br \/>\n\u00b7 Website, von der die Anforderung kommt<span class=\"Apple-converted-space\">\u00a0<\/span><br \/>\n\u00b7 Browser<span class=\"Apple-converted-space\">\u00a0<\/span><br \/>\n\u00b7 Betriebssystem und dessen Oberfl\u00e4che<span class=\"Apple-converted-space\">\u00a0<\/span><br \/>\n\u00b7 Sprache und Version der Browsersoftware.<span class=\"Apple-converted-space\">\u00a0<\/span><\/p>\n<p>Wir weisen darauf hin, dass Betreiber von fremden Internetseiten, die vom Portal aus verlinkt werden, die Daten von Besucherinnen bzw. Besuchern dieser Internetseiten erheben und auswerten k\u00f6nnen.<\/p>\n<p>(2) Bei Ihrer Kontaktaufnahme mit uns per E-Mail oder \u00fcber ein Kontaktformular m\u00fcssen die von Ihnen freiwillig mitgeteilten Daten (Ihre E-Mail-Adresse, ggf. Ihr Name und Ihre Telefonnummer) gespeichert werden, um Ihrem Anliegen entgegen kommen zu k\u00f6nnen.<span class=\"Apple-converted-space\">\u00a0<\/span>Rechtsgrundlage ist Art. 6 Abs. 1 S. 1 lit. e, Abs. 3 EU-DSGVO in Verbindung mit \u00a7 3 Abs. 1 Datenschutzgesetz Nordrhein-Westfalen (DSG NRW). <span class=\"Apple-converted-space\">\u00a0 <\/span><\/p>\n<p>Die von Ihnen eingegebenen pers\u00f6nlichen Daten verwenden wir nur zu dem von Ihnen gew\u00fcnschten Zweck. Die in diesem Zusammenhang anfallenden Daten l\u00f6schen wir, nachdem die Speicherung nicht mehr erforderlich ist.<\/p>\n<p><b>Nutzung von Cookies<span class=\"Apple-converted-space\">\u00a0 \u00a0<\/span><\/b><b><\/b><br \/>\nDas Homepage-Angebot verwendet sogenannte \u201eCookies\u201c. Bei Cookies handelt es sich um kleine Textdateien, die auf Ihrem Rechner abgelegt werden und die Ihr Browser speichert. Diese dienen dazu, unser Angebot f\u00fcr Sie nutzerfreundlicher und effektiver zu machen. Rechtsgrundlage ist<span class=\"Apple-converted-space\">\u00a0 <\/span>Art. 6 Abs. 1 S. 1 lit. e, Abs. 3 EU-DSGVO in Verbindung mit \u00a7 3 Abs. 1 Datenschutzgesetz Nordrhein-Westfalen (DSG NRW).<\/p>\n<p>Sie k\u00f6nnen die Verwendung von Cookies dadurch unterbinden, indem Sie Ihren Internetbrowser so einstellen, dass dieser keine Cookies akzeptiert. Sie k\u00f6nnen in Ihrem Browser aber auch festlegen, ob Sie \u00fcber das Setzen von Cookies informiert werden m\u00f6chten und Cookies nur im Einzelfall erlauben, ob Sie die Annahme von Cookies f\u00fcr bestimmte F\u00e4lle oder eben auch generell ausschlie\u00dfen. Au\u00dferdem k\u00f6nnen Sie das automatische L\u00f6schen der Cookies beim Schlie\u00dfen des Browser aktivieren. Wie man das macht, h\u00e4ngt von Ihrem Browser ab.<\/p>\n<p>Beim erstmaligen Besuch des Internetangebotes bzw. einer Seite werden Sie automatisch auf die\u00a0 Cookie-Nutzung hingewiesen.<span class=\"Apple-converted-space\">\u00a0<\/span><\/p>\n","protected":false},"excerpt":{"rendered":"<p>Datenschutzerkl\u00e4rung Verantwortlicher und Datenschutzbeauftragter Verantwortlicher gem. Art. 4 Nr. 7 EU-Datenschutz-Grundverordnung (EU-DSGVO) ist Theodor K\u00f6nig Gesamtschule Schulleiterin: Frau U. Hoppen M\u00f6hlenkampstr. 10a 47139 Duisburg Kontakt(at)tkg-duisburg.de Den schulischen Datenschutzbeauftragten erreichen Sie unter \u00a0k.tenner(at)stadt-duisburg.de oder \u00fcber die nachfolgende Postadresse Klaus Tenner Beh\u00f6rdlicher Datenschutzbeauftragter f\u00fcr Duisburger Schulen c\/o Krupp-Gymnasium Europaschule Flutweg 62 47228 Duisburg Ihre Rechte als Nutzer &hellip; <a href=\"https:\/\/tkg-duisburg.de\/?page_id=3193\" class=\"more-link\"><span class=\"screen-reader-text\">Datenschutzerkl\u00e4rung<\/span> weiterlesen <span class=\"meta-nav\">&rarr;<\/span><\/a><\/p>\n","protected":false},"author":5,"featured_media":0,"parent":0,"menu_order":0,"comment_status":"closed","ping_status":"closed","template":"","meta":{"footnotes":""},"class_list":["post-3193","page","type-page","status-publish","hentry"],"yoast_head":"<!-- This site is optimized with the Yoast SEO plugin v22.6 - https:\/\/yoast.com\/wordpress\/plugins\/seo\/ -->\n<title>Datenschutzerkl\u00e4rung - Theodor K\u00f6nig Gesamtschule Duisburg<\/title>\n<meta name=\"robots\" content=\"index, follow, max-snippet:-1, max-image-preview:large, max-video-preview:-1\" \/>\n<link rel=\"canonical\" href=\"https:\/\/tkg-duisburg.de\/?page_id=3193\" \/>\n<meta property=\"og:locale\" content=\"de_DE\" \/>\n<meta property=\"og:type\" content=\"article\" \/>\n<meta property=\"og:title\" content=\"Datenschutzerkl\u00e4rung - Theodor K\u00f6nig Gesamtschule Duisburg\" \/>\n<meta property=\"og:description\" content=\"Datenschutzerkl\u00e4rung Verantwortlicher und Datenschutzbeauftragter Verantwortlicher gem. Art. 4 Nr. 7 EU-Datenschutz-Grundverordnung (EU-DSGVO) ist Theodor K\u00f6nig Gesamtschule Schulleiterin: Frau U. Hoppen M\u00f6hlenkampstr. 10a 47139 Duisburg Kontakt(at)tkg-duisburg.de Den schulischen Datenschutzbeauftragten erreichen Sie unter \u00a0k.tenner(at)stadt-duisburg.de oder \u00fcber die nachfolgende Postadresse Klaus Tenner Beh\u00f6rdlicher Datenschutzbeauftragter f\u00fcr Duisburger Schulen c\/o Krupp-Gymnasium Europaschule Flutweg 62 47228 Duisburg Ihre Rechte als Nutzer &hellip; Datenschutzerkl\u00e4rung weiterlesen &rarr;\" \/>\n<meta property=\"og:url\" content=\"https:\/\/tkg-duisburg.de\/?page_id=3193\" \/>\n<meta property=\"og:site_name\" content=\"Theodor K\u00f6nig Gesamtschule Duisburg\" \/>\n<meta property=\"article:modified_time\" content=\"2025-03-14T19:24:03+00:00\" \/>\n<meta name=\"twitter:card\" content=\"summary_large_image\" \/>\n<meta name=\"twitter:label1\" content=\"Gesch\u00e4tzte Lesezeit\" \/>\n\t<meta name=\"twitter:data1\" content=\"3\u00a0Minuten\" \/>\n<script type=\"application\/ld+json\" class=\"yoast-schema-graph\">{\"@context\":\"https:\/\/schema.org\",\"@graph\":[{\"@type\":\"WebPage\",\"@id\":\"https:\/\/tkg-duisburg.de\/?page_id=3193\",\"url\":\"https:\/\/tkg-duisburg.de\/?page_id=3193\",\"name\":\"Datenschutzerkl\u00e4rung - Theodor K\u00f6nig Gesamtschule Duisburg\",\"isPartOf\":{\"@id\":\"https:\/\/tkg-duisburg.de\/#website\"},\"datePublished\":\"2018-10-29T09:36:55+00:00\",\"dateModified\":\"2025-03-14T19:24:03+00:00\",\"breadcrumb\":{\"@id\":\"https:\/\/tkg-duisburg.de\/?page_id=3193#breadcrumb\"},\"inLanguage\":\"de\",\"potentialAction\":[{\"@type\":\"ReadAction\",\"target\":[\"https:\/\/tkg-duisburg.de\/?page_id=3193\"]}]},{\"@type\":\"BreadcrumbList\",\"@id\":\"https:\/\/tkg-duisburg.de\/?page_id=3193#breadcrumb\",\"itemListElement\":[{\"@type\":\"ListItem\",\"position\":1,\"name\":\"Startseite\",\"item\":\"https:\/\/tkg-duisburg.de\/\"},{\"@type\":\"ListItem\",\"position\":2,\"name\":\"Datenschutzerkl\u00e4rung\"}]},{\"@type\":\"WebSite\",\"@id\":\"https:\/\/tkg-duisburg.de\/#website\",\"url\":\"https:\/\/tkg-duisburg.de\/\",\"name\":\"Theodor K\u00f6nig Gesamtschule Duisburg\",\"description\":\"\",\"potentialAction\":[{\"@type\":\"SearchAction\",\"target\":{\"@type\":\"EntryPoint\",\"urlTemplate\":\"https:\/\/tkg-duisburg.de\/?s={search_term_string}\"},\"query-input\":\"required name=search_term_string\"}],\"inLanguage\":\"de\"}]}<\/script>\n<!-- \/ Yoast SEO plugin. -->","yoast_head_json":{"title":"Datenschutzerkl\u00e4rung - Theodor K\u00f6nig Gesamtschule Duisburg","robots":{"index":"index","follow":"follow","max-snippet":"max-snippet:-1","max-image-preview":"max-image-preview:large","max-video-preview":"max-video-preview:-1"},"canonical":"https:\/\/tkg-duisburg.de\/?page_id=3193","og_locale":"de_DE","og_type":"article","og_title":"Datenschutzerkl\u00e4rung - Theodor K\u00f6nig Gesamtschule Duisburg","og_description":"Datenschutzerkl\u00e4rung Verantwortlicher und Datenschutzbeauftragter Verantwortlicher gem. Art. 4 Nr. 7 EU-Datenschutz-Grundverordnung (EU-DSGVO) ist Theodor K\u00f6nig Gesamtschule Schulleiterin: Frau U. Hoppen M\u00f6hlenkampstr. 10a 47139 Duisburg Kontakt(at)tkg-duisburg.de Den schulischen Datenschutzbeauftragten erreichen Sie unter \u00a0k.tenner(at)stadt-duisburg.de oder \u00fcber die nachfolgende Postadresse Klaus Tenner Beh\u00f6rdlicher Datenschutzbeauftragter f\u00fcr Duisburger Schulen c\/o Krupp-Gymnasium Europaschule Flutweg 62 47228 Duisburg Ihre Rechte als Nutzer &hellip; Datenschutzerkl\u00e4rung weiterlesen &rarr;","og_url":"https:\/\/tkg-duisburg.de\/?page_id=3193","og_site_name":"Theodor K\u00f6nig Gesamtschule Duisburg","article_modified_time":"2025-03-14T19:24:03+00:00","twitter_card":"summary_large_image","twitter_misc":{"Gesch\u00e4tzte Lesezeit":"3\u00a0Minuten"},"schema":{"@context":"https:\/\/schema.org","@graph":[{"@type":"WebPage","@id":"https:\/\/tkg-duisburg.de\/?page_id=3193","url":"https:\/\/tkg-duisburg.de\/?page_id=3193","name":"Datenschutzerkl\u00e4rung - Theodor K\u00f6nig Gesamtschule Duisburg","isPartOf":{"@id":"https:\/\/tkg-duisburg.de\/#website"},"datePublished":"2018-10-29T09:36:55+00:00","dateModified":"2025-03-14T19:24:03+00:00","breadcrumb":{"@id":"https:\/\/tkg-duisburg.de\/?page_id=3193#breadcrumb"},"inLanguage":"de","potentialAction":[{"@type":"ReadAction","target":["https:\/\/tkg-duisburg.de\/?page_id=3193"]}]},{"@type":"BreadcrumbList","@id":"https:\/\/tkg-duisburg.de\/?page_id=3193#breadcrumb","itemListElement":[{"@type":"ListItem","position":1,"name":"Startseite","item":"https:\/\/tkg-duisburg.de\/"},{"@type":"ListItem","position":2,"name":"Datenschutzerkl\u00e4rung"}]},{"@type":"WebSite","@id":"https:\/\/tkg-duisburg.de\/#website","url":"https:\/\/tkg-duisburg.de\/","name":"Theodor K\u00f6nig Gesamtschule Duisburg","description":"","potentialAction":[{"@type":"SearchAction","target":{"@type":"EntryPoint","urlTemplate":"https:\/\/tkg-duisburg.de\/?s={search_term_string}"},"query-input":"required name=search_term_string"}],"inLanguage":"de"}]}},"_links":{"self":[{"href":"https:\/\/tkg-duisburg.de\/index.php?rest_route=\/wp\/v2\/pages\/3193","targetHints":{"allow":["GET"]}}],"collection":[{"href":"https:\/\/tkg-duisburg.de\/index.php?rest_route=\/wp\/v2\/pages"}],"about":[{"href":"https:\/\/tkg-duisburg.de\/index.php?rest_route=\/wp\/v2\/types\/page"}],"author":[{"embeddable":true,"href":"https:\/\/tkg-duisburg.de\/index.php?rest_route=\/wp\/v2\/users\/5"}],"replies":[{"embeddable":true,"href":"https:\/\/tkg-duisburg.de\/index.php?rest_route=%2Fwp%2Fv2%2Fcomments&post=3193"}],"version-history":[{"count":9,"href":"https:\/\/tkg-duisburg.de\/index.php?rest_route=\/wp\/v2\/pages\/3193\/revisions"}],"predecessor-version":[{"id":8716,"href":"https:\/\/tkg-duisburg.de\/index.php?rest_route=\/wp\/v2\/pages\/3193\/revisions\/8716"}],"wp:attachment":[{"href":"https:\/\/tkg-duisburg.de\/index.php?rest_route=%2Fwp%2Fv2%2Fmedia&parent=3193"}],"curies":[{"name":"wp","href":"https:\/\/api.w.org\/{rel}","templated":true}]}}