{"id":4154,"date":"2019-11-30T15:53:38","date_gmt":"2019-11-30T13:53:38","guid":{"rendered":"http:\/\/tkg-duisburg.de\/?page_id=4154"},"modified":"2019-12-15T12:46:00","modified_gmt":"2019-12-15T10:46:00","slug":"unsere-dependance","status":"publish","type":"page","link":"https:\/\/tkg-duisburg.de\/?page_id=4154","title":{"rendered":"Unsere Dependance"},"content":{"rendered":"\n<p><em>Ein neuer Schulstandort<\/em><\/p>\n\n\n\n<figure class=\"wp-block-image\"><img loading=\"lazy\" decoding=\"async\" width=\"1024\" height=\"827\" src=\"https:\/\/tkg-duisburg.de\/wp-content\/uploads\/2019\/11\/IMG_6886-1024x827.jpg\" alt=\"\" class=\"wp-image-4155\" srcset=\"https:\/\/tkg-duisburg.de\/wp-content\/uploads\/2019\/11\/IMG_6886-1024x827.jpg 1024w, https:\/\/tkg-duisburg.de\/wp-content\/uploads\/2019\/11\/IMG_6886-300x242.jpg 300w\" sizes=\"auto, (max-width: 1024px) 100vw, 1024px\" \/><\/figure>\n\n\n\n<p>Im Sommer 2017 er\u00f6ffnete in den R\u00e4umlichkeiten der ehemaligen Heinrich-B\u00f6ll-Hauptschule die Dependance der Theodor-K\u00f6nig-Gesamtschule. Seitdem werden die Jahrg\u00e4nge 5 und 6 in der Dependance an der Gartstr\u00e4ucherstra\u00dfe unterrichtet. Die Jahrg\u00e4nge 7 bis 13 verbleiben am Hauptstandort an der M\u00f6hlenkampstra\u00dfe.&nbsp;<\/p>\n\n\n\n<p>Der Unterricht an der Dependance, von den Sch\u00fclerinnen und Sch\u00fclern liebevoll \u201ekleine TKG\u201c genannt, gibt den F\u00fcnft- und Sechstkl\u00e4sslern die M\u00f6glichkeit am gro\u00dfen System der Gesamtschule anzukommen. Die R\u00e4umlichkeiten sind \u00fcbersichtlicher, es gibt ein kleineres Lehrerkollegium, welches die Sch\u00fclerinnen und Sch\u00fcler nach kurzer Zeit kennen, und in den Pausen sowie im Nachmittagsbereich kann ganz auf die Bed\u00fcrfnisse der jungen Sch\u00fclerinnen und Sch\u00fcler eingegangen werden.<\/p>\n\n\n\n<figure class=\"wp-block-image\"><img loading=\"lazy\" decoding=\"async\" width=\"1024\" height=\"768\" src=\"https:\/\/tkg-duisburg.de\/wp-content\/uploads\/2019\/11\/IMG_6890-1024x768.jpg\" alt=\"\" class=\"wp-image-4156\" srcset=\"https:\/\/tkg-duisburg.de\/wp-content\/uploads\/2019\/11\/IMG_6890-1024x768.jpg 1024w, https:\/\/tkg-duisburg.de\/wp-content\/uploads\/2019\/11\/IMG_6890-300x225.jpg 300w\" sizes=\"auto, (max-width: 1024px) 100vw, 1024px\" \/><\/figure>\n\n\n\n<p><em>Angebote der Dependance<\/em><\/p>\n\n\n\n<p>Nach der \u00dcbernahme der R\u00e4umlichkeiten gab es umfassende Bauma\u00dfnahmen, sodass die sanit\u00e4ren Anlagen erneuert wurden, der Eingang barrierefrei ist und in weiten Teilen des Geb\u00e4udes WLAN vorhanden ist. Weitere Bauma\u00dfnahmen sind in Planung.<\/p>\n\n\n\n<p>An der Dependance gibt es eine Sch\u00fclerb\u00fccherei und einen Freizeitbereich mit altersgem\u00e4\u00dfen Angeboten. In der Garten-AG k\u00f6nnen die Sch\u00fclerinnen und Sch\u00fcler den Schulhof aktiv mitgestalten.<\/p>\n\n\n\n<figure class=\"wp-block-image\"><img loading=\"lazy\" decoding=\"async\" width=\"1024\" height=\"768\" src=\"https:\/\/tkg-duisburg.de\/wp-content\/uploads\/2019\/11\/IMG_6888-1024x768.jpg\" alt=\"\" class=\"wp-image-4157\" srcset=\"https:\/\/tkg-duisburg.de\/wp-content\/uploads\/2019\/11\/IMG_6888-1024x768.jpg 1024w, https:\/\/tkg-duisburg.de\/wp-content\/uploads\/2019\/11\/IMG_6888-300x225.jpg 300w\" sizes=\"auto, (max-width: 1024px) 100vw, 1024px\" \/><\/figure>\n\n\n\n<p><em>Zusammenarbeit mit dem Hauptstandort<\/em><\/p>\n\n\n\n<p>Nat\u00fcrlich gibt es einen engen Kontakt zum Hauptstandort, der den Sch\u00fclerinnen und Sch\u00fclern in der siebten Klasse den Wechsel erleichtert. So kommen Sch\u00fclerinnen und Sch\u00fcler von der \u201egro\u00dfen TKG\u201c, die zuvor zu Sporthelfern ausgebildet wurden, im Nachmittagsbereich an die Gartstr\u00e4ucherstra\u00dfe, um gemeinsam mit den Sportlehrern Bewegungsangebote zu machen. Diese Kontakte zu \u00e4lteren Sch\u00fclerinnen und Sch\u00fclern sind beim Wechsel zum Hauptstandort wichtig, damit die Sch\u00fclerinnen und Sch\u00fcler sich nicht fremd an der M\u00f6hlenkampstra\u00dfe f\u00fchlen. Nat\u00fcrlich unterrichten viele Lehrerinnen und Lehrer an beiden Standorten, sodass die Sch\u00fclerinnen und Sch\u00fcler auch hier bekannte Gesichter wiedersehen. Als wichtige Bezugsperson wechselt auch mindestens eine Klassenleitung gemeinsam mit den Sch\u00fclerinnen und Sch\u00fclern zum Hauptstandort. Damit wird den Sch\u00fclerinnen und Sch\u00fclern ein St\u00fcck Best\u00e4ndigkeit vermittelt.<\/p>\n\n\n\n<figure class=\"wp-block-image\"><img loading=\"lazy\" decoding=\"async\" width=\"1024\" height=\"768\" src=\"https:\/\/tkg-duisburg.de\/wp-content\/uploads\/2019\/11\/IMG_6887-1024x768.jpg\" alt=\"\" class=\"wp-image-4158\" srcset=\"https:\/\/tkg-duisburg.de\/wp-content\/uploads\/2019\/11\/IMG_6887-1024x768.jpg 1024w, https:\/\/tkg-duisburg.de\/wp-content\/uploads\/2019\/11\/IMG_6887-300x225.jpg 300w\" sizes=\"auto, (max-width: 1024px) 100vw, 1024px\" \/><\/figure>\n\n\n\n<p>Einmal im Jahr kommen dann auch Sch\u00fclerinnen und Sch\u00fcler der Oberstufe an die Gartstr\u00e4ucherstra\u00dfe. Hier findet n\u00e4mlich die j\u00e4hrliche Abiturfeier statt. So schlie\u00dft sich der Kreis von der Einschulung bis zum Abitur an der Dependance der Theodor-K\u00f6nig-Gesamtschule.<br><\/p>\n\n\n\n<ul class=\"wp-block-gallery columns-3 is-cropped wp-block-gallery-1 is-layout-flex wp-block-gallery-is-layout-flex\"><li class=\"blocks-gallery-item\"><figure><img loading=\"lazy\" decoding=\"async\" width=\"1024\" height=\"683\" src=\"https:\/\/tkg-duisburg.de\/wp-content\/uploads\/2019\/12\/IMG_1545-1024x683.jpg\" alt=\"\" data-id=\"4179\" data-link=\"https:\/\/tkg-duisburg.de\/?attachment_id=4179\" class=\"wp-image-4179\" srcset=\"https:\/\/tkg-duisburg.de\/wp-content\/uploads\/2019\/12\/IMG_1545-1024x683.jpg 1024w, https:\/\/tkg-duisburg.de\/wp-content\/uploads\/2019\/12\/IMG_1545-300x200.jpg 300w\" sizes=\"auto, (max-width: 1024px) 100vw, 1024px\" \/><\/figure><\/li><li class=\"blocks-gallery-item\"><figure><img loading=\"lazy\" decoding=\"async\" width=\"1024\" height=\"683\" src=\"https:\/\/tkg-duisburg.de\/wp-content\/uploads\/2019\/12\/IMG_1554-1024x683.jpg\" alt=\"\" data-id=\"4178\" data-link=\"https:\/\/tkg-duisburg.de\/?attachment_id=4178\" class=\"wp-image-4178\" srcset=\"https:\/\/tkg-duisburg.de\/wp-content\/uploads\/2019\/12\/IMG_1554-1024x683.jpg 1024w, https:\/\/tkg-duisburg.de\/wp-content\/uploads\/2019\/12\/IMG_1554-300x200.jpg 300w\" sizes=\"auto, (max-width: 1024px) 100vw, 1024px\" \/><\/figure><\/li><li class=\"blocks-gallery-item\"><figure><img loading=\"lazy\" decoding=\"async\" width=\"1024\" height=\"683\" src=\"https:\/\/tkg-duisburg.de\/wp-content\/uploads\/2019\/12\/IMG_1570-1024x683.jpg\" alt=\"\" data-id=\"4177\" data-link=\"https:\/\/tkg-duisburg.de\/?attachment_id=4177\" class=\"wp-image-4177\" srcset=\"https:\/\/tkg-duisburg.de\/wp-content\/uploads\/2019\/12\/IMG_1570-1024x683.jpg 1024w, https:\/\/tkg-duisburg.de\/wp-content\/uploads\/2019\/12\/IMG_1570-300x200.jpg 300w\" sizes=\"auto, (max-width: 1024px) 100vw, 1024px\" \/><\/figure><\/li><li class=\"blocks-gallery-item\"><figure><img loading=\"lazy\" decoding=\"async\" width=\"1024\" height=\"683\" src=\"https:\/\/tkg-duisburg.de\/wp-content\/uploads\/2019\/12\/IMG_1573-1024x683.jpg\" alt=\"\" data-id=\"4181\" data-link=\"https:\/\/tkg-duisburg.de\/?attachment_id=4181\" class=\"wp-image-4181\" srcset=\"https:\/\/tkg-duisburg.de\/wp-content\/uploads\/2019\/12\/IMG_1573-1024x683.jpg 1024w, https:\/\/tkg-duisburg.de\/wp-content\/uploads\/2019\/12\/IMG_1573-300x200.jpg 300w\" sizes=\"auto, (max-width: 1024px) 100vw, 1024px\" \/><\/figure><\/li><li class=\"blocks-gallery-item\"><figure><img loading=\"lazy\" decoding=\"async\" width=\"1024\" height=\"683\" src=\"https:\/\/tkg-duisburg.de\/wp-content\/uploads\/2019\/12\/IMG_1547-1024x683.jpg\" alt=\"\" data-id=\"4182\" data-link=\"https:\/\/tkg-duisburg.de\/?attachment_id=4182\" class=\"wp-image-4182\" srcset=\"https:\/\/tkg-duisburg.de\/wp-content\/uploads\/2019\/12\/IMG_1547-1024x683.jpg 1024w, https:\/\/tkg-duisburg.de\/wp-content\/uploads\/2019\/12\/IMG_1547-300x200.jpg 300w\" sizes=\"auto, (max-width: 1024px) 100vw, 1024px\" \/><\/figure><\/li><\/ul>\n","protected":false},"excerpt":{"rendered":"<p>Ein neuer Schulstandort Im Sommer 2017 er\u00f6ffnete in den R\u00e4umlichkeiten der ehemaligen Heinrich-B\u00f6ll-Hauptschule die Dependance der Theodor-K\u00f6nig-Gesamtschule. Seitdem werden die Jahrg\u00e4nge 5 und 6 in der Dependance an der Gartstr\u00e4ucherstra\u00dfe unterrichtet. Die Jahrg\u00e4nge 7 bis 13 verbleiben am Hauptstandort an der M\u00f6hlenkampstra\u00dfe.&nbsp; Der Unterricht an der Dependance, von den Sch\u00fclerinnen und Sch\u00fclern liebevoll \u201ekleine TKG\u201c &hellip; <a href=\"https:\/\/tkg-duisburg.de\/?page_id=4154\" class=\"more-link\"><span class=\"screen-reader-text\">Unsere Dependance<\/span> weiterlesen <span class=\"meta-nav\">&rarr;<\/span><\/a><\/p>\n","protected":false},"author":1,"featured_media":0,"parent":13,"menu_order":0,"comment_status":"closed","ping_status":"closed","template":"","meta":{"footnotes":""},"class_list":["post-4154","page","type-page","status-publish","hentry"],"yoast_head":"<!-- This site is optimized with the Yoast SEO plugin v22.6 - https:\/\/yoast.com\/wordpress\/plugins\/seo\/ -->\n<title>Unsere Dependance - Theodor K\u00f6nig Gesamtschule Duisburg<\/title>\n<meta name=\"robots\" content=\"index, follow, max-snippet:-1, max-image-preview:large, max-video-preview:-1\" \/>\n<link rel=\"canonical\" href=\"https:\/\/tkg-duisburg.de\/?page_id=4154\" \/>\n<meta property=\"og:locale\" content=\"de_DE\" \/>\n<meta property=\"og:type\" content=\"article\" \/>\n<meta property=\"og:title\" content=\"Unsere Dependance - Theodor K\u00f6nig Gesamtschule Duisburg\" \/>\n<meta property=\"og:description\" content=\"Ein neuer Schulstandort Im Sommer 2017 er\u00f6ffnete in den R\u00e4umlichkeiten der ehemaligen Heinrich-B\u00f6ll-Hauptschule die Dependance der Theodor-K\u00f6nig-Gesamtschule. Seitdem werden die Jahrg\u00e4nge 5 und 6 in der Dependance an der Gartstr\u00e4ucherstra\u00dfe unterrichtet. Die Jahrg\u00e4nge 7 bis 13 verbleiben am Hauptstandort an der M\u00f6hlenkampstra\u00dfe.&nbsp; Der Unterricht an der Dependance, von den Sch\u00fclerinnen und Sch\u00fclern liebevoll \u201ekleine TKG\u201c &hellip; Unsere Dependance weiterlesen &rarr;\" \/>\n<meta property=\"og:url\" content=\"https:\/\/tkg-duisburg.de\/?page_id=4154\" \/>\n<meta property=\"og:site_name\" content=\"Theodor K\u00f6nig Gesamtschule Duisburg\" \/>\n<meta property=\"article:modified_time\" content=\"2019-12-15T10:46:00+00:00\" \/>\n<meta property=\"og:image\" content=\"https:\/\/tkg-duisburg.de\/wp-content\/uploads\/2019\/11\/IMG_6886-1024x827.jpg\" \/>\n<meta name=\"twitter:card\" content=\"summary_large_image\" \/>\n<meta name=\"twitter:label1\" content=\"Gesch\u00e4tzte Lesezeit\" \/>\n\t<meta name=\"twitter:data1\" content=\"2\u00a0Minuten\" \/>\n<script type=\"application\/ld+json\" class=\"yoast-schema-graph\">{\"@context\":\"https:\/\/schema.org\",\"@graph\":[{\"@type\":\"WebPage\",\"@id\":\"https:\/\/tkg-duisburg.de\/?page_id=4154\",\"url\":\"https:\/\/tkg-duisburg.de\/?page_id=4154\",\"name\":\"Unsere Dependance - Theodor K\u00f6nig Gesamtschule Duisburg\",\"isPartOf\":{\"@id\":\"https:\/\/tkg-duisburg.de\/#website\"},\"primaryImageOfPage\":{\"@id\":\"https:\/\/tkg-duisburg.de\/?page_id=4154#primaryimage\"},\"image\":{\"@id\":\"https:\/\/tkg-duisburg.de\/?page_id=4154#primaryimage\"},\"thumbnailUrl\":\"https:\/\/tkg-duisburg.de\/wp-content\/uploads\/2019\/11\/IMG_6886-1024x827.jpg\",\"datePublished\":\"2019-11-30T13:53:38+00:00\",\"dateModified\":\"2019-12-15T10:46:00+00:00\",\"breadcrumb\":{\"@id\":\"https:\/\/tkg-duisburg.de\/?page_id=4154#breadcrumb\"},\"inLanguage\":\"de\",\"potentialAction\":[{\"@type\":\"ReadAction\",\"target\":[\"https:\/\/tkg-duisburg.de\/?page_id=4154\"]}]},{\"@type\":\"ImageObject\",\"inLanguage\":\"de\",\"@id\":\"https:\/\/tkg-duisburg.de\/?page_id=4154#primaryimage\",\"url\":\"https:\/\/tkg-duisburg.de\/wp-content\/uploads\/2019\/11\/IMG_6886.jpg\",\"contentUrl\":\"https:\/\/tkg-duisburg.de\/wp-content\/uploads\/2019\/11\/IMG_6886.jpg\",\"width\":2972,\"height\":2401},{\"@type\":\"BreadcrumbList\",\"@id\":\"https:\/\/tkg-duisburg.de\/?page_id=4154#breadcrumb\",\"itemListElement\":[{\"@type\":\"ListItem\",\"position\":1,\"name\":\"Startseite\",\"item\":\"https:\/\/tkg-duisburg.de\/\"},{\"@type\":\"ListItem\",\"position\":2,\"name\":\"Schulgel\u00e4nde\/Geb\u00e4ude\/ Ausstattung\",\"item\":\"https:\/\/tkg-duisburg.de\/?page_id=13\"},{\"@type\":\"ListItem\",\"position\":3,\"name\":\"Unsere Dependance\"}]},{\"@type\":\"WebSite\",\"@id\":\"https:\/\/tkg-duisburg.de\/#website\",\"url\":\"https:\/\/tkg-duisburg.de\/\",\"name\":\"Theodor K\u00f6nig Gesamtschule Duisburg\",\"description\":\"\",\"potentialAction\":[{\"@type\":\"SearchAction\",\"target\":{\"@type\":\"EntryPoint\",\"urlTemplate\":\"https:\/\/tkg-duisburg.de\/?s={search_term_string}\"},\"query-input\":\"required name=search_term_string\"}],\"inLanguage\":\"de\"}]}<\/script>\n<!-- \/ Yoast SEO plugin. -->","yoast_head_json":{"title":"Unsere Dependance - Theodor K\u00f6nig Gesamtschule Duisburg","robots":{"index":"index","follow":"follow","max-snippet":"max-snippet:-1","max-image-preview":"max-image-preview:large","max-video-preview":"max-video-preview:-1"},"canonical":"https:\/\/tkg-duisburg.de\/?page_id=4154","og_locale":"de_DE","og_type":"article","og_title":"Unsere Dependance - Theodor K\u00f6nig Gesamtschule Duisburg","og_description":"Ein neuer Schulstandort Im Sommer 2017 er\u00f6ffnete in den R\u00e4umlichkeiten der ehemaligen Heinrich-B\u00f6ll-Hauptschule die Dependance der Theodor-K\u00f6nig-Gesamtschule. Seitdem werden die Jahrg\u00e4nge 5 und 6 in der Dependance an der Gartstr\u00e4ucherstra\u00dfe unterrichtet. Die Jahrg\u00e4nge 7 bis 13 verbleiben am Hauptstandort an der M\u00f6hlenkampstra\u00dfe.&nbsp; Der Unterricht an der Dependance, von den Sch\u00fclerinnen und Sch\u00fclern liebevoll \u201ekleine TKG\u201c &hellip; Unsere Dependance weiterlesen &rarr;","og_url":"https:\/\/tkg-duisburg.de\/?page_id=4154","og_site_name":"Theodor K\u00f6nig Gesamtschule Duisburg","article_modified_time":"2019-12-15T10:46:00+00:00","og_image":[{"url":"https:\/\/tkg-duisburg.de\/wp-content\/uploads\/2019\/11\/IMG_6886-1024x827.jpg"}],"twitter_card":"summary_large_image","twitter_misc":{"Gesch\u00e4tzte Lesezeit":"2\u00a0Minuten"},"schema":{"@context":"https:\/\/schema.org","@graph":[{"@type":"WebPage","@id":"https:\/\/tkg-duisburg.de\/?page_id=4154","url":"https:\/\/tkg-duisburg.de\/?page_id=4154","name":"Unsere Dependance - Theodor K\u00f6nig Gesamtschule Duisburg","isPartOf":{"@id":"https:\/\/tkg-duisburg.de\/#website"},"primaryImageOfPage":{"@id":"https:\/\/tkg-duisburg.de\/?page_id=4154#primaryimage"},"image":{"@id":"https:\/\/tkg-duisburg.de\/?page_id=4154#primaryimage"},"thumbnailUrl":"https:\/\/tkg-duisburg.de\/wp-content\/uploads\/2019\/11\/IMG_6886-1024x827.jpg","datePublished":"2019-11-30T13:53:38+00:00","dateModified":"2019-12-15T10:46:00+00:00","breadcrumb":{"@id":"https:\/\/tkg-duisburg.de\/?page_id=4154#breadcrumb"},"inLanguage":"de","potentialAction":[{"@type":"ReadAction","target":["https:\/\/tkg-duisburg.de\/?page_id=4154"]}]},{"@type":"ImageObject","inLanguage":"de","@id":"https:\/\/tkg-duisburg.de\/?page_id=4154#primaryimage","url":"https:\/\/tkg-duisburg.de\/wp-content\/uploads\/2019\/11\/IMG_6886.jpg","contentUrl":"https:\/\/tkg-duisburg.de\/wp-content\/uploads\/2019\/11\/IMG_6886.jpg","width":2972,"height":2401},{"@type":"BreadcrumbList","@id":"https:\/\/tkg-duisburg.de\/?page_id=4154#breadcrumb","itemListElement":[{"@type":"ListItem","position":1,"name":"Startseite","item":"https:\/\/tkg-duisburg.de\/"},{"@type":"ListItem","position":2,"name":"Schulgel\u00e4nde\/Geb\u00e4ude\/ Ausstattung","item":"https:\/\/tkg-duisburg.de\/?page_id=13"},{"@type":"ListItem","position":3,"name":"Unsere Dependance"}]},{"@type":"WebSite","@id":"https:\/\/tkg-duisburg.de\/#website","url":"https:\/\/tkg-duisburg.de\/","name":"Theodor K\u00f6nig Gesamtschule Duisburg","description":"","potentialAction":[{"@type":"SearchAction","target":{"@type":"EntryPoint","urlTemplate":"https:\/\/tkg-duisburg.de\/?s={search_term_string}"},"query-input":"required name=search_term_string"}],"inLanguage":"de"}]}},"_links":{"self":[{"href":"https:\/\/tkg-duisburg.de\/index.php?rest_route=\/wp\/v2\/pages\/4154","targetHints":{"allow":["GET"]}}],"collection":[{"href":"https:\/\/tkg-duisburg.de\/index.php?rest_route=\/wp\/v2\/pages"}],"about":[{"href":"https:\/\/tkg-duisburg.de\/index.php?rest_route=\/wp\/v2\/types\/page"}],"author":[{"embeddable":true,"href":"https:\/\/tkg-duisburg.de\/index.php?rest_route=\/wp\/v2\/users\/1"}],"replies":[{"embeddable":true,"href":"https:\/\/tkg-duisburg.de\/index.php?rest_route=%2Fwp%2Fv2%2Fcomments&post=4154"}],"version-history":[{"count":3,"href":"https:\/\/tkg-duisburg.de\/index.php?rest_route=\/wp\/v2\/pages\/4154\/revisions"}],"predecessor-version":[{"id":4185,"href":"https:\/\/tkg-duisburg.de\/index.php?rest_route=\/wp\/v2\/pages\/4154\/revisions\/4185"}],"up":[{"embeddable":true,"href":"https:\/\/tkg-duisburg.de\/index.php?rest_route=\/wp\/v2\/pages\/13"}],"wp:attachment":[{"href":"https:\/\/tkg-duisburg.de\/index.php?rest_route=%2Fwp%2Fv2%2Fmedia&parent=4154"}],"curies":[{"name":"wp","href":"https:\/\/api.w.org\/{rel}","templated":true}]}}