{"id":55,"date":"2014-01-02T14:18:08","date_gmt":"2014-01-02T12:18:08","guid":{"rendered":"http:\/\/tkg-duisburg.de\/?page_id=55"},"modified":"2023-02-26T20:52:49","modified_gmt":"2023-02-26T18:52:49","slug":"berufswahl","status":"publish","type":"page","link":"https:\/\/tkg-duisburg.de\/?page_id=55","title":{"rendered":"Linksammlung Berufswahl"},"content":{"rendered":"<div class=\"wp-block-image\">\n<figure class=\"aligncenter size-large is-resized\"><img loading=\"lazy\" decoding=\"async\" src=\"https:\/\/tkg-duisburg.de\/wp-content\/uploads\/2023\/02\/rubber-duck-g97a5ce4f8_1920-1024x683.jpg\" alt=\"\" class=\"wp-image-7622\" width=\"526\" height=\"350\" srcset=\"https:\/\/tkg-duisburg.de\/wp-content\/uploads\/2023\/02\/rubber-duck-g97a5ce4f8_1920-1024x683.jpg 1024w, https:\/\/tkg-duisburg.de\/wp-content\/uploads\/2023\/02\/rubber-duck-g97a5ce4f8_1920-300x200.jpg 300w, https:\/\/tkg-duisburg.de\/wp-content\/uploads\/2023\/02\/rubber-duck-g97a5ce4f8_1920-1536x1024.jpg 1536w, https:\/\/tkg-duisburg.de\/wp-content\/uploads\/2023\/02\/rubber-duck-g97a5ce4f8_1920.jpg 1920w\" sizes=\"auto, (max-width: 526px) 100vw, 526px\" \/><\/figure>\n<\/div>\n\n\n<p>F\u00fcr die <strong>Theodor-K\u00f6nig-Gesamtschule<\/strong> hat die Berufswahlvorbereitung einen ganz hohen Stellenwert. Sehr fr\u00fch werden die Sch\u00fclerinnen und Sch\u00fcler im Unterricht mit Themen aus der Berufswelt und mit konkreten Berufen und Berufsfeldern bekannt gemacht.<\/p>\n\n\n\n<p>Das Berufsorientierungscurriculum der Theodor K\u00f6nig Gesamtschule bietet einen genauen \u00dcberblick \u00fcber unsere Ma\u00dfnahmen zur Berufswahl im Allgemeinen und in den einzelnen F\u00e4chern. Hier geht es zum <a href=\"https:\/\/tkg-duisburg.de\/?page_id=3980\" data-type=\"page\" data-id=\"3980\">Berufsorientierungscurriculum<\/a><\/p>\n\n\n\n<hr class=\"wp-block-separator has-alpha-channel-opacity\"\/>\n\n\n\n<p>&#8222;<strong>Und wie geht es weiter?<\/strong>&#8222;<\/p>\n\n\n\n<p>Die zentralen Abschlusspr\u00fcfungen am Ende der zehnten Klasse sind geschafft. Und dann? Ausbildung? Praktikum? Oder doch Oberstufe und Abitur?<\/p>\n\n\n\n<p>&#8222;Und wenn ich das Abi in der Tasche habe?&#8220; Direkt ins Studium oder doch vielleicht erst eine Ausbildung? Erfahrungen sammeln im Rahmen eines Auslandsaufenthaltes?<\/p>\n\n\n\n<p>Es gibt tausend M\u00f6glichkeiten und oft beginnt der Weg zun\u00e4chst damit, sich erst einmal gut zu informieren.<\/p>\n\n\n\n<p><\/p>\n\n\n<div class=\"wp-block-image\">\n<figure class=\"aligncenter size-large is-resized\"><img loading=\"lazy\" decoding=\"async\" src=\"https:\/\/tkg-duisburg.de\/wp-content\/uploads\/2023\/02\/training-gc7ca77248_1920-1024x405.jpg\" alt=\"\" class=\"wp-image-7617\" width=\"614\" height=\"242\" srcset=\"https:\/\/tkg-duisburg.de\/wp-content\/uploads\/2023\/02\/training-gc7ca77248_1920-1024x405.jpg 1024w, https:\/\/tkg-duisburg.de\/wp-content\/uploads\/2023\/02\/training-gc7ca77248_1920-300x119.jpg 300w, https:\/\/tkg-duisburg.de\/wp-content\/uploads\/2023\/02\/training-gc7ca77248_1920-1536x608.jpg 1536w, https:\/\/tkg-duisburg.de\/wp-content\/uploads\/2023\/02\/training-gc7ca77248_1920.jpg 1920w\" sizes=\"auto, (max-width: 614px) 100vw, 614px\" \/><\/figure>\n<\/div>\n\n\n<p>Hier haben wir Links gesammelt, um euch bei eurem &#8222;Projekt Zukunft&#8220;, also den ersten Schritten nach der Schule zu unterst\u00fctzen:<\/p>\n\n\n\n<p>Hilfestellungen und Antworten zu den <strong>zentralen Abschlusspr\u00fcfungen am Ende der zehnten Klasse<\/strong> findet ihr z.B. hier:<\/p>\n\n\n\n<ul class=\"wp-block-list\"><li><a href=\"http:\/\/www.standardsicherung.schulministerium.nrw.de\/zp10\/\" target=\"_blank\" rel=\"noopener\">Schulministerium NRW<\/a><\/li><\/ul>\n\n\n\n<hr class=\"wp-block-separator has-alpha-channel-opacity\"\/>\n\n\n\n<p>F\u00fcr hilfreiche Tipps w\u00e4hrend der Suche nach dem <strong>passenden Studien-\/Praktikums- oder Ausbildungsplatz<\/strong> schaut doch einmal hier vorbei:<\/p>\n\n\n\n<ul class=\"wp-block-list\"><li><a rel=\"noopener\" href=\"http:\/\/www.berufsorientierung-nrw.de\/start\/\" target=\"_blank\">www.berufsorientierung.nrw.de<\/a><\/li><li><a rel=\"noopener\" href=\"http:\/\/www.startblock.info\" target=\"_blank\">www.startblock.info<\/a><\/li><li><a rel=\"noopener\" href=\"http:\/\/www.arbeitsagentur.de\" target=\"_blank\">www.arbeitsagentur.de<\/a><\/li><li><a rel=\"noopener\" href=\"http:\/\/www.planet-beruf.de\/Schueler.5.0.html\" target=\"_blank\">www.planet-beruf.de<\/a><\/li><li><a rel=\"noopener\" href=\"http:\/\/www.aubi-plus.de\" target=\"_blank\">www.aubi-plus.de<\/a><\/li><li><a rel=\"noopener\" href=\"http:\/\/www.ausbildung-plus.de\/html\/42.php\" target=\"_blank\">www.ausbildung-plus.de<\/a><\/li><li>Angebote des Onlineportals Jobb\u00f6rse &#8211;  <a href=\"http:\/\/jobb\u00f6rse.de\">Stellenangebote<\/a> &#8211; <a href=\"https:\/\/www.jobb\u00f6rse-stellenangebote.de\/praktikum\/\">Praktikumspl\u00e4tze<\/a> &#8211; <a href=\"https:\/\/www.jobb\u00f6rse-stellenangebote.de\/berufsbereich\/\">Beruforientierung<\/a> &#8211; <a href=\"https:\/\/www.jobb\u00f6rse-stellenangebote.de\/ausbildung\/\">Ausbildungspl\u00e4tze<\/a><\/li><\/ul>\n\n\n\n<hr class=\"wp-block-separator has-alpha-channel-opacity\"\/>\n\n\n\n<p>F\u00fcr die Zeit nach dem bestandenen Abitur werdet ihr dar\u00fcber hinaus hier f\u00fcndig:<\/p>\n\n\n\n<ul class=\"wp-block-list\"><li><a href=\"http:\/\/www.studifinder.de\" target=\"_blank\" rel=\"noopener\">www.studifinder.de<\/a><\/li><li><a href=\"http:\/\/www.unischnuppern.de\" target=\"_blank\" rel=\"noopener\">www.unischnuppern.de<\/a><\/li><li><a href=\"http:\/\/www.hochschule-ist-zukunft.de\/\" target=\"_blank\" rel=\"noopener\">www.hochschule-ist-zukunft.de<\/a><\/li><li><a href=\"http:\/\/www.polizei.nrw.de\/kategorie__21.html\" target=\"_blank\" rel=\"noopener\">www.polizei.nrw.de<\/a><\/li><li><a href=\"http:\/\/www.abitur-und-studium.de\" target=\"_blank\" rel=\"noopener\">www.abitur-und-studium.de<\/a><\/li><li><a href=\"http:\/\/www.abi.biz-medien.de\" target=\"_blank\" rel=\"noopener\">www.abi.biz-medien.de<\/a><\/li><li><a href=\"http:\/\/www.ausbildung-plus.de\" target=\"_blank\" rel=\"noopener\">www.ausbildung-plus.de<\/a><\/li><li><a href=\"http:\/\/www.berufswahl.de\" target=\"_blank\" rel=\"noopener\">www.berufswahl.de<\/a><\/li><li><a href=\"http:\/\/www.abiq.de\" target=\"_blank\" rel=\"noopener\">www.abiq.de<\/a><\/li><\/ul>\n\n\n\n<ul class=\"wp-block-list\"><li><a href=\"http:\/\/www.studienwahl.de\" target=\"_blank\" rel=\"noopener\">www.studienwahl.de<\/a><\/li><li><a href=\"http:\/\/Jobtensor.com\/studium\">jobtensor.com\/studium<\/a><\/li><\/ul>\n\n\n\n<hr class=\"wp-block-separator has-alpha-channel-opacity\"\/>\n\n\n\n<p>Damit unsere Homepage m\u00f6glichst viele n\u00fctzliche Informationen beinhaltet, seid ihr auf diesen Seiten dazu eingeladen, bei der Aktualisierung tatkr\u00e4ftig mitzuhelfen:<\/p>\n\n\n\n<p>Schickt interessante Links und Kommentare oder auch Erfahrungsberichte, die hier ver\u00f6ffentlicht werden sollen, an: <span style=\"color: #0000ff;\">ausbildung(at)tkg-duisburg.de<\/span><\/p>\n","protected":false},"excerpt":{"rendered":"<p>F\u00fcr die Theodor-K\u00f6nig-Gesamtschule hat die Berufswahlvorbereitung einen ganz hohen Stellenwert. Sehr fr\u00fch werden die Sch\u00fclerinnen und Sch\u00fcler im Unterricht mit Themen aus der Berufswelt und mit konkreten Berufen und Berufsfeldern bekannt gemacht. Das Berufsorientierungscurriculum der Theodor K\u00f6nig Gesamtschule bietet einen genauen \u00dcberblick \u00fcber unsere Ma\u00dfnahmen zur Berufswahl im Allgemeinen und in den einzelnen F\u00e4chern. Hier &hellip; <a href=\"https:\/\/tkg-duisburg.de\/?page_id=55\" class=\"more-link\"><span class=\"screen-reader-text\">Linksammlung Berufswahl<\/span> weiterlesen <span class=\"meta-nav\">&rarr;<\/span><\/a><\/p>\n","protected":false},"author":1,"featured_media":0,"parent":0,"menu_order":4,"comment_status":"closed","ping_status":"open","template":"","meta":{"footnotes":""},"class_list":["post-55","page","type-page","status-publish","hentry"],"yoast_head":"<!-- This site is optimized with the Yoast SEO plugin v22.6 - https:\/\/yoast.com\/wordpress\/plugins\/seo\/ -->\n<title>Linksammlung Berufswahl - Theodor K\u00f6nig Gesamtschule Duisburg<\/title>\n<meta name=\"robots\" content=\"index, follow, max-snippet:-1, max-image-preview:large, max-video-preview:-1\" \/>\n<link rel=\"canonical\" href=\"https:\/\/tkg-duisburg.de\/?page_id=55\" \/>\n<meta property=\"og:locale\" content=\"de_DE\" \/>\n<meta property=\"og:type\" content=\"article\" \/>\n<meta property=\"og:title\" content=\"Linksammlung Berufswahl - Theodor K\u00f6nig Gesamtschule Duisburg\" \/>\n<meta property=\"og:description\" content=\"F\u00fcr die Theodor-K\u00f6nig-Gesamtschule hat die Berufswahlvorbereitung einen ganz hohen Stellenwert. Sehr fr\u00fch werden die Sch\u00fclerinnen und Sch\u00fcler im Unterricht mit Themen aus der Berufswelt und mit konkreten Berufen und Berufsfeldern bekannt gemacht. Das Berufsorientierungscurriculum der Theodor K\u00f6nig Gesamtschule bietet einen genauen \u00dcberblick \u00fcber unsere Ma\u00dfnahmen zur Berufswahl im Allgemeinen und in den einzelnen F\u00e4chern. Hier &hellip; Linksammlung Berufswahl weiterlesen &rarr;\" \/>\n<meta property=\"og:url\" content=\"https:\/\/tkg-duisburg.de\/?page_id=55\" \/>\n<meta property=\"og:site_name\" content=\"Theodor K\u00f6nig Gesamtschule Duisburg\" \/>\n<meta property=\"article:modified_time\" content=\"2023-02-26T18:52:49+00:00\" \/>\n<meta property=\"og:image\" content=\"https:\/\/tkg-duisburg.de\/wp-content\/uploads\/2023\/02\/rubber-duck-g97a5ce4f8_1920-1024x683.jpg\" \/>\n<meta name=\"twitter:card\" content=\"summary_large_image\" \/>\n<meta name=\"twitter:label1\" content=\"Gesch\u00e4tzte Lesezeit\" \/>\n\t<meta name=\"twitter:data1\" content=\"2\u00a0Minuten\" \/>\n<script type=\"application\/ld+json\" class=\"yoast-schema-graph\">{\"@context\":\"https:\/\/schema.org\",\"@graph\":[{\"@type\":\"WebPage\",\"@id\":\"https:\/\/tkg-duisburg.de\/?page_id=55\",\"url\":\"https:\/\/tkg-duisburg.de\/?page_id=55\",\"name\":\"Linksammlung Berufswahl - Theodor K\u00f6nig Gesamtschule Duisburg\",\"isPartOf\":{\"@id\":\"https:\/\/tkg-duisburg.de\/#website\"},\"primaryImageOfPage\":{\"@id\":\"https:\/\/tkg-duisburg.de\/?page_id=55#primaryimage\"},\"image\":{\"@id\":\"https:\/\/tkg-duisburg.de\/?page_id=55#primaryimage\"},\"thumbnailUrl\":\"https:\/\/tkg-duisburg.de\/wp-content\/uploads\/2023\/02\/rubber-duck-g97a5ce4f8_1920-1024x683.jpg\",\"datePublished\":\"2014-01-02T12:18:08+00:00\",\"dateModified\":\"2023-02-26T18:52:49+00:00\",\"breadcrumb\":{\"@id\":\"https:\/\/tkg-duisburg.de\/?page_id=55#breadcrumb\"},\"inLanguage\":\"de\",\"potentialAction\":[{\"@type\":\"ReadAction\",\"target\":[\"https:\/\/tkg-duisburg.de\/?page_id=55\"]}]},{\"@type\":\"ImageObject\",\"inLanguage\":\"de\",\"@id\":\"https:\/\/tkg-duisburg.de\/?page_id=55#primaryimage\",\"url\":\"https:\/\/tkg-duisburg.de\/wp-content\/uploads\/2023\/02\/rubber-duck-g97a5ce4f8_1920.jpg\",\"contentUrl\":\"https:\/\/tkg-duisburg.de\/wp-content\/uploads\/2023\/02\/rubber-duck-g97a5ce4f8_1920.jpg\",\"width\":1920,\"height\":1280},{\"@type\":\"BreadcrumbList\",\"@id\":\"https:\/\/tkg-duisburg.de\/?page_id=55#breadcrumb\",\"itemListElement\":[{\"@type\":\"ListItem\",\"position\":1,\"name\":\"Startseite\",\"item\":\"https:\/\/tkg-duisburg.de\/\"},{\"@type\":\"ListItem\",\"position\":2,\"name\":\"Linksammlung Berufswahl\"}]},{\"@type\":\"WebSite\",\"@id\":\"https:\/\/tkg-duisburg.de\/#website\",\"url\":\"https:\/\/tkg-duisburg.de\/\",\"name\":\"Theodor K\u00f6nig Gesamtschule Duisburg\",\"description\":\"\",\"potentialAction\":[{\"@type\":\"SearchAction\",\"target\":{\"@type\":\"EntryPoint\",\"urlTemplate\":\"https:\/\/tkg-duisburg.de\/?s={search_term_string}\"},\"query-input\":\"required name=search_term_string\"}],\"inLanguage\":\"de\"}]}<\/script>\n<!-- \/ Yoast SEO plugin. -->","yoast_head_json":{"title":"Linksammlung Berufswahl - Theodor K\u00f6nig Gesamtschule Duisburg","robots":{"index":"index","follow":"follow","max-snippet":"max-snippet:-1","max-image-preview":"max-image-preview:large","max-video-preview":"max-video-preview:-1"},"canonical":"https:\/\/tkg-duisburg.de\/?page_id=55","og_locale":"de_DE","og_type":"article","og_title":"Linksammlung Berufswahl - Theodor K\u00f6nig Gesamtschule Duisburg","og_description":"F\u00fcr die Theodor-K\u00f6nig-Gesamtschule hat die Berufswahlvorbereitung einen ganz hohen Stellenwert. Sehr fr\u00fch werden die Sch\u00fclerinnen und Sch\u00fcler im Unterricht mit Themen aus der Berufswelt und mit konkreten Berufen und Berufsfeldern bekannt gemacht. Das Berufsorientierungscurriculum der Theodor K\u00f6nig Gesamtschule bietet einen genauen \u00dcberblick \u00fcber unsere Ma\u00dfnahmen zur Berufswahl im Allgemeinen und in den einzelnen F\u00e4chern. Hier &hellip; Linksammlung Berufswahl weiterlesen &rarr;","og_url":"https:\/\/tkg-duisburg.de\/?page_id=55","og_site_name":"Theodor K\u00f6nig Gesamtschule Duisburg","article_modified_time":"2023-02-26T18:52:49+00:00","og_image":[{"url":"https:\/\/tkg-duisburg.de\/wp-content\/uploads\/2023\/02\/rubber-duck-g97a5ce4f8_1920-1024x683.jpg"}],"twitter_card":"summary_large_image","twitter_misc":{"Gesch\u00e4tzte Lesezeit":"2\u00a0Minuten"},"schema":{"@context":"https:\/\/schema.org","@graph":[{"@type":"WebPage","@id":"https:\/\/tkg-duisburg.de\/?page_id=55","url":"https:\/\/tkg-duisburg.de\/?page_id=55","name":"Linksammlung Berufswahl - Theodor K\u00f6nig Gesamtschule Duisburg","isPartOf":{"@id":"https:\/\/tkg-duisburg.de\/#website"},"primaryImageOfPage":{"@id":"https:\/\/tkg-duisburg.de\/?page_id=55#primaryimage"},"image":{"@id":"https:\/\/tkg-duisburg.de\/?page_id=55#primaryimage"},"thumbnailUrl":"https:\/\/tkg-duisburg.de\/wp-content\/uploads\/2023\/02\/rubber-duck-g97a5ce4f8_1920-1024x683.jpg","datePublished":"2014-01-02T12:18:08+00:00","dateModified":"2023-02-26T18:52:49+00:00","breadcrumb":{"@id":"https:\/\/tkg-duisburg.de\/?page_id=55#breadcrumb"},"inLanguage":"de","potentialAction":[{"@type":"ReadAction","target":["https:\/\/tkg-duisburg.de\/?page_id=55"]}]},{"@type":"ImageObject","inLanguage":"de","@id":"https:\/\/tkg-duisburg.de\/?page_id=55#primaryimage","url":"https:\/\/tkg-duisburg.de\/wp-content\/uploads\/2023\/02\/rubber-duck-g97a5ce4f8_1920.jpg","contentUrl":"https:\/\/tkg-duisburg.de\/wp-content\/uploads\/2023\/02\/rubber-duck-g97a5ce4f8_1920.jpg","width":1920,"height":1280},{"@type":"BreadcrumbList","@id":"https:\/\/tkg-duisburg.de\/?page_id=55#breadcrumb","itemListElement":[{"@type":"ListItem","position":1,"name":"Startseite","item":"https:\/\/tkg-duisburg.de\/"},{"@type":"ListItem","position":2,"name":"Linksammlung Berufswahl"}]},{"@type":"WebSite","@id":"https:\/\/tkg-duisburg.de\/#website","url":"https:\/\/tkg-duisburg.de\/","name":"Theodor K\u00f6nig Gesamtschule Duisburg","description":"","potentialAction":[{"@type":"SearchAction","target":{"@type":"EntryPoint","urlTemplate":"https:\/\/tkg-duisburg.de\/?s={search_term_string}"},"query-input":"required name=search_term_string"}],"inLanguage":"de"}]}},"_links":{"self":[{"href":"https:\/\/tkg-duisburg.de\/index.php?rest_route=\/wp\/v2\/pages\/55","targetHints":{"allow":["GET"]}}],"collection":[{"href":"https:\/\/tkg-duisburg.de\/index.php?rest_route=\/wp\/v2\/pages"}],"about":[{"href":"https:\/\/tkg-duisburg.de\/index.php?rest_route=\/wp\/v2\/types\/page"}],"author":[{"embeddable":true,"href":"https:\/\/tkg-duisburg.de\/index.php?rest_route=\/wp\/v2\/users\/1"}],"replies":[{"embeddable":true,"href":"https:\/\/tkg-duisburg.de\/index.php?rest_route=%2Fwp%2Fv2%2Fcomments&post=55"}],"version-history":[{"count":26,"href":"https:\/\/tkg-duisburg.de\/index.php?rest_route=\/wp\/v2\/pages\/55\/revisions"}],"predecessor-version":[{"id":7634,"href":"https:\/\/tkg-duisburg.de\/index.php?rest_route=\/wp\/v2\/pages\/55\/revisions\/7634"}],"wp:attachment":[{"href":"https:\/\/tkg-duisburg.de\/index.php?rest_route=%2Fwp%2Fv2%2Fmedia&parent=55"}],"curies":[{"name":"wp","href":"https:\/\/api.w.org\/{rel}","templated":true}]}}