{"id":65,"date":"2014-01-02T14:20:54","date_gmt":"2014-01-02T12:20:54","guid":{"rendered":"http:\/\/tkg-duisburg.de\/?page_id=65"},"modified":"2014-10-31T22:46:51","modified_gmt":"2014-10-31T20:46:51","slug":"gymnasiale-oberstufe","status":"publish","type":"page","link":"https:\/\/tkg-duisburg.de\/?page_id=65","title":{"rendered":"Gymnasiale Oberstufe"},"content":{"rendered":"<p style=\"text-align: justify;\">\u201eDie Sch\u00fclerinnen und Sch\u00fcler da abholen, wo sie stehen und zu ihrem bestm\u00f6glichen Schulabschluss f\u00fchren\u201c, dieser Pr\u00e4misse folgen wir auch in der Oberstufe und so werden seit dem Jahr 2000 an unserer Schule erfolgreiche Abiturpr\u00fcfungen abgelegt.<\/p>\n<p style=\"text-align: justify;\">Unsere gymnasiale Oberstufe wird nach den f\u00fcr alle gymnasialen Oberstufen g\u00fcltigen Richtlinien gef\u00fchrt und endet nach der Jahrgangsstufe Q 2 mit den zentralen Abiturpr\u00fcfungen und dem Erwerb der Allgemeinen Hochschulreife, dem Abitur.<\/p>\n<p style=\"text-align: justify;\">Seit dem Start unserer Oberstufe im Jahr 2000 konnten wir unser Kursangebot dank steigender Sch\u00fclerzahlen stetig ausbauen und verbessern und k\u00f6nnen \u00fcber ein konstantes Kursangebot sicherstellen, dass kein(e) Oberstufensch\u00fcler(in) im Falle einer Wiederholung die Schule wechseln muss.<\/p>\n<p style=\"text-align: justify;\">Zurzeit besuchen in jedem Schuljahr etwa 230 Sch\u00fclerinnen und Sch\u00fcler die drei Jahrg\u00e4nge unserer Oberstufe. Ganz wichtig ist uns eine individuelle Betreuung und Beratung. Insbesondere unsere Sch\u00fclerinnen und Sch\u00fcler sch\u00e4tzen diese \u201efamili\u00e4re Atmosph\u00e4re\u201c, die Zeit und Raum auch f\u00fcr pers\u00f6nliche Gespr\u00e4che bietet.<\/p>\n<figure id=\"attachment_857\" aria-describedby=\"caption-attachment-857\" style=\"width: 289px\" class=\"wp-caption alignright\"><a href=\"https:\/\/tkg-duisburg.de\/wp-content\/uploads\/2014\/01\/abitur-2013.jpg\"><img loading=\"lazy\" decoding=\"async\" class=\"wp-image-857\" src=\"https:\/\/tkg-duisburg.de\/wp-content\/uploads\/2014\/01\/abitur-2013.jpg\" alt=\"abitur 2013\" width=\"289\" height=\"166\" srcset=\"https:\/\/tkg-duisburg.de\/wp-content\/uploads\/2014\/01\/abitur-2013.jpg 709w, https:\/\/tkg-duisburg.de\/wp-content\/uploads\/2014\/01\/abitur-2013-300x172.jpg 300w\" sizes=\"auto, (max-width: 289px) 100vw, 289px\" \/><\/a><figcaption id=\"caption-attachment-857\" class=\"wp-caption-text\">Abitur 2013<\/figcaption><\/figure>\n<p style=\"text-align: justify;\">Pers\u00f6nliche Beratung und Betreuung geh\u00f6ren zu den Grundprinzipien unserer Arbeit in der Oberstufe, um so unsere Sch\u00fclerinnen und Sch\u00fcler einerseits zu ihrem bestm\u00f6glichen Abschluss zu f\u00fchren und andererseits in ihrer pers\u00f6nlichen Entwicklung zu f\u00f6rdern und zu st\u00fctzen.<\/p>\n<p style=\"text-align: justify;\">Unser Beratungsteam \u2013 die Abteilungsleitung und der\/die f\u00fcr den jeweiligen Jahrgang zust\u00e4ndige Beratungslehrer\/in \u2013 steht den Sch\u00fclerinnen und Sch\u00fclern daher nicht nur in laufbahnrechtlichen Fragen zur Seite, sondern sieht einen Schwerpunkt seiner Arbeit in der Reaktion auf bestehende Probleme und Schwierigkeiten und der Entwicklung von geeigneten Pr\u00e4ventivma\u00dfnahmen.<\/p>\n<figure id=\"attachment_858\" aria-describedby=\"caption-attachment-858\" style=\"width: 291px\" class=\"wp-caption alignleft\"><a href=\"https:\/\/tkg-duisburg.de\/wp-content\/uploads\/2014\/01\/sii-2009.jpg\"><img loading=\"lazy\" decoding=\"async\" class=\"size-full wp-image-858\" src=\"https:\/\/tkg-duisburg.de\/wp-content\/uploads\/2014\/01\/sii-2009.jpg\" alt=\"Unsere Oberstufe 2009\" width=\"291\" height=\"218\" \/><\/a><figcaption id=\"caption-attachment-858\" class=\"wp-caption-text\">Unsere Oberstufe 2009<\/figcaption><\/figure>\n<p>&nbsp;<\/p>\n<p>Unsere Oberstufe k\u00f6nnen alle Sch\u00fclerinnen und Sch\u00fclern besuchen, die an unserer Schule, einer Haupt- oder Realschule, am Gymnasium oder Berufskolleg die Fachhochschulreife mit Qualifikations-vermerk (FOR Q) erworben haben.<\/p>\n<p>&nbsp;<\/p>\n<p>&nbsp;<\/p>\n<p>Um den Sch\u00fclerinnen und Sch\u00fclern den Einstieg in das Leben und das Kurssystem der Oberstufe zu erleichtern<\/p>\n<ul style=\"text-align: justify;\">\n<li>findet vor den Sommerferien der Br\u00fcckenkurs statt,<\/li>\n<li>werden in der EF Klassen gebildet,<\/li>\n<li>findet zu Beginn der Q 1 die Stufenfahrt des gesamten Jahrgangs statt.<\/li>\n<\/ul>\n<figure id=\"attachment_652\" aria-describedby=\"caption-attachment-652\" style=\"width: 240px\" class=\"wp-caption alignright\"><a href=\"https:\/\/tkg-duisburg.de\/wp-content\/uploads\/2014\/01\/neubau.jpg\"><img loading=\"lazy\" decoding=\"async\" class=\"wp-image-652 size-full\" src=\"https:\/\/tkg-duisburg.de\/wp-content\/uploads\/2014\/01\/neubau.jpg\" alt=\"Pausenhof Oberstufe\" width=\"240\" height=\"180\" \/><\/a><figcaption id=\"caption-attachment-652\" class=\"wp-caption-text\">Pausenhof Oberstufe<\/figcaption><\/figure>\n<p style=\"text-align: justify;\">Interesse f\u00fcr den anderen, respektvoller Umgang, gegenseitige Wertsch\u00e4tzung und das soziale Miteinander bilden die tragenden S\u00e4ulen unserer erfolgreichen Arbeit in der Oberstufe, wie u.a. die geringe Durchfallquote bei den Abiturpr\u00fcfungen und die guten Notendurchschnitte zeigen.<\/p>\n<p style=\"text-align: justify;\">\n<p style=\"text-align: justify;\">Cordula Hiller-Kitzmann,<\/p>\n<p style=\"text-align: justify;\">Abteilungsleiterin Oberstufe<\/p>\n<hr \/>\n<p>Weiter zu&#8230;<\/p>\n<p><a title=\"F\u00e4cherbasar und Br\u00fcckenkurs\" href=\"https:\/\/tkg-duisburg.de\/?page_id=865\">F\u00e4cherbasar und Br\u00fcckenkurs<\/a><\/p>\n<p><a title=\"Gliederung der Oberstufe und Kursangebot\" href=\"https:\/\/tkg-duisburg.de\/?page_id=907\">Gliederung Sekundarstufe II und Kursangebot<\/a><\/p>\n<p><a title=\"Berufs- und Studienorientierung\" href=\"https:\/\/tkg-duisburg.de\/?page_id=1023\">Berufs- und Studienorientierung<\/a><\/p>\n","protected":false},"excerpt":{"rendered":"<p>\u201eDie Sch\u00fclerinnen und Sch\u00fcler da abholen, wo sie stehen und zu ihrem bestm\u00f6glichen Schulabschluss f\u00fchren\u201c, dieser Pr\u00e4misse folgen wir auch in der Oberstufe und so werden seit dem Jahr 2000 an unserer Schule erfolgreiche Abiturpr\u00fcfungen abgelegt. Unsere gymnasiale Oberstufe wird nach den f\u00fcr alle gymnasialen Oberstufen g\u00fcltigen Richtlinien gef\u00fchrt und endet nach der Jahrgangsstufe Q &hellip; <a href=\"https:\/\/tkg-duisburg.de\/?page_id=65\" class=\"more-link\"><span class=\"screen-reader-text\">Gymnasiale Oberstufe<\/span> weiterlesen <span class=\"meta-nav\">&rarr;<\/span><\/a><\/p>\n","protected":false},"author":1,"featured_media":0,"parent":0,"menu_order":2,"comment_status":"closed","ping_status":"open","template":"","meta":{"footnotes":""},"class_list":["post-65","page","type-page","status-publish","hentry"],"yoast_head":"<!-- This site is optimized with the Yoast SEO plugin v22.6 - https:\/\/yoast.com\/wordpress\/plugins\/seo\/ -->\n<title>Gymnasiale Oberstufe - Theodor K\u00f6nig Gesamtschule Duisburg<\/title>\n<meta name=\"robots\" content=\"index, follow, max-snippet:-1, max-image-preview:large, max-video-preview:-1\" \/>\n<link rel=\"canonical\" href=\"https:\/\/tkg-duisburg.de\/?page_id=65\" \/>\n<meta property=\"og:locale\" content=\"de_DE\" \/>\n<meta property=\"og:type\" content=\"article\" \/>\n<meta property=\"og:title\" content=\"Gymnasiale Oberstufe - Theodor K\u00f6nig Gesamtschule Duisburg\" \/>\n<meta property=\"og:description\" content=\"\u201eDie Sch\u00fclerinnen und Sch\u00fcler da abholen, wo sie stehen und zu ihrem bestm\u00f6glichen Schulabschluss f\u00fchren\u201c, dieser Pr\u00e4misse folgen wir auch in der Oberstufe und so werden seit dem Jahr 2000 an unserer Schule erfolgreiche Abiturpr\u00fcfungen abgelegt. Unsere gymnasiale Oberstufe wird nach den f\u00fcr alle gymnasialen Oberstufen g\u00fcltigen Richtlinien gef\u00fchrt und endet nach der Jahrgangsstufe Q &hellip; Gymnasiale Oberstufe weiterlesen &rarr;\" \/>\n<meta property=\"og:url\" content=\"https:\/\/tkg-duisburg.de\/?page_id=65\" \/>\n<meta property=\"og:site_name\" content=\"Theodor K\u00f6nig Gesamtschule Duisburg\" \/>\n<meta property=\"article:modified_time\" content=\"2014-10-31T20:46:51+00:00\" \/>\n<meta property=\"og:image\" content=\"http:\/\/tkg-duisburg.de\/wp-content\/uploads\/2014\/01\/abitur-2013.jpg\" \/>\n<meta name=\"twitter:card\" content=\"summary_large_image\" \/>\n<meta name=\"twitter:label1\" content=\"Gesch\u00e4tzte Lesezeit\" \/>\n\t<meta name=\"twitter:data1\" content=\"2\u00a0Minuten\" \/>\n<script type=\"application\/ld+json\" class=\"yoast-schema-graph\">{\"@context\":\"https:\/\/schema.org\",\"@graph\":[{\"@type\":\"WebPage\",\"@id\":\"https:\/\/tkg-duisburg.de\/?page_id=65\",\"url\":\"https:\/\/tkg-duisburg.de\/?page_id=65\",\"name\":\"Gymnasiale Oberstufe - Theodor K\u00f6nig Gesamtschule Duisburg\",\"isPartOf\":{\"@id\":\"https:\/\/tkg-duisburg.de\/#website\"},\"primaryImageOfPage\":{\"@id\":\"https:\/\/tkg-duisburg.de\/?page_id=65#primaryimage\"},\"image\":{\"@id\":\"https:\/\/tkg-duisburg.de\/?page_id=65#primaryimage\"},\"thumbnailUrl\":\"http:\/\/tkg-duisburg.de\/wp-content\/uploads\/2014\/01\/abitur-2013.jpg\",\"datePublished\":\"2014-01-02T12:20:54+00:00\",\"dateModified\":\"2014-10-31T20:46:51+00:00\",\"breadcrumb\":{\"@id\":\"https:\/\/tkg-duisburg.de\/?page_id=65#breadcrumb\"},\"inLanguage\":\"de\",\"potentialAction\":[{\"@type\":\"ReadAction\",\"target\":[\"https:\/\/tkg-duisburg.de\/?page_id=65\"]}]},{\"@type\":\"ImageObject\",\"inLanguage\":\"de\",\"@id\":\"https:\/\/tkg-duisburg.de\/?page_id=65#primaryimage\",\"url\":\"http:\/\/tkg-duisburg.de\/wp-content\/uploads\/2014\/01\/abitur-2013.jpg\",\"contentUrl\":\"http:\/\/tkg-duisburg.de\/wp-content\/uploads\/2014\/01\/abitur-2013.jpg\"},{\"@type\":\"BreadcrumbList\",\"@id\":\"https:\/\/tkg-duisburg.de\/?page_id=65#breadcrumb\",\"itemListElement\":[{\"@type\":\"ListItem\",\"position\":1,\"name\":\"Startseite\",\"item\":\"https:\/\/tkg-duisburg.de\/\"},{\"@type\":\"ListItem\",\"position\":2,\"name\":\"Gymnasiale Oberstufe\"}]},{\"@type\":\"WebSite\",\"@id\":\"https:\/\/tkg-duisburg.de\/#website\",\"url\":\"https:\/\/tkg-duisburg.de\/\",\"name\":\"Theodor K\u00f6nig Gesamtschule Duisburg\",\"description\":\"\",\"potentialAction\":[{\"@type\":\"SearchAction\",\"target\":{\"@type\":\"EntryPoint\",\"urlTemplate\":\"https:\/\/tkg-duisburg.de\/?s={search_term_string}\"},\"query-input\":\"required name=search_term_string\"}],\"inLanguage\":\"de\"}]}<\/script>\n<!-- \/ Yoast SEO plugin. -->","yoast_head_json":{"title":"Gymnasiale Oberstufe - Theodor K\u00f6nig Gesamtschule Duisburg","robots":{"index":"index","follow":"follow","max-snippet":"max-snippet:-1","max-image-preview":"max-image-preview:large","max-video-preview":"max-video-preview:-1"},"canonical":"https:\/\/tkg-duisburg.de\/?page_id=65","og_locale":"de_DE","og_type":"article","og_title":"Gymnasiale Oberstufe - Theodor K\u00f6nig Gesamtschule Duisburg","og_description":"\u201eDie Sch\u00fclerinnen und Sch\u00fcler da abholen, wo sie stehen und zu ihrem bestm\u00f6glichen Schulabschluss f\u00fchren\u201c, dieser Pr\u00e4misse folgen wir auch in der Oberstufe und so werden seit dem Jahr 2000 an unserer Schule erfolgreiche Abiturpr\u00fcfungen abgelegt. Unsere gymnasiale Oberstufe wird nach den f\u00fcr alle gymnasialen Oberstufen g\u00fcltigen Richtlinien gef\u00fchrt und endet nach der Jahrgangsstufe Q &hellip; Gymnasiale Oberstufe weiterlesen &rarr;","og_url":"https:\/\/tkg-duisburg.de\/?page_id=65","og_site_name":"Theodor K\u00f6nig Gesamtschule Duisburg","article_modified_time":"2014-10-31T20:46:51+00:00","og_image":[{"url":"http:\/\/tkg-duisburg.de\/wp-content\/uploads\/2014\/01\/abitur-2013.jpg"}],"twitter_card":"summary_large_image","twitter_misc":{"Gesch\u00e4tzte Lesezeit":"2\u00a0Minuten"},"schema":{"@context":"https:\/\/schema.org","@graph":[{"@type":"WebPage","@id":"https:\/\/tkg-duisburg.de\/?page_id=65","url":"https:\/\/tkg-duisburg.de\/?page_id=65","name":"Gymnasiale Oberstufe - Theodor K\u00f6nig Gesamtschule Duisburg","isPartOf":{"@id":"https:\/\/tkg-duisburg.de\/#website"},"primaryImageOfPage":{"@id":"https:\/\/tkg-duisburg.de\/?page_id=65#primaryimage"},"image":{"@id":"https:\/\/tkg-duisburg.de\/?page_id=65#primaryimage"},"thumbnailUrl":"http:\/\/tkg-duisburg.de\/wp-content\/uploads\/2014\/01\/abitur-2013.jpg","datePublished":"2014-01-02T12:20:54+00:00","dateModified":"2014-10-31T20:46:51+00:00","breadcrumb":{"@id":"https:\/\/tkg-duisburg.de\/?page_id=65#breadcrumb"},"inLanguage":"de","potentialAction":[{"@type":"ReadAction","target":["https:\/\/tkg-duisburg.de\/?page_id=65"]}]},{"@type":"ImageObject","inLanguage":"de","@id":"https:\/\/tkg-duisburg.de\/?page_id=65#primaryimage","url":"http:\/\/tkg-duisburg.de\/wp-content\/uploads\/2014\/01\/abitur-2013.jpg","contentUrl":"http:\/\/tkg-duisburg.de\/wp-content\/uploads\/2014\/01\/abitur-2013.jpg"},{"@type":"BreadcrumbList","@id":"https:\/\/tkg-duisburg.de\/?page_id=65#breadcrumb","itemListElement":[{"@type":"ListItem","position":1,"name":"Startseite","item":"https:\/\/tkg-duisburg.de\/"},{"@type":"ListItem","position":2,"name":"Gymnasiale Oberstufe"}]},{"@type":"WebSite","@id":"https:\/\/tkg-duisburg.de\/#website","url":"https:\/\/tkg-duisburg.de\/","name":"Theodor K\u00f6nig Gesamtschule Duisburg","description":"","potentialAction":[{"@type":"SearchAction","target":{"@type":"EntryPoint","urlTemplate":"https:\/\/tkg-duisburg.de\/?s={search_term_string}"},"query-input":"required name=search_term_string"}],"inLanguage":"de"}]}},"_links":{"self":[{"href":"https:\/\/tkg-duisburg.de\/index.php?rest_route=\/wp\/v2\/pages\/65","targetHints":{"allow":["GET"]}}],"collection":[{"href":"https:\/\/tkg-duisburg.de\/index.php?rest_route=\/wp\/v2\/pages"}],"about":[{"href":"https:\/\/tkg-duisburg.de\/index.php?rest_route=\/wp\/v2\/types\/page"}],"author":[{"embeddable":true,"href":"https:\/\/tkg-duisburg.de\/index.php?rest_route=\/wp\/v2\/users\/1"}],"replies":[{"embeddable":true,"href":"https:\/\/tkg-duisburg.de\/index.php?rest_route=%2Fwp%2Fv2%2Fcomments&post=65"}],"version-history":[{"count":25,"href":"https:\/\/tkg-duisburg.de\/index.php?rest_route=\/wp\/v2\/pages\/65\/revisions"}],"predecessor-version":[{"id":1255,"href":"https:\/\/tkg-duisburg.de\/index.php?rest_route=\/wp\/v2\/pages\/65\/revisions\/1255"}],"wp:attachment":[{"href":"https:\/\/tkg-duisburg.de\/index.php?rest_route=%2Fwp%2Fv2%2Fmedia&parent=65"}],"curies":[{"name":"wp","href":"https:\/\/api.w.org\/{rel}","templated":true}]}}