{"id":7830,"date":"2023-07-22T17:36:25","date_gmt":"2023-07-22T15:36:25","guid":{"rendered":"https:\/\/tkg-duisburg.de\/?page_id=7830"},"modified":"2023-07-22T17:36:27","modified_gmt":"2023-07-22T15:36:27","slug":"demokratiestunde-klassenrat","status":"publish","type":"page","link":"https:\/\/tkg-duisburg.de\/?page_id=7830","title":{"rendered":"Demokratiestunde\/ Klassenrat"},"content":{"rendered":"\n<p>Hier finden\/t Sie\/ Ihr Informationen zum Konzept der Demokratiestunde\/ des Klassenrats an der TKG<\/p>\n\n\n\n<figure class=\"wp-block-image size-full\"><img loading=\"lazy\" decoding=\"async\" width=\"800\" height=\"584\" src=\"https:\/\/tkg-duisburg.de\/wp-content\/uploads\/2023\/07\/image.png\" alt=\"\" class=\"wp-image-7831\" srcset=\"https:\/\/tkg-duisburg.de\/wp-content\/uploads\/2023\/07\/image.png 800w, https:\/\/tkg-duisburg.de\/wp-content\/uploads\/2023\/07\/image-300x219.png 300w\" sizes=\"auto, (max-width: 800px) 100vw, 800px\" \/><\/figure>\n\n\n\n<p>Die Funktion des Klassenrates<\/p>\n\n\n\n<figure class=\"wp-block-image size-full\"><img loading=\"lazy\" decoding=\"async\" width=\"724\" height=\"542\" src=\"https:\/\/tkg-duisburg.de\/wp-content\/uploads\/2023\/07\/image-1.png\" alt=\"\" class=\"wp-image-7832\" srcset=\"https:\/\/tkg-duisburg.de\/wp-content\/uploads\/2023\/07\/image-1.png 724w, https:\/\/tkg-duisburg.de\/wp-content\/uploads\/2023\/07\/image-1-300x225.png 300w\" sizes=\"auto, (max-width: 724px) 100vw, 724px\" \/><\/figure>\n\n\n<div class=\"wp-block-image\">\n<figure class=\"alignleft size-large is-resized\"><img loading=\"lazy\" decoding=\"async\" src=\"https:\/\/tkg-duisburg.de\/wp-content\/uploads\/2023\/07\/image-2-1024x770.png\" alt=\"\" class=\"wp-image-7833\" width=\"324\" height=\"243\" srcset=\"https:\/\/tkg-duisburg.de\/wp-content\/uploads\/2023\/07\/image-2-1024x770.png 1024w, https:\/\/tkg-duisburg.de\/wp-content\/uploads\/2023\/07\/image-2-300x225.png 300w, https:\/\/tkg-duisburg.de\/wp-content\/uploads\/2023\/07\/image-2.png 1320w\" sizes=\"auto, (max-width: 324px) 100vw, 324px\" \/><\/figure>\n<\/div>\n\n<div class=\"wp-block-image\">\n<figure class=\"alignright size-large is-resized\"><img loading=\"lazy\" decoding=\"async\" src=\"https:\/\/tkg-duisburg.de\/wp-content\/uploads\/2023\/07\/image-3-1024x767.png\" alt=\"\" class=\"wp-image-7834\" width=\"278\" height=\"208\" srcset=\"https:\/\/tkg-duisburg.de\/wp-content\/uploads\/2023\/07\/image-3-1024x767.png 1024w, https:\/\/tkg-duisburg.de\/wp-content\/uploads\/2023\/07\/image-3-300x225.png 300w, https:\/\/tkg-duisburg.de\/wp-content\/uploads\/2023\/07\/image-3.png 1384w\" sizes=\"auto, (max-width: 278px) 100vw, 278px\" \/><\/figure>\n<\/div>\n\n\n<figure class=\"wp-block-image size-large\"><img loading=\"lazy\" decoding=\"async\" width=\"1024\" height=\"767\" src=\"https:\/\/tkg-duisburg.de\/wp-content\/uploads\/2023\/07\/image-4-1024x767.png\" alt=\"\" class=\"wp-image-7835\" srcset=\"https:\/\/tkg-duisburg.de\/wp-content\/uploads\/2023\/07\/image-4-1024x767.png 1024w, https:\/\/tkg-duisburg.de\/wp-content\/uploads\/2023\/07\/image-4-300x225.png 300w, https:\/\/tkg-duisburg.de\/wp-content\/uploads\/2023\/07\/image-4.png 1356w\" sizes=\"auto, (max-width: 1024px) 100vw, 1024px\" \/><\/figure>\n\n\n\n<p><strong>P\u00e4dagogische Ziele<\/strong><\/p>\n\n\n\n<ul class=\"wp-block-list\"><li>Soziales Lernen<\/li><li>Aneignung sozialer Kompetenzen<\/li><li>St\u00e4rkung des Selbstvertrauens<\/li><li>Umgang mit Konflikten (Lernen \u201erichtig\u201c zu streiten)<\/li><li>Ein\u00fcben von <strong>Gewaltfreier Kommunikation\u00a0<\/strong><\/li><\/ul>\n\n\n\n<p><\/p>\n\n\n\n<p><strong>Pr\u00e4vention religi\u00f6s und politisch begr\u00fcndeter Radikalisierung\u00a0<\/strong><\/p>\n\n\n\n<ul class=\"wp-block-list\"><li>Klassenrat = \u201esicherer\u201c Ort f\u00fcr alle<\/li><li><strong>\u201eWir\u201c-Kultur<\/strong><\/li><li>Sensibilisierung f\u00fcr Diskriminierung \u00fcber Sprache (Rassismus, Homophobie, Genderbezogene Vorurteile etc.)<\/li><li>Toleranz in der Klasse erarbeiten mit <strong>Empathie als Grundstein<\/strong><\/li><\/ul>\n\n\n\n<p><\/p>\n\n\n\n<p><strong>Aktualit\u00e4tsstunde<\/strong><\/p>\n\n\n\n<ul class=\"wp-block-list\"><li>Aktuelle Themen \/ Konflikte in der Klasse<\/li><li>Mittels \u201eKlassen-Briefkasten\u201c<\/li><li>Kinder werden in L\u00f6sung von Konflikten einbezogen \/ in Mittelpunkt ger\u00fcckt<\/li><\/ul>\n","protected":false},"excerpt":{"rendered":"<p>Hier finden\/t Sie\/ Ihr Informationen zum Konzept der Demokratiestunde\/ des Klassenrats an der TKG Die Funktion des Klassenrates P\u00e4dagogische Ziele Soziales Lernen Aneignung sozialer Kompetenzen St\u00e4rkung des Selbstvertrauens Umgang mit Konflikten (Lernen \u201erichtig\u201c zu streiten) Ein\u00fcben von Gewaltfreier Kommunikation\u00a0 Pr\u00e4vention religi\u00f6s und politisch begr\u00fcndeter Radikalisierung\u00a0 Klassenrat = \u201esicherer\u201c Ort f\u00fcr alle \u201eWir\u201c-Kultur Sensibilisierung f\u00fcr Diskriminierung &hellip; <a href=\"https:\/\/tkg-duisburg.de\/?page_id=7830\" class=\"more-link\"><span class=\"screen-reader-text\">Demokratiestunde\/ Klassenrat<\/span> weiterlesen <span class=\"meta-nav\">&rarr;<\/span><\/a><\/p>\n","protected":false},"author":5,"featured_media":0,"parent":0,"menu_order":0,"comment_status":"closed","ping_status":"closed","template":"","meta":{"footnotes":""},"class_list":["post-7830","page","type-page","status-publish","hentry"],"yoast_head":"<!-- This site is optimized with the Yoast SEO plugin v22.6 - https:\/\/yoast.com\/wordpress\/plugins\/seo\/ -->\n<title>Demokratiestunde\/ Klassenrat - Theodor K\u00f6nig Gesamtschule Duisburg<\/title>\n<meta name=\"robots\" content=\"index, follow, max-snippet:-1, max-image-preview:large, max-video-preview:-1\" \/>\n<link rel=\"canonical\" href=\"https:\/\/tkg-duisburg.de\/?page_id=7830\" \/>\n<meta property=\"og:locale\" content=\"de_DE\" \/>\n<meta property=\"og:type\" content=\"article\" \/>\n<meta property=\"og:title\" content=\"Demokratiestunde\/ Klassenrat - Theodor K\u00f6nig Gesamtschule Duisburg\" \/>\n<meta property=\"og:description\" content=\"Hier finden\/t Sie\/ Ihr Informationen zum Konzept der Demokratiestunde\/ des Klassenrats an der TKG Die Funktion des Klassenrates P\u00e4dagogische Ziele Soziales Lernen Aneignung sozialer Kompetenzen St\u00e4rkung des Selbstvertrauens Umgang mit Konflikten (Lernen \u201erichtig\u201c zu streiten) Ein\u00fcben von Gewaltfreier Kommunikation\u00a0 Pr\u00e4vention religi\u00f6s und politisch begr\u00fcndeter Radikalisierung\u00a0 Klassenrat = \u201esicherer\u201c Ort f\u00fcr alle \u201eWir\u201c-Kultur Sensibilisierung f\u00fcr Diskriminierung &hellip; Demokratiestunde\/ Klassenrat weiterlesen &rarr;\" \/>\n<meta property=\"og:url\" content=\"https:\/\/tkg-duisburg.de\/?page_id=7830\" \/>\n<meta property=\"og:site_name\" content=\"Theodor K\u00f6nig Gesamtschule Duisburg\" \/>\n<meta property=\"article:modified_time\" content=\"2023-07-22T15:36:27+00:00\" \/>\n<meta property=\"og:image\" content=\"https:\/\/tkg-duisburg.de\/wp-content\/uploads\/2023\/07\/image.png\" \/>\n<meta name=\"twitter:card\" content=\"summary_large_image\" \/>\n<script type=\"application\/ld+json\" class=\"yoast-schema-graph\">{\"@context\":\"https:\/\/schema.org\",\"@graph\":[{\"@type\":\"WebPage\",\"@id\":\"https:\/\/tkg-duisburg.de\/?page_id=7830\",\"url\":\"https:\/\/tkg-duisburg.de\/?page_id=7830\",\"name\":\"Demokratiestunde\/ Klassenrat - Theodor K\u00f6nig Gesamtschule Duisburg\",\"isPartOf\":{\"@id\":\"https:\/\/tkg-duisburg.de\/#website\"},\"primaryImageOfPage\":{\"@id\":\"https:\/\/tkg-duisburg.de\/?page_id=7830#primaryimage\"},\"image\":{\"@id\":\"https:\/\/tkg-duisburg.de\/?page_id=7830#primaryimage\"},\"thumbnailUrl\":\"https:\/\/tkg-duisburg.de\/wp-content\/uploads\/2023\/07\/image.png\",\"datePublished\":\"2023-07-22T15:36:25+00:00\",\"dateModified\":\"2023-07-22T15:36:27+00:00\",\"breadcrumb\":{\"@id\":\"https:\/\/tkg-duisburg.de\/?page_id=7830#breadcrumb\"},\"inLanguage\":\"de\",\"potentialAction\":[{\"@type\":\"ReadAction\",\"target\":[\"https:\/\/tkg-duisburg.de\/?page_id=7830\"]}]},{\"@type\":\"ImageObject\",\"inLanguage\":\"de\",\"@id\":\"https:\/\/tkg-duisburg.de\/?page_id=7830#primaryimage\",\"url\":\"https:\/\/tkg-duisburg.de\/wp-content\/uploads\/2023\/07\/image.png\",\"contentUrl\":\"https:\/\/tkg-duisburg.de\/wp-content\/uploads\/2023\/07\/image.png\",\"width\":800,\"height\":584},{\"@type\":\"BreadcrumbList\",\"@id\":\"https:\/\/tkg-duisburg.de\/?page_id=7830#breadcrumb\",\"itemListElement\":[{\"@type\":\"ListItem\",\"position\":1,\"name\":\"Startseite\",\"item\":\"https:\/\/tkg-duisburg.de\/\"},{\"@type\":\"ListItem\",\"position\":2,\"name\":\"Demokratiestunde\/ Klassenrat\"}]},{\"@type\":\"WebSite\",\"@id\":\"https:\/\/tkg-duisburg.de\/#website\",\"url\":\"https:\/\/tkg-duisburg.de\/\",\"name\":\"Theodor K\u00f6nig Gesamtschule Duisburg\",\"description\":\"\",\"potentialAction\":[{\"@type\":\"SearchAction\",\"target\":{\"@type\":\"EntryPoint\",\"urlTemplate\":\"https:\/\/tkg-duisburg.de\/?s={search_term_string}\"},\"query-input\":\"required name=search_term_string\"}],\"inLanguage\":\"de\"}]}<\/script>\n<!-- \/ Yoast SEO plugin. -->","yoast_head_json":{"title":"Demokratiestunde\/ Klassenrat - Theodor K\u00f6nig Gesamtschule Duisburg","robots":{"index":"index","follow":"follow","max-snippet":"max-snippet:-1","max-image-preview":"max-image-preview:large","max-video-preview":"max-video-preview:-1"},"canonical":"https:\/\/tkg-duisburg.de\/?page_id=7830","og_locale":"de_DE","og_type":"article","og_title":"Demokratiestunde\/ Klassenrat - Theodor K\u00f6nig Gesamtschule Duisburg","og_description":"Hier finden\/t Sie\/ Ihr Informationen zum Konzept der Demokratiestunde\/ des Klassenrats an der TKG Die Funktion des Klassenrates P\u00e4dagogische Ziele Soziales Lernen Aneignung sozialer Kompetenzen St\u00e4rkung des Selbstvertrauens Umgang mit Konflikten (Lernen \u201erichtig\u201c zu streiten) Ein\u00fcben von Gewaltfreier Kommunikation\u00a0 Pr\u00e4vention religi\u00f6s und politisch begr\u00fcndeter Radikalisierung\u00a0 Klassenrat = \u201esicherer\u201c Ort f\u00fcr alle \u201eWir\u201c-Kultur Sensibilisierung f\u00fcr Diskriminierung &hellip; Demokratiestunde\/ Klassenrat weiterlesen &rarr;","og_url":"https:\/\/tkg-duisburg.de\/?page_id=7830","og_site_name":"Theodor K\u00f6nig Gesamtschule Duisburg","article_modified_time":"2023-07-22T15:36:27+00:00","og_image":[{"url":"https:\/\/tkg-duisburg.de\/wp-content\/uploads\/2023\/07\/image.png"}],"twitter_card":"summary_large_image","schema":{"@context":"https:\/\/schema.org","@graph":[{"@type":"WebPage","@id":"https:\/\/tkg-duisburg.de\/?page_id=7830","url":"https:\/\/tkg-duisburg.de\/?page_id=7830","name":"Demokratiestunde\/ Klassenrat - Theodor K\u00f6nig Gesamtschule Duisburg","isPartOf":{"@id":"https:\/\/tkg-duisburg.de\/#website"},"primaryImageOfPage":{"@id":"https:\/\/tkg-duisburg.de\/?page_id=7830#primaryimage"},"image":{"@id":"https:\/\/tkg-duisburg.de\/?page_id=7830#primaryimage"},"thumbnailUrl":"https:\/\/tkg-duisburg.de\/wp-content\/uploads\/2023\/07\/image.png","datePublished":"2023-07-22T15:36:25+00:00","dateModified":"2023-07-22T15:36:27+00:00","breadcrumb":{"@id":"https:\/\/tkg-duisburg.de\/?page_id=7830#breadcrumb"},"inLanguage":"de","potentialAction":[{"@type":"ReadAction","target":["https:\/\/tkg-duisburg.de\/?page_id=7830"]}]},{"@type":"ImageObject","inLanguage":"de","@id":"https:\/\/tkg-duisburg.de\/?page_id=7830#primaryimage","url":"https:\/\/tkg-duisburg.de\/wp-content\/uploads\/2023\/07\/image.png","contentUrl":"https:\/\/tkg-duisburg.de\/wp-content\/uploads\/2023\/07\/image.png","width":800,"height":584},{"@type":"BreadcrumbList","@id":"https:\/\/tkg-duisburg.de\/?page_id=7830#breadcrumb","itemListElement":[{"@type":"ListItem","position":1,"name":"Startseite","item":"https:\/\/tkg-duisburg.de\/"},{"@type":"ListItem","position":2,"name":"Demokratiestunde\/ Klassenrat"}]},{"@type":"WebSite","@id":"https:\/\/tkg-duisburg.de\/#website","url":"https:\/\/tkg-duisburg.de\/","name":"Theodor K\u00f6nig Gesamtschule Duisburg","description":"","potentialAction":[{"@type":"SearchAction","target":{"@type":"EntryPoint","urlTemplate":"https:\/\/tkg-duisburg.de\/?s={search_term_string}"},"query-input":"required name=search_term_string"}],"inLanguage":"de"}]}},"_links":{"self":[{"href":"https:\/\/tkg-duisburg.de\/index.php?rest_route=\/wp\/v2\/pages\/7830","targetHints":{"allow":["GET"]}}],"collection":[{"href":"https:\/\/tkg-duisburg.de\/index.php?rest_route=\/wp\/v2\/pages"}],"about":[{"href":"https:\/\/tkg-duisburg.de\/index.php?rest_route=\/wp\/v2\/types\/page"}],"author":[{"embeddable":true,"href":"https:\/\/tkg-duisburg.de\/index.php?rest_route=\/wp\/v2\/users\/5"}],"replies":[{"embeddable":true,"href":"https:\/\/tkg-duisburg.de\/index.php?rest_route=%2Fwp%2Fv2%2Fcomments&post=7830"}],"version-history":[{"count":1,"href":"https:\/\/tkg-duisburg.de\/index.php?rest_route=\/wp\/v2\/pages\/7830\/revisions"}],"predecessor-version":[{"id":7837,"href":"https:\/\/tkg-duisburg.de\/index.php?rest_route=\/wp\/v2\/pages\/7830\/revisions\/7837"}],"wp:attachment":[{"href":"https:\/\/tkg-duisburg.de\/index.php?rest_route=%2Fwp%2Fv2%2Fmedia&parent=7830"}],"curies":[{"name":"wp","href":"https:\/\/api.w.org\/{rel}","templated":true}]}}