{"id":8666,"date":"2025-02-10T16:58:44","date_gmt":"2025-02-10T14:58:44","guid":{"rendered":"https:\/\/tkg-duisburg.de\/?page_id=8666"},"modified":"2025-02-18T10:12:59","modified_gmt":"2025-02-18T08:12:59","slug":"willkommen-zu-ihrem-praktikum-an-unserer-schule","status":"publish","type":"page","link":"https:\/\/tkg-duisburg.de\/?page_id=8666","title":{"rendered":"**Willkommen zu Ihrem Praktikum an unserer Schule!**"},"content":{"rendered":"\n<p>Wir freuen uns, dass Sie sich f\u00fcr ein Praktikum an unserer Schule interessieren. Hier haben Sie die M\u00f6glichkeit, wertvolle Erfahrungen zu sammeln und einen Einblick in den Schulalltag zu gewinnen.&nbsp;<\/p>\n\n\n\n<p>Unser Team bietet Ihnen eine lehrreiche und unterst\u00fctzende Umgebung.&nbsp;<\/p>\n\n\n\n<figure class=\"wp-block-image size-large\"><img loading=\"lazy\" decoding=\"async\" width=\"1024\" height=\"370\" src=\"https:\/\/tkg-duisburg.de\/wp-content\/uploads\/2025\/02\/internship-3157269_1280-1024x370.jpg\" alt=\"\" class=\"wp-image-8667\" srcset=\"https:\/\/tkg-duisburg.de\/wp-content\/uploads\/2025\/02\/internship-3157269_1280-1024x370.jpg 1024w, https:\/\/tkg-duisburg.de\/wp-content\/uploads\/2025\/02\/internship-3157269_1280-300x109.jpg 300w, https:\/\/tkg-duisburg.de\/wp-content\/uploads\/2025\/02\/internship-3157269_1280.jpg 1280w\" sizes=\"auto, (max-width: 1024px) 100vw, 1024px\" \/><\/figure>\n\n\n\n<p><strong>Eignungs- und Orientierungspraktikum<\/strong><\/p>\n\n\n\n<p>Studentinnen und Studenten haben die M\u00f6glichkeit, ihr Orientierungspraktikum an unserer Schule zu absolvieren.&nbsp;<\/p>\n\n\n\n<p>Das Eignungs- und Orientierungspraktikum dient dazu, erste Einblicke in den Schulalltag zu gewinnen und die eigene Eignung f\u00fcr den Lehrerberuf zu pr\u00fcfen. Es erm\u00f6glicht angehenden Lehrkr\u00e4ften, die verschiedenen Facetten des Unterrichts und der Schulorganisation kennenzulernen und fokussiert sich auf die pers\u00f6nliche und fachliche Eignung f\u00fcr den Lehrberuf und unterst\u00fctzt die Studierenden dabei, ihre St\u00e4rken und Interessen zu identifizieren.<\/p>\n\n\n\n<p>Ihre <strong>Ansprechpartnerinnen<\/strong> w\u00e4hrend des Praktikums sind<strong> Frau Scipione und Frau Ramirez<\/strong>, die Ihnen bei Fragen und Anliegen gerne zur Seite stehen.&nbsp;<\/p>\n\n\n\n<p>Sie erreichen sie unter <a href=\"mailto:scipione@191395.nrw.schule\"><strong>scipione@191395.nrw.schule<\/strong><\/a> &amp; <a href=\"mailto:anabel.ramirez-delgado@191395.nrw.schule\"><strong>anabel.ramirez-delgado@191395.nrw.schule<\/strong><\/a> .<\/p>\n\n\n\n<p>Wir freuen uns auf Ihre Bewerbung und darauf, Sie bald in unserem Team willkommen zu hei\u00dfen!<\/p>\n\n\n\n<p><strong>Praxissemester<\/strong><\/p>\n\n\n\n<p>Zus\u00e4tzlich zu den Orientierungspraktika bieten wir auch Praktikumspl\u00e4tze f\u00fcr das Praxissemester an.&nbsp;<\/p>\n\n\n\n<p>F\u00fcr das Praxissemester stehen Ihnen <strong>Frau Karakaya und Frau Schaefer<\/strong> zur Verf\u00fcgung. Beide helfen Ihnen gerne bei Fragen und unterst\u00fctzen Sie w\u00e4hrend Ihres Praktikums bei uns. Sie k\u00f6nnen die Ansprechpartnerinnen unter den folgenden E-Mail-Adressen erreichen: <a href=\"mailto:tugba.karakaya1@191395.nrw.schule\"><strong>tugba.karakaya1@191395.nrw.schule<\/strong><\/a> &amp; <a href=\"mailto:lara.schaefer@191395.nrw.schule\"><strong>lara.schaefer@191395.nrw.schule<\/strong><\/a> .<\/p>\n\n\n\n<p><strong>Unterlagen<\/strong><\/p>\n\n\n\n<p>Im Anhang finden Sie wichtige Dokumente, die f\u00fcr Ihren Praktikumsaufenthalt relevant sind.<\/p>\n\n\n\n<ol class=\"wp-block-list\">\n<li><strong>Personalbogen<\/strong>: Dieses Dokument enth\u00e4lt pers\u00f6nliche Daten und Nachweise, um die Verwaltung und Kommunikation innerhalb der Schule zu gew\u00e4hrleisten.<\/li>\n\n\n\n<li><strong>Praktikumsvereinbarung<\/strong>: Dieses Dokument enth\u00e4lt die wesentlichen Bedingungen Ihres Praktikums (Praxissemester).<\/li>\n\n\n\n<li><strong>Praktikumsvertrag<\/strong>: Der Vertrag legt die Bedingungen f\u00fcr das Eignungs- und Orientierungspraktikum fest.<\/li>\n\n\n\n<li><strong>Laufzettel<\/strong>: Dieser Laufzettel dient der Dokumentation der Hospitationsstunden.<\/li>\n\n\n\n<li><strong>Ansprechpersonen<\/strong>: In diesem Dokument finden Sie die Kontaktdaten der Personen, die Sie w\u00e4hrend Ihres Praktikums unterst\u00fctzen werden. Dieses Dokument sollte von Ihnen eigenst\u00e4ndig w\u00e4hrend des Praktikums ausgef\u00fcllt werden.<\/li>\n<\/ol>\n\n\n\n<p>Wir bitten Sie, die Dokumente sorgf\u00e4ltig durchzulesen und diese am ersten Tag mitzubringen.<\/p>\n\n\n\n<p><strong>EOP<\/strong> ben\u00f6tigen folgende Dokumente:<\/p>\n\n\n\n<p>Personalbogen, Praktikumsvertrag, Laufzettel und Ansprechpersonen<\/p>\n\n\n\n<p><strong>Praxissemesterstudierende<\/strong> ben\u00f6tigen folgende Dokumente:<\/p>\n\n\n\n<p>Personalbogen, Praktikumsvereinbarung, Laufzettel und Ansprechpersonen&nbsp;<br><br><\/p>\n\n\n\n<p><\/p>\n\n\n\n<div data-wp-interactive=\"core\/file\" class=\"wp-block-file\"><object data-wp-bind--hidden=\"!state.hasPdfPreview\" hidden class=\"wp-block-file__embed\" data=\"https:\/\/tkg-duisburg.de\/wp-content\/uploads\/2025\/02\/Personalbogen.pdf\" type=\"application\/pdf\" style=\"width:100%;height:600px\" aria-label=\"Einbettung von Personalbogen.\"><\/object><a id=\"wp-block-file--media-ea11d1b2-1ba6-43d6-baa0-b9786980138a\" href=\"https:\/\/tkg-duisburg.de\/wp-content\/uploads\/2025\/02\/Personalbogen.pdf\">Personalbogen<\/a><a href=\"https:\/\/tkg-duisburg.de\/wp-content\/uploads\/2025\/02\/Personalbogen.pdf\" class=\"wp-block-file__button wp-element-button\" download aria-describedby=\"wp-block-file--media-ea11d1b2-1ba6-43d6-baa0-b9786980138a\">Herunterladen<\/a><\/div>\n\n\n\n<div data-wp-interactive=\"core\/file\" class=\"wp-block-file\"><object data-wp-bind--hidden=\"!state.hasPdfPreview\" hidden class=\"wp-block-file__embed\" data=\"https:\/\/tkg-duisburg.de\/wp-content\/uploads\/2025\/02\/Praktikumsvertrag-1.pdf\" type=\"application\/pdf\" style=\"width:100%;height:600px\" aria-label=\"Einbettung von Praktikumsvertrag.\"><\/object><a id=\"wp-block-file--media-f1cc0fe2-6e22-43f6-b5a1-cd2d06ca25d2\" href=\"https:\/\/tkg-duisburg.de\/wp-content\/uploads\/2025\/02\/Praktikumsvertrag-1.pdf\">Praktikumsvertrag<\/a><a href=\"https:\/\/tkg-duisburg.de\/wp-content\/uploads\/2025\/02\/Praktikumsvertrag-1.pdf\" class=\"wp-block-file__button wp-element-button\" download aria-describedby=\"wp-block-file--media-f1cc0fe2-6e22-43f6-b5a1-cd2d06ca25d2\">Herunterladen<\/a><\/div>\n\n\n\n<div data-wp-interactive=\"core\/file\" class=\"wp-block-file\"><object data-wp-bind--hidden=\"!state.hasPdfPreview\" hidden class=\"wp-block-file__embed\" data=\"https:\/\/tkg-duisburg.de\/wp-content\/uploads\/2025\/02\/Vereinbarung-.pdf\" type=\"application\/pdf\" style=\"width:100%;height:600px\" aria-label=\"Einbettung von Vereinbarung.\"><\/object><a id=\"wp-block-file--media-d2ba2804-bfe5-451f-aa72-b668bf004512\" href=\"https:\/\/tkg-duisburg.de\/wp-content\/uploads\/2025\/02\/Vereinbarung-.pdf\">Vereinbarung<\/a><a href=\"https:\/\/tkg-duisburg.de\/wp-content\/uploads\/2025\/02\/Vereinbarung-.pdf\" class=\"wp-block-file__button wp-element-button\" download aria-describedby=\"wp-block-file--media-d2ba2804-bfe5-451f-aa72-b668bf004512\">Herunterladen<\/a><\/div>\n\n\n\n<div data-wp-interactive=\"core\/file\" class=\"wp-block-file\"><object data-wp-bind--hidden=\"!state.hasPdfPreview\" hidden class=\"wp-block-file__embed\" data=\"https:\/\/tkg-duisburg.de\/wp-content\/uploads\/2025\/02\/Ansprechpersonen.pdf\" type=\"application\/pdf\" style=\"width:100%;height:600px\" aria-label=\"Einbettung von Ansprechpersonen.\"><\/object><a id=\"wp-block-file--media-dcf90eb6-30d2-4a0f-ad39-3a03507c0da4\" href=\"https:\/\/tkg-duisburg.de\/wp-content\/uploads\/2025\/02\/Ansprechpersonen.pdf\">Ansprechpersonen<\/a><a href=\"https:\/\/tkg-duisburg.de\/wp-content\/uploads\/2025\/02\/Ansprechpersonen.pdf\" class=\"wp-block-file__button wp-element-button\" download aria-describedby=\"wp-block-file--media-dcf90eb6-30d2-4a0f-ad39-3a03507c0da4\">Herunterladen<\/a><\/div>\n\n\n\n<div data-wp-interactive=\"core\/file\" class=\"wp-block-file\"><object data-wp-bind--hidden=\"!state.hasPdfPreview\" hidden class=\"wp-block-file__embed\" data=\"https:\/\/tkg-duisburg.de\/wp-content\/uploads\/2025\/02\/Laufzettel.pdf\" type=\"application\/pdf\" style=\"width:100%;height:600px\" aria-label=\"Einbettung von Laufzettel.\"><\/object><a id=\"wp-block-file--media-bf817e1e-0042-49b9-a5a2-9300791be2a7\" href=\"https:\/\/tkg-duisburg.de\/wp-content\/uploads\/2025\/02\/Laufzettel.pdf\">Laufzettel<\/a><a href=\"https:\/\/tkg-duisburg.de\/wp-content\/uploads\/2025\/02\/Laufzettel.pdf\" class=\"wp-block-file__button wp-element-button\" download aria-describedby=\"wp-block-file--media-bf817e1e-0042-49b9-a5a2-9300791be2a7\">Herunterladen<\/a><\/div>\n\n\n\n<figure class=\"wp-block-image size-large\"><img loading=\"lazy\" decoding=\"async\" width=\"1024\" height=\"682\" src=\"https:\/\/tkg-duisburg.de\/wp-content\/uploads\/2025\/02\/art-2578353_1280-1024x682.jpg\" alt=\"\" class=\"wp-image-8668\" srcset=\"https:\/\/tkg-duisburg.de\/wp-content\/uploads\/2025\/02\/art-2578353_1280-1024x682.jpg 1024w, https:\/\/tkg-duisburg.de\/wp-content\/uploads\/2025\/02\/art-2578353_1280-300x200.jpg 300w, https:\/\/tkg-duisburg.de\/wp-content\/uploads\/2025\/02\/art-2578353_1280.jpg 1280w\" sizes=\"auto, (max-width: 1024px) 100vw, 1024px\" \/><\/figure>\n","protected":false},"excerpt":{"rendered":"<p>Wir freuen uns, dass Sie sich f\u00fcr ein Praktikum an unserer Schule interessieren. Hier haben Sie die M\u00f6glichkeit, wertvolle Erfahrungen zu sammeln und einen Einblick in den Schulalltag zu gewinnen.&nbsp; Unser Team bietet Ihnen eine lehrreiche und unterst\u00fctzende Umgebung.&nbsp; Eignungs- und Orientierungspraktikum Studentinnen und Studenten haben die M\u00f6glichkeit, ihr Orientierungspraktikum an unserer Schule zu absolvieren.&nbsp; &hellip; <a href=\"https:\/\/tkg-duisburg.de\/?page_id=8666\" class=\"more-link\"><span class=\"screen-reader-text\">**Willkommen zu Ihrem Praktikum an unserer Schule!**<\/span> weiterlesen <span class=\"meta-nav\">&rarr;<\/span><\/a><\/p>\n","protected":false},"author":5,"featured_media":0,"parent":0,"menu_order":0,"comment_status":"closed","ping_status":"closed","template":"","meta":{"footnotes":""},"class_list":["post-8666","page","type-page","status-publish","hentry"],"yoast_head":"<!-- This site is optimized with the Yoast SEO plugin v22.6 - https:\/\/yoast.com\/wordpress\/plugins\/seo\/ -->\n<title>**Willkommen zu Ihrem Praktikum an unserer Schule!** - Theodor K\u00f6nig Gesamtschule Duisburg<\/title>\n<meta name=\"robots\" content=\"index, follow, max-snippet:-1, max-image-preview:large, max-video-preview:-1\" \/>\n<link rel=\"canonical\" href=\"https:\/\/tkg-duisburg.de\/?page_id=8666\" \/>\n<meta property=\"og:locale\" content=\"de_DE\" \/>\n<meta property=\"og:type\" content=\"article\" \/>\n<meta property=\"og:title\" content=\"**Willkommen zu Ihrem Praktikum an unserer Schule!** - Theodor K\u00f6nig Gesamtschule Duisburg\" \/>\n<meta property=\"og:description\" content=\"Wir freuen uns, dass Sie sich f\u00fcr ein Praktikum an unserer Schule interessieren. Hier haben Sie die M\u00f6glichkeit, wertvolle Erfahrungen zu sammeln und einen Einblick in den Schulalltag zu gewinnen.&nbsp; Unser Team bietet Ihnen eine lehrreiche und unterst\u00fctzende Umgebung.&nbsp; Eignungs- und Orientierungspraktikum Studentinnen und Studenten haben die M\u00f6glichkeit, ihr Orientierungspraktikum an unserer Schule zu absolvieren.&nbsp; &hellip; **Willkommen zu Ihrem Praktikum an unserer Schule!** weiterlesen &rarr;\" \/>\n<meta property=\"og:url\" content=\"https:\/\/tkg-duisburg.de\/?page_id=8666\" \/>\n<meta property=\"og:site_name\" content=\"Theodor K\u00f6nig Gesamtschule Duisburg\" \/>\n<meta property=\"article:modified_time\" content=\"2025-02-18T08:12:59+00:00\" \/>\n<meta property=\"og:image\" content=\"https:\/\/tkg-duisburg.de\/wp-content\/uploads\/2025\/02\/internship-3157269_1280-1024x370.jpg\" \/>\n<meta name=\"twitter:card\" content=\"summary_large_image\" \/>\n<meta name=\"twitter:label1\" content=\"Gesch\u00e4tzte Lesezeit\" \/>\n\t<meta name=\"twitter:data1\" content=\"2\u00a0Minuten\" \/>\n<script type=\"application\/ld+json\" class=\"yoast-schema-graph\">{\"@context\":\"https:\/\/schema.org\",\"@graph\":[{\"@type\":\"WebPage\",\"@id\":\"https:\/\/tkg-duisburg.de\/?page_id=8666\",\"url\":\"https:\/\/tkg-duisburg.de\/?page_id=8666\",\"name\":\"**Willkommen zu Ihrem Praktikum an unserer Schule!** - Theodor K\u00f6nig Gesamtschule Duisburg\",\"isPartOf\":{\"@id\":\"https:\/\/tkg-duisburg.de\/#website\"},\"primaryImageOfPage\":{\"@id\":\"https:\/\/tkg-duisburg.de\/?page_id=8666#primaryimage\"},\"image\":{\"@id\":\"https:\/\/tkg-duisburg.de\/?page_id=8666#primaryimage\"},\"thumbnailUrl\":\"https:\/\/tkg-duisburg.de\/wp-content\/uploads\/2025\/02\/internship-3157269_1280-1024x370.jpg\",\"datePublished\":\"2025-02-10T14:58:44+00:00\",\"dateModified\":\"2025-02-18T08:12:59+00:00\",\"breadcrumb\":{\"@id\":\"https:\/\/tkg-duisburg.de\/?page_id=8666#breadcrumb\"},\"inLanguage\":\"de\",\"potentialAction\":[{\"@type\":\"ReadAction\",\"target\":[\"https:\/\/tkg-duisburg.de\/?page_id=8666\"]}]},{\"@type\":\"ImageObject\",\"inLanguage\":\"de\",\"@id\":\"https:\/\/tkg-duisburg.de\/?page_id=8666#primaryimage\",\"url\":\"https:\/\/tkg-duisburg.de\/wp-content\/uploads\/2025\/02\/internship-3157269_1280.jpg\",\"contentUrl\":\"https:\/\/tkg-duisburg.de\/wp-content\/uploads\/2025\/02\/internship-3157269_1280.jpg\",\"width\":1280,\"height\":463},{\"@type\":\"BreadcrumbList\",\"@id\":\"https:\/\/tkg-duisburg.de\/?page_id=8666#breadcrumb\",\"itemListElement\":[{\"@type\":\"ListItem\",\"position\":1,\"name\":\"Startseite\",\"item\":\"https:\/\/tkg-duisburg.de\/\"},{\"@type\":\"ListItem\",\"position\":2,\"name\":\"**Willkommen zu Ihrem Praktikum an unserer Schule!**\"}]},{\"@type\":\"WebSite\",\"@id\":\"https:\/\/tkg-duisburg.de\/#website\",\"url\":\"https:\/\/tkg-duisburg.de\/\",\"name\":\"Theodor K\u00f6nig Gesamtschule Duisburg\",\"description\":\"\",\"potentialAction\":[{\"@type\":\"SearchAction\",\"target\":{\"@type\":\"EntryPoint\",\"urlTemplate\":\"https:\/\/tkg-duisburg.de\/?s={search_term_string}\"},\"query-input\":\"required name=search_term_string\"}],\"inLanguage\":\"de\"}]}<\/script>\n<!-- \/ Yoast SEO plugin. -->","yoast_head_json":{"title":"**Willkommen zu Ihrem Praktikum an unserer Schule!** - Theodor K\u00f6nig Gesamtschule Duisburg","robots":{"index":"index","follow":"follow","max-snippet":"max-snippet:-1","max-image-preview":"max-image-preview:large","max-video-preview":"max-video-preview:-1"},"canonical":"https:\/\/tkg-duisburg.de\/?page_id=8666","og_locale":"de_DE","og_type":"article","og_title":"**Willkommen zu Ihrem Praktikum an unserer Schule!** - Theodor K\u00f6nig Gesamtschule Duisburg","og_description":"Wir freuen uns, dass Sie sich f\u00fcr ein Praktikum an unserer Schule interessieren. Hier haben Sie die M\u00f6glichkeit, wertvolle Erfahrungen zu sammeln und einen Einblick in den Schulalltag zu gewinnen.&nbsp; Unser Team bietet Ihnen eine lehrreiche und unterst\u00fctzende Umgebung.&nbsp; Eignungs- und Orientierungspraktikum Studentinnen und Studenten haben die M\u00f6glichkeit, ihr Orientierungspraktikum an unserer Schule zu absolvieren.&nbsp; &hellip; **Willkommen zu Ihrem Praktikum an unserer Schule!** weiterlesen &rarr;","og_url":"https:\/\/tkg-duisburg.de\/?page_id=8666","og_site_name":"Theodor K\u00f6nig Gesamtschule Duisburg","article_modified_time":"2025-02-18T08:12:59+00:00","og_image":[{"url":"https:\/\/tkg-duisburg.de\/wp-content\/uploads\/2025\/02\/internship-3157269_1280-1024x370.jpg"}],"twitter_card":"summary_large_image","twitter_misc":{"Gesch\u00e4tzte Lesezeit":"2\u00a0Minuten"},"schema":{"@context":"https:\/\/schema.org","@graph":[{"@type":"WebPage","@id":"https:\/\/tkg-duisburg.de\/?page_id=8666","url":"https:\/\/tkg-duisburg.de\/?page_id=8666","name":"**Willkommen zu Ihrem Praktikum an unserer Schule!** - Theodor K\u00f6nig Gesamtschule Duisburg","isPartOf":{"@id":"https:\/\/tkg-duisburg.de\/#website"},"primaryImageOfPage":{"@id":"https:\/\/tkg-duisburg.de\/?page_id=8666#primaryimage"},"image":{"@id":"https:\/\/tkg-duisburg.de\/?page_id=8666#primaryimage"},"thumbnailUrl":"https:\/\/tkg-duisburg.de\/wp-content\/uploads\/2025\/02\/internship-3157269_1280-1024x370.jpg","datePublished":"2025-02-10T14:58:44+00:00","dateModified":"2025-02-18T08:12:59+00:00","breadcrumb":{"@id":"https:\/\/tkg-duisburg.de\/?page_id=8666#breadcrumb"},"inLanguage":"de","potentialAction":[{"@type":"ReadAction","target":["https:\/\/tkg-duisburg.de\/?page_id=8666"]}]},{"@type":"ImageObject","inLanguage":"de","@id":"https:\/\/tkg-duisburg.de\/?page_id=8666#primaryimage","url":"https:\/\/tkg-duisburg.de\/wp-content\/uploads\/2025\/02\/internship-3157269_1280.jpg","contentUrl":"https:\/\/tkg-duisburg.de\/wp-content\/uploads\/2025\/02\/internship-3157269_1280.jpg","width":1280,"height":463},{"@type":"BreadcrumbList","@id":"https:\/\/tkg-duisburg.de\/?page_id=8666#breadcrumb","itemListElement":[{"@type":"ListItem","position":1,"name":"Startseite","item":"https:\/\/tkg-duisburg.de\/"},{"@type":"ListItem","position":2,"name":"**Willkommen zu Ihrem Praktikum an unserer Schule!**"}]},{"@type":"WebSite","@id":"https:\/\/tkg-duisburg.de\/#website","url":"https:\/\/tkg-duisburg.de\/","name":"Theodor K\u00f6nig Gesamtschule Duisburg","description":"","potentialAction":[{"@type":"SearchAction","target":{"@type":"EntryPoint","urlTemplate":"https:\/\/tkg-duisburg.de\/?s={search_term_string}"},"query-input":"required name=search_term_string"}],"inLanguage":"de"}]}},"_links":{"self":[{"href":"https:\/\/tkg-duisburg.de\/index.php?rest_route=\/wp\/v2\/pages\/8666","targetHints":{"allow":["GET"]}}],"collection":[{"href":"https:\/\/tkg-duisburg.de\/index.php?rest_route=\/wp\/v2\/pages"}],"about":[{"href":"https:\/\/tkg-duisburg.de\/index.php?rest_route=\/wp\/v2\/types\/page"}],"author":[{"embeddable":true,"href":"https:\/\/tkg-duisburg.de\/index.php?rest_route=\/wp\/v2\/users\/5"}],"replies":[{"embeddable":true,"href":"https:\/\/tkg-duisburg.de\/index.php?rest_route=%2Fwp%2Fv2%2Fcomments&post=8666"}],"version-history":[{"count":4,"href":"https:\/\/tkg-duisburg.de\/index.php?rest_route=\/wp\/v2\/pages\/8666\/revisions"}],"predecessor-version":[{"id":8699,"href":"https:\/\/tkg-duisburg.de\/index.php?rest_route=\/wp\/v2\/pages\/8666\/revisions\/8699"}],"wp:attachment":[{"href":"https:\/\/tkg-duisburg.de\/index.php?rest_route=%2Fwp%2Fv2%2Fmedia&parent=8666"}],"curies":[{"name":"wp","href":"https:\/\/api.w.org\/{rel}","templated":true}]}}