{"id":8768,"date":"2025-05-27T13:40:22","date_gmt":"2025-05-27T11:40:22","guid":{"rendered":"https:\/\/tkg-duisburg.de\/?page_id=8768"},"modified":"2025-05-27T13:40:22","modified_gmt":"2025-05-27T11:40:22","slug":"hospitationsmoeglichkeiten-fuer-referendare","status":"publish","type":"page","link":"https:\/\/tkg-duisburg.de\/?page_id=8768","title":{"rendered":"Hospitationsm\u00f6glichkeiten f\u00fcr Referendare"},"content":{"rendered":"\n<p>Nach Beendigung Ihres Referendariats bieten wir Ihnen die M\u00f6glichkeit, an unserer Schule zu hospitieren. Diese Erfahrung erm\u00f6glicht es Ihnen, verschiedene Lehr- und Lernmethoden kennenzulernen und wertvolle Einblicke in den Schulalltag zu gewinnen.<\/p>\n\n\n\n<figure class=\"wp-block-image size-large\"><img loading=\"lazy\" decoding=\"async\" width=\"1024\" height=\"683\" src=\"https:\/\/tkg-duisburg.de\/wp-content\/uploads\/2025\/05\/image-1024x683.png\" alt=\"\" class=\"wp-image-8769\" srcset=\"https:\/\/tkg-duisburg.de\/wp-content\/uploads\/2025\/05\/image-1024x683.png 1024w, https:\/\/tkg-duisburg.de\/wp-content\/uploads\/2025\/05\/image-300x200.png 300w, https:\/\/tkg-duisburg.de\/wp-content\/uploads\/2025\/05\/image-1536x1025.png 1536w, https:\/\/tkg-duisburg.de\/wp-content\/uploads\/2025\/05\/image-2048x1366.png 2048w\" sizes=\"auto, (max-width: 1024px) 100vw, 1024px\" \/><\/figure>\n\n\n\n<p>Wir hei\u00dfen Sie herzlich willkommen und unterst\u00fctzen Sie gerne bei Ihrer Hospitation. F\u00fcr weitere Informationen oder zur Terminvereinbarung kontaktieren Sie bitte unsere Ansprechpartner:<\/p>\n\n\n\n<ul class=\"wp-block-list\">\n<li>Frau H\u00fcbner: <a href=\"mailto:anna.huebner@191395.nrw.schule\">anna.huebner@191395.nrw.schule<\/a><\/li>\n\n\n\n<li>Herr Frowein: <a href=\"mailto:alexander.frowein@191395.nrw.schule\">alexander.frowein@191395.nrw.schule<\/a><\/li>\n\n\n\n<li>Frau Karakaya: <a href=\"mailto:tugba.karakaya1@191395.nrw.schule\">tugba.karakaya1@191395.nrw.schule<\/a><\/li>\n<\/ul>\n\n\n\n<p>Wir freuen uns auf Ihre Anfrage und w\u00fcnschen Ihnen viel Erfolg auf Ihrem weiteren Weg!<\/p>\n","protected":false},"excerpt":{"rendered":"<p>Nach Beendigung Ihres Referendariats bieten wir Ihnen die M\u00f6glichkeit, an unserer Schule zu hospitieren. Diese Erfahrung erm\u00f6glicht es Ihnen, verschiedene Lehr- und Lernmethoden kennenzulernen und wertvolle Einblicke in den Schulalltag zu gewinnen. Wir hei\u00dfen Sie herzlich willkommen und unterst\u00fctzen Sie gerne bei Ihrer Hospitation. F\u00fcr weitere Informationen oder zur Terminvereinbarung kontaktieren Sie bitte unsere Ansprechpartner: &hellip; <a href=\"https:\/\/tkg-duisburg.de\/?page_id=8768\" class=\"more-link\"><span class=\"screen-reader-text\">Hospitationsm\u00f6glichkeiten f\u00fcr Referendare<\/span> weiterlesen <span class=\"meta-nav\">&rarr;<\/span><\/a><\/p>\n","protected":false},"author":5,"featured_media":0,"parent":0,"menu_order":0,"comment_status":"closed","ping_status":"closed","template":"","meta":{"footnotes":""},"class_list":["post-8768","page","type-page","status-publish","hentry"],"yoast_head":"<!-- This site is optimized with the Yoast SEO plugin v22.6 - https:\/\/yoast.com\/wordpress\/plugins\/seo\/ -->\n<title>Hospitationsm\u00f6glichkeiten f\u00fcr Referendare - Theodor K\u00f6nig Gesamtschule Duisburg<\/title>\n<meta name=\"robots\" content=\"index, follow, max-snippet:-1, max-image-preview:large, max-video-preview:-1\" \/>\n<link rel=\"canonical\" href=\"https:\/\/tkg-duisburg.de\/?page_id=8768\" \/>\n<meta property=\"og:locale\" content=\"de_DE\" \/>\n<meta property=\"og:type\" content=\"article\" \/>\n<meta property=\"og:title\" content=\"Hospitationsm\u00f6glichkeiten f\u00fcr Referendare - Theodor K\u00f6nig Gesamtschule Duisburg\" \/>\n<meta property=\"og:description\" content=\"Nach Beendigung Ihres Referendariats bieten wir Ihnen die M\u00f6glichkeit, an unserer Schule zu hospitieren. Diese Erfahrung erm\u00f6glicht es Ihnen, verschiedene Lehr- und Lernmethoden kennenzulernen und wertvolle Einblicke in den Schulalltag zu gewinnen. Wir hei\u00dfen Sie herzlich willkommen und unterst\u00fctzen Sie gerne bei Ihrer Hospitation. F\u00fcr weitere Informationen oder zur Terminvereinbarung kontaktieren Sie bitte unsere Ansprechpartner: &hellip; Hospitationsm\u00f6glichkeiten f\u00fcr Referendare weiterlesen &rarr;\" \/>\n<meta property=\"og:url\" content=\"https:\/\/tkg-duisburg.de\/?page_id=8768\" \/>\n<meta property=\"og:site_name\" content=\"Theodor K\u00f6nig Gesamtschule Duisburg\" \/>\n<meta property=\"og:image\" content=\"https:\/\/tkg-duisburg.de\/wp-content\/uploads\/2025\/05\/image-1024x683.png\" \/>\n<meta name=\"twitter:card\" content=\"summary_large_image\" \/>\n<script type=\"application\/ld+json\" class=\"yoast-schema-graph\">{\"@context\":\"https:\/\/schema.org\",\"@graph\":[{\"@type\":\"WebPage\",\"@id\":\"https:\/\/tkg-duisburg.de\/?page_id=8768\",\"url\":\"https:\/\/tkg-duisburg.de\/?page_id=8768\",\"name\":\"Hospitationsm\u00f6glichkeiten f\u00fcr Referendare - Theodor K\u00f6nig Gesamtschule Duisburg\",\"isPartOf\":{\"@id\":\"https:\/\/tkg-duisburg.de\/#website\"},\"primaryImageOfPage\":{\"@id\":\"https:\/\/tkg-duisburg.de\/?page_id=8768#primaryimage\"},\"image\":{\"@id\":\"https:\/\/tkg-duisburg.de\/?page_id=8768#primaryimage\"},\"thumbnailUrl\":\"https:\/\/tkg-duisburg.de\/wp-content\/uploads\/2025\/05\/image-1024x683.png\",\"datePublished\":\"2025-05-27T11:40:22+00:00\",\"dateModified\":\"2025-05-27T11:40:22+00:00\",\"breadcrumb\":{\"@id\":\"https:\/\/tkg-duisburg.de\/?page_id=8768#breadcrumb\"},\"inLanguage\":\"de\",\"potentialAction\":[{\"@type\":\"ReadAction\",\"target\":[\"https:\/\/tkg-duisburg.de\/?page_id=8768\"]}]},{\"@type\":\"ImageObject\",\"inLanguage\":\"de\",\"@id\":\"https:\/\/tkg-duisburg.de\/?page_id=8768#primaryimage\",\"url\":\"https:\/\/tkg-duisburg.de\/wp-content\/uploads\/2025\/05\/image.png\",\"contentUrl\":\"https:\/\/tkg-duisburg.de\/wp-content\/uploads\/2025\/05\/image.png\",\"width\":3065,\"height\":2045},{\"@type\":\"BreadcrumbList\",\"@id\":\"https:\/\/tkg-duisburg.de\/?page_id=8768#breadcrumb\",\"itemListElement\":[{\"@type\":\"ListItem\",\"position\":1,\"name\":\"Startseite\",\"item\":\"https:\/\/tkg-duisburg.de\/\"},{\"@type\":\"ListItem\",\"position\":2,\"name\":\"Hospitationsm\u00f6glichkeiten f\u00fcr Referendare\"}]},{\"@type\":\"WebSite\",\"@id\":\"https:\/\/tkg-duisburg.de\/#website\",\"url\":\"https:\/\/tkg-duisburg.de\/\",\"name\":\"Theodor K\u00f6nig Gesamtschule Duisburg\",\"description\":\"\",\"potentialAction\":[{\"@type\":\"SearchAction\",\"target\":{\"@type\":\"EntryPoint\",\"urlTemplate\":\"https:\/\/tkg-duisburg.de\/?s={search_term_string}\"},\"query-input\":\"required name=search_term_string\"}],\"inLanguage\":\"de\"}]}<\/script>\n<!-- \/ Yoast SEO plugin. -->","yoast_head_json":{"title":"Hospitationsm\u00f6glichkeiten f\u00fcr Referendare - Theodor K\u00f6nig Gesamtschule Duisburg","robots":{"index":"index","follow":"follow","max-snippet":"max-snippet:-1","max-image-preview":"max-image-preview:large","max-video-preview":"max-video-preview:-1"},"canonical":"https:\/\/tkg-duisburg.de\/?page_id=8768","og_locale":"de_DE","og_type":"article","og_title":"Hospitationsm\u00f6glichkeiten f\u00fcr Referendare - Theodor K\u00f6nig Gesamtschule Duisburg","og_description":"Nach Beendigung Ihres Referendariats bieten wir Ihnen die M\u00f6glichkeit, an unserer Schule zu hospitieren. Diese Erfahrung erm\u00f6glicht es Ihnen, verschiedene Lehr- und Lernmethoden kennenzulernen und wertvolle Einblicke in den Schulalltag zu gewinnen. Wir hei\u00dfen Sie herzlich willkommen und unterst\u00fctzen Sie gerne bei Ihrer Hospitation. F\u00fcr weitere Informationen oder zur Terminvereinbarung kontaktieren Sie bitte unsere Ansprechpartner: &hellip; Hospitationsm\u00f6glichkeiten f\u00fcr Referendare weiterlesen &rarr;","og_url":"https:\/\/tkg-duisburg.de\/?page_id=8768","og_site_name":"Theodor K\u00f6nig Gesamtschule Duisburg","og_image":[{"url":"https:\/\/tkg-duisburg.de\/wp-content\/uploads\/2025\/05\/image-1024x683.png"}],"twitter_card":"summary_large_image","schema":{"@context":"https:\/\/schema.org","@graph":[{"@type":"WebPage","@id":"https:\/\/tkg-duisburg.de\/?page_id=8768","url":"https:\/\/tkg-duisburg.de\/?page_id=8768","name":"Hospitationsm\u00f6glichkeiten f\u00fcr Referendare - Theodor K\u00f6nig Gesamtschule Duisburg","isPartOf":{"@id":"https:\/\/tkg-duisburg.de\/#website"},"primaryImageOfPage":{"@id":"https:\/\/tkg-duisburg.de\/?page_id=8768#primaryimage"},"image":{"@id":"https:\/\/tkg-duisburg.de\/?page_id=8768#primaryimage"},"thumbnailUrl":"https:\/\/tkg-duisburg.de\/wp-content\/uploads\/2025\/05\/image-1024x683.png","datePublished":"2025-05-27T11:40:22+00:00","dateModified":"2025-05-27T11:40:22+00:00","breadcrumb":{"@id":"https:\/\/tkg-duisburg.de\/?page_id=8768#breadcrumb"},"inLanguage":"de","potentialAction":[{"@type":"ReadAction","target":["https:\/\/tkg-duisburg.de\/?page_id=8768"]}]},{"@type":"ImageObject","inLanguage":"de","@id":"https:\/\/tkg-duisburg.de\/?page_id=8768#primaryimage","url":"https:\/\/tkg-duisburg.de\/wp-content\/uploads\/2025\/05\/image.png","contentUrl":"https:\/\/tkg-duisburg.de\/wp-content\/uploads\/2025\/05\/image.png","width":3065,"height":2045},{"@type":"BreadcrumbList","@id":"https:\/\/tkg-duisburg.de\/?page_id=8768#breadcrumb","itemListElement":[{"@type":"ListItem","position":1,"name":"Startseite","item":"https:\/\/tkg-duisburg.de\/"},{"@type":"ListItem","position":2,"name":"Hospitationsm\u00f6glichkeiten f\u00fcr Referendare"}]},{"@type":"WebSite","@id":"https:\/\/tkg-duisburg.de\/#website","url":"https:\/\/tkg-duisburg.de\/","name":"Theodor K\u00f6nig Gesamtschule Duisburg","description":"","potentialAction":[{"@type":"SearchAction","target":{"@type":"EntryPoint","urlTemplate":"https:\/\/tkg-duisburg.de\/?s={search_term_string}"},"query-input":"required name=search_term_string"}],"inLanguage":"de"}]}},"_links":{"self":[{"href":"https:\/\/tkg-duisburg.de\/index.php?rest_route=\/wp\/v2\/pages\/8768","targetHints":{"allow":["GET"]}}],"collection":[{"href":"https:\/\/tkg-duisburg.de\/index.php?rest_route=\/wp\/v2\/pages"}],"about":[{"href":"https:\/\/tkg-duisburg.de\/index.php?rest_route=\/wp\/v2\/types\/page"}],"author":[{"embeddable":true,"href":"https:\/\/tkg-duisburg.de\/index.php?rest_route=\/wp\/v2\/users\/5"}],"replies":[{"embeddable":true,"href":"https:\/\/tkg-duisburg.de\/index.php?rest_route=%2Fwp%2Fv2%2Fcomments&post=8768"}],"version-history":[{"count":1,"href":"https:\/\/tkg-duisburg.de\/index.php?rest_route=\/wp\/v2\/pages\/8768\/revisions"}],"predecessor-version":[{"id":8771,"href":"https:\/\/tkg-duisburg.de\/index.php?rest_route=\/wp\/v2\/pages\/8768\/revisions\/8771"}],"wp:attachment":[{"href":"https:\/\/tkg-duisburg.de\/index.php?rest_route=%2Fwp%2Fv2%2Fmedia&parent=8768"}],"curies":[{"name":"wp","href":"https:\/\/api.w.org\/{rel}","templated":true}]}}