{"id":907,"date":"2014-10-14T16:01:32","date_gmt":"2014-10-14T14:01:32","guid":{"rendered":"http:\/\/tkg-duisburg.de\/?page_id=907"},"modified":"2014-10-22T09:57:16","modified_gmt":"2014-10-22T07:57:16","slug":"gliederung-der-oberstufe-und-kursangebot","status":"publish","type":"page","link":"https:\/\/tkg-duisburg.de\/?page_id=907","title":{"rendered":"Gliederung der Oberstufe und Kursangebot"},"content":{"rendered":"<h2 id=\"start\" style=\"text-align: center;\">Die Oberstufe &#8211; Ein \u00dcberblick<\/h2>\n<p><a href=\"#Gliederung\">Gliederung der Oberstufe<\/a><\/p>\n<p><a href=\"#ef\">Einf\u00fchrungsphase<\/a><\/p>\n<p><a href=\"#q\">Qualifikationsphase<\/a><\/p>\n<hr \/>\n<h2>\u00a0Gliederung der gymnasialen Oberstufe<\/h2>\n<table>\n<tbody>\n<tr>\n<td style=\"text-align: center;\"><strong>Abiturpr\u00fcfung<\/strong><br \/>\n<em>Block 2<\/em><\/td>\n<td style=\"text-align: center;\">2 LK&#8217;s 2 GK&#8217;s<\/td>\n<\/tr>\n<tr>\n<td style=\"text-align: center;\" colspan=\"2\">\u00a0<strong>Zulassung<\/strong><a href=\"https:\/\/tkg-duisburg.de\/wp-content\/uploads\/2014\/10\/pfeil.jpg\"><img loading=\"lazy\" decoding=\"async\" class=\"alignnone size-full wp-image-918\" src=\"https:\/\/tkg-duisburg.de\/wp-content\/uploads\/2014\/10\/pfeil.jpg\" alt=\"pfeil\" width=\"20\" height=\"25\" \/><\/a><\/td>\n<\/tr>\n<tr>\n<td style=\"text-align: center;\"><strong>\u00a0Qualifikationsphase<\/strong><br \/>\n<strong> Q1 und Q2<\/strong><br \/>\n<em>Block 2<\/em><\/td>\n<td>\n<p style=\"text-align: center;\">\u00a02 F\u00e4cher als Leistungskurs<\/p>\n<p style=\"text-align: center;\">(5-st\u00fcndig)<\/p>\n<p style=\"text-align: center;\">alle anderen F\u00e4cher als Grundkurse<\/p>\n<p style=\"text-align: center;\">(3-st\u00fcndig)<\/p>\n<\/td>\n<\/tr>\n<tr>\n<td style=\"text-align: center;\" colspan=\"2\">\u00a0<strong>Versetzung<a href=\"https:\/\/tkg-duisburg.de\/wp-content\/uploads\/2014\/10\/pfeil.jpg\"><img loading=\"lazy\" decoding=\"async\" class=\"alignnone size-full wp-image-918\" src=\"https:\/\/tkg-duisburg.de\/wp-content\/uploads\/2014\/10\/pfeil.jpg\" alt=\"pfeil\" width=\"20\" height=\"25\" \/><\/a><\/strong><\/td>\n<\/tr>\n<tr>\n<td>\n<p style=\"text-align: center;\">\u00a0<strong>EF<\/strong><\/p>\n<p style=\"text-align: center;\">Einf\u00fchrungsphase<\/p>\n<\/td>\n<td style=\"text-align: center;\">10-12 GK&#8217;s<\/td>\n<\/tr>\n<\/tbody>\n<\/table>\n<p><a href=\"#start\">zum Anfang<\/a><\/p>\n<hr \/>\n<h2 id=\"ef\">Einf\u00fchrungsphase<\/h2>\n<p><strong>Kursangebot und Versetzung<\/strong><\/p>\n<p>In der Einf\u00fchrungsphase w\u00e4hlen alle Sch\u00fcler und Sch\u00fclerinnen 11 bis 12 Grundkurse aus unserem F\u00e4cherangebot, die jeweils 3-st\u00fcndig unter-richtet werden und von denen 10 in die Versetzungsentscheidung einflie\u00dfen.<\/p>\n<p><strong>unser F\u00e4cherangebot<\/strong><\/p>\n<table>\n<tbody>\n<tr>\n<th>Aufgabenfelder<\/th>\n<th>F\u00e4cher<\/th>\n<\/tr>\n<tr>\n<td><strong>Aufgabenfeld I<\/strong><br \/>\nsprachlich-k\u00fcnstlerich-literarisch<\/td>\n<td>Deutsch<br \/>\nKunst, Musik<br \/>\nEnglisch, Franz\u00f6sisch, T\u00fcrkisch, Spanisch<\/td>\n<\/tr>\n<tr>\n<td><strong>\u00a0Aufgabenfeld II<\/strong><br \/>\ngesellschaftswissenschaftlich<\/td>\n<td>\u00a0Geschichte, Erdkunde<br \/>\nErziehungswissenschaften<br \/>\nPhilosophie<\/td>\n<\/tr>\n<tr>\n<td><strong>Aufgabenfeld III<\/strong><br \/>\nmathematisch-<br \/>\nnaturwissenschaftlich<\/td>\n<td>Mathematik<br \/>\nChemie, Biologie<\/td>\n<\/tr>\n<tr>\n<td><\/td>\n<td>Religion<br \/>\nSport<\/td>\n<\/tr>\n<\/tbody>\n<\/table>\n<table>\n<tbody>\n<tr>\n<td style=\"text-align: center;\">Vertiefungskurse in Deutsch, Englisch und Mathematik<\/td>\n<\/tr>\n<\/tbody>\n<\/table>\n<p style=\"text-align: justify;\">Bei der Wahl muss beachtet werden, dass alle Aufgabenfelder abge-deckt, einige F\u00e4cher Pflicht sind (z.B. Deutsch, Mathematik, Sport) und dass alle Sch\u00fclerinnen und Sch\u00fcler, die noch keine zweite Fremd-sprache gelernt haben, Spanisch belegen m\u00fcssen.<\/p>\n<p>In den Vertiefungskursen erhalten die Sch\u00fclerinnen und Sch\u00fcler die M\u00f6glichkeit in kleinen Gruppen eigene Schw\u00e4chen aufzuarbeiten, um so erfolgreich am Unterricht teilzunehmen. So wird im Vertiefungskurs Eng-lisch z.B. die m\u00fcndliche Pr\u00fcfung, die eine Klausur ersetzt, intensiv vorbereitet.<\/p>\n<p><strong> Versetzung<\/strong><\/p>\n<p>Am Ende der Einf\u00fchrungsphase erfolgt die Versetzung in die Qualifika-tionsphase, wenn man in den zehn versetzungswirksamen Kursen die Note \u201eausreichend\u201c erzielt.<\/p>\n<p>Und was wenn nicht \u2013 siehe Tabelle.<\/p>\n<table style=\"height: 549px;\" width=\"790\">\n<tbody>\n<tr>\n<td><\/td>\n<td>D<\/td>\n<td>M<\/td>\n<td>FS<br \/>\nS I<\/td>\n<td colspan=\"6\">andere F\u00e4cher<\/td>\n<td><\/td>\n<\/tr>\n<tr>\n<td>keine 5<\/td>\n<td>4<\/td>\n<td>4<\/td>\n<td>4<\/td>\n<td>4<\/td>\n<td>4<\/td>\n<td>4<\/td>\n<td>4<\/td>\n<td>4<\/td>\n<td>4<\/td>\n<td>versetzt<\/td>\n<\/tr>\n<tr>\n<td rowspan=\"3\">eine 5<\/td>\n<td>4<\/td>\n<td>4<\/td>\n<td>4<\/td>\n<td><span style=\"color: #ff0000;\">5<\/span><\/td>\n<td>4<\/td>\n<td>4<\/td>\n<td>4<\/td>\n<td>4<\/td>\n<td>4<\/td>\n<td>versetzt<\/td>\n<\/tr>\n<tr>\n<td><span style=\"color: #ff0000;\">5<\/span><\/td>\n<td>4<\/td>\n<td><span style=\"color: #00ff00;\">3<\/span><\/td>\n<td>4<\/td>\n<td>4<\/td>\n<td>4<\/td>\n<td>4<\/td>\n<td>4<\/td>\n<td>4<\/td>\n<td>versetzt<\/td>\n<\/tr>\n<tr>\n<td><span style=\"color: #ff0000;\">5<\/span><\/td>\n<td>4<\/td>\n<td>4<\/td>\n<td>4<\/td>\n<td>4<\/td>\n<td>4<\/td>\n<td>4<\/td>\n<td>4<\/td>\n<td>4<\/td>\n<td>Nachpr\u00fcfung<\/td>\n<\/tr>\n<tr>\n<td rowspan=\"4\">zwei 5en<\/td>\n<td><span style=\"color: #ff0000;\">5<\/span><\/td>\n<td>4<\/td>\n<td><span style=\"color: #00ff00;\">3<\/span><\/td>\n<td><span style=\"color: #ff0000;\">5<\/span><\/td>\n<td>4<\/td>\n<td>4<\/td>\n<td>4<\/td>\n<td>4<\/td>\n<td>4<\/td>\n<td>Nachpr\u00fcfung<\/td>\n<\/tr>\n<tr>\n<td>4<\/td>\n<td>4<\/td>\n<td>4<\/td>\n<td><span style=\"color: #ff0000;\">5<\/span><\/td>\n<td><span style=\"color: #ff0000;\">5<\/span><\/td>\n<td>4<\/td>\n<td>4<\/td>\n<td>4<\/td>\n<td>4<\/td>\n<td>Nachpr\u00fcfung<\/td>\n<\/tr>\n<tr>\n<td><span style=\"color: #ff0000;\">5<\/span><\/td>\n<td>4<\/td>\n<td>4<\/td>\n<td><span style=\"color: #ff0000;\">5<\/span><\/td>\n<td>4<\/td>\n<td>4<\/td>\n<td>4<\/td>\n<td>4<\/td>\n<td>4<\/td>\n<td>Nachpr\u00fcfung<br \/>\n<strong>nur<\/strong> in D, M, E<\/td>\n<\/tr>\n<tr>\n<td><span style=\"color: #ff0000;\">5<\/span><\/td>\n<td><span style=\"color: #ff0000;\">5<\/span><\/td>\n<td><span style=\"color: #00ff00;\">3<\/span><\/td>\n<td>4<\/td>\n<td>4<\/td>\n<td>4<\/td>\n<td>4<\/td>\n<td>4<\/td>\n<td>4<\/td>\n<td>Nachpr\u00fcfung<br \/>\n<strong>nur<\/strong> in D, M, E<\/td>\n<\/tr>\n<tr>\n<td colspan=\"10\"><span style=\"color: #ff0000;\">in allen anderen F\u00e4llen (1&#215;6 oder eine 5 mehr)<\/span><\/td>\n<td><span style=\"color: #ff0000;\">nicht versetzt<\/span><\/td>\n<\/tr>\n<\/tbody>\n<\/table>\n<p><a href=\"#start\">zum Anfang<\/a><\/p>\n<hr \/>\n<p>&nbsp;<\/p>\n<h2 id=\"q\">Qualifikationsphase<\/h2>\n<p><strong>Kursangebot und Belegpflicht<\/strong><\/p>\n<p style=\"text-align: justify;\">Die Jahrgangstufen Q 1 und Q 2 bilden eine Einheit, denn in diesen zwei Jahren erwirbt man unter bestimmten Voraussetzungen die Fachhoch-schulreife nach 12, die Zulassung zur Abiturpr\u00fcfung und\/oder die allge-meine Hochschulreife (\u201edas Abitur\u201c) \u2013 ist eigentlich wie im Sport und der Teilnahme an Olympia.<\/p>\n<p style=\"text-align: justify;\">In den zwei Jahren erhalten alle Sch\u00fclerinnen und Sch\u00fcler durchschnittlich 34 Wochenstunden Unterricht, d.h. sie belegen 2 Leistungskurse a 5 Stunden und 8 Grundkurse a 3 Stunden aus unserem F\u00e4cherangebot.<\/p>\n<p><strong>unser F\u00e4cherangebot<\/strong><\/p>\n<table>\n<tbody>\n<tr>\n<td><\/td>\n<td>Leistungskurse<br \/>\n5-st\u00fcndig<\/td>\n<td>Grundkurse<br \/>\n3-st\u00fcndig<\/td>\n<\/tr>\n<tr>\n<td><strong>Aufgabenfeld I<\/strong><br \/>\nsprachlich-k\u00fcnstlerich-<br \/>\nliterarisch<\/td>\n<td>Deutsch<br \/>\nEnglisch<\/td>\n<td>Deutsch<br \/>\nEnglisch, Spanisch, T\u00fcrkisch<br \/>\nKunst, Musik<\/td>\n<\/tr>\n<tr>\n<td><strong>Aufgabenfeld II<\/strong><br \/>\ngesellschaftswissenschaftlich<\/td>\n<td>Geschichte<br \/>\nErdkunde<\/td>\n<td>Geschichte, Erdkunde<br \/>\nErziehungswissenschaften<br \/>\nPhilosophie<br \/>\nSozialwissenschaften (in Q2)<\/td>\n<\/tr>\n<tr>\n<td><strong>Aufgabenfeld III<\/strong><br \/>\nmathematisch-<br \/>\nnaturwissenschaftlich<\/td>\n<td>Mathematik<br \/>\nBiologie<\/td>\n<td>Mathematik<br \/>\nBiologie, Chemie<\/td>\n<\/tr>\n<tr>\n<td><\/td>\n<td><\/td>\n<td>Religion<br \/>\nSport<\/td>\n<\/tr>\n<\/tbody>\n<\/table>\n<p><a href=\"#start\">zum Anfang<\/a><\/p>\n","protected":false},"excerpt":{"rendered":"<p>Die Oberstufe &#8211; Ein \u00dcberblick Gliederung der Oberstufe Einf\u00fchrungsphase Qualifikationsphase \u00a0Gliederung der gymnasialen Oberstufe Abiturpr\u00fcfung Block 2 2 LK&#8217;s 2 GK&#8217;s \u00a0Zulassung \u00a0Qualifikationsphase Q1 und Q2 Block 2 \u00a02 F\u00e4cher als Leistungskurs (5-st\u00fcndig) alle anderen F\u00e4cher als Grundkurse (3-st\u00fcndig) \u00a0Versetzung \u00a0EF Einf\u00fchrungsphase 10-12 GK&#8217;s zum Anfang Einf\u00fchrungsphase Kursangebot und Versetzung In der Einf\u00fchrungsphase w\u00e4hlen alle &hellip; <a href=\"https:\/\/tkg-duisburg.de\/?page_id=907\" class=\"more-link\"><span class=\"screen-reader-text\">Gliederung der Oberstufe und Kursangebot<\/span> weiterlesen <span class=\"meta-nav\">&rarr;<\/span><\/a><\/p>\n","protected":false},"author":1,"featured_media":0,"parent":65,"menu_order":2,"comment_status":"closed","ping_status":"open","template":"","meta":{"footnotes":""},"class_list":["post-907","page","type-page","status-publish","hentry"],"yoast_head":"<!-- This site is optimized with the Yoast SEO plugin v22.6 - https:\/\/yoast.com\/wordpress\/plugins\/seo\/ -->\n<title>Gliederung der Oberstufe und Kursangebot - Theodor K\u00f6nig Gesamtschule Duisburg<\/title>\n<meta name=\"robots\" content=\"index, follow, max-snippet:-1, max-image-preview:large, max-video-preview:-1\" \/>\n<link rel=\"canonical\" href=\"https:\/\/tkg-duisburg.de\/?page_id=907\" \/>\n<meta property=\"og:locale\" content=\"de_DE\" \/>\n<meta property=\"og:type\" content=\"article\" \/>\n<meta property=\"og:title\" content=\"Gliederung der Oberstufe und Kursangebot - Theodor K\u00f6nig Gesamtschule Duisburg\" \/>\n<meta property=\"og:description\" content=\"Die Oberstufe &#8211; Ein \u00dcberblick Gliederung der Oberstufe Einf\u00fchrungsphase Qualifikationsphase \u00a0Gliederung der gymnasialen Oberstufe Abiturpr\u00fcfung Block 2 2 LK&#8217;s 2 GK&#8217;s \u00a0Zulassung \u00a0Qualifikationsphase Q1 und Q2 Block 2 \u00a02 F\u00e4cher als Leistungskurs (5-st\u00fcndig) alle anderen F\u00e4cher als Grundkurse (3-st\u00fcndig) \u00a0Versetzung \u00a0EF Einf\u00fchrungsphase 10-12 GK&#8217;s zum Anfang Einf\u00fchrungsphase Kursangebot und Versetzung In der Einf\u00fchrungsphase w\u00e4hlen alle &hellip; Gliederung der Oberstufe und Kursangebot weiterlesen &rarr;\" \/>\n<meta property=\"og:url\" content=\"https:\/\/tkg-duisburg.de\/?page_id=907\" \/>\n<meta property=\"og:site_name\" content=\"Theodor K\u00f6nig Gesamtschule Duisburg\" \/>\n<meta property=\"article:modified_time\" content=\"2014-10-22T07:57:16+00:00\" \/>\n<meta property=\"og:image\" content=\"http:\/\/tkg-duisburg.de\/wp-content\/uploads\/2014\/10\/pfeil.jpg\" \/>\n<meta name=\"twitter:card\" content=\"summary_large_image\" \/>\n<meta name=\"twitter:label1\" content=\"Gesch\u00e4tzte Lesezeit\" \/>\n\t<meta name=\"twitter:data1\" content=\"2\u00a0Minuten\" \/>\n<script type=\"application\/ld+json\" class=\"yoast-schema-graph\">{\"@context\":\"https:\/\/schema.org\",\"@graph\":[{\"@type\":\"WebPage\",\"@id\":\"https:\/\/tkg-duisburg.de\/?page_id=907\",\"url\":\"https:\/\/tkg-duisburg.de\/?page_id=907\",\"name\":\"Gliederung der Oberstufe und Kursangebot - Theodor K\u00f6nig Gesamtschule Duisburg\",\"isPartOf\":{\"@id\":\"https:\/\/tkg-duisburg.de\/#website\"},\"primaryImageOfPage\":{\"@id\":\"https:\/\/tkg-duisburg.de\/?page_id=907#primaryimage\"},\"image\":{\"@id\":\"https:\/\/tkg-duisburg.de\/?page_id=907#primaryimage\"},\"thumbnailUrl\":\"http:\/\/tkg-duisburg.de\/wp-content\/uploads\/2014\/10\/pfeil.jpg\",\"datePublished\":\"2014-10-14T14:01:32+00:00\",\"dateModified\":\"2014-10-22T07:57:16+00:00\",\"breadcrumb\":{\"@id\":\"https:\/\/tkg-duisburg.de\/?page_id=907#breadcrumb\"},\"inLanguage\":\"de\",\"potentialAction\":[{\"@type\":\"ReadAction\",\"target\":[\"https:\/\/tkg-duisburg.de\/?page_id=907\"]}]},{\"@type\":\"ImageObject\",\"inLanguage\":\"de\",\"@id\":\"https:\/\/tkg-duisburg.de\/?page_id=907#primaryimage\",\"url\":\"http:\/\/tkg-duisburg.de\/wp-content\/uploads\/2014\/10\/pfeil.jpg\",\"contentUrl\":\"http:\/\/tkg-duisburg.de\/wp-content\/uploads\/2014\/10\/pfeil.jpg\"},{\"@type\":\"BreadcrumbList\",\"@id\":\"https:\/\/tkg-duisburg.de\/?page_id=907#breadcrumb\",\"itemListElement\":[{\"@type\":\"ListItem\",\"position\":1,\"name\":\"Startseite\",\"item\":\"https:\/\/tkg-duisburg.de\/\"},{\"@type\":\"ListItem\",\"position\":2,\"name\":\"Gymnasiale Oberstufe\",\"item\":\"https:\/\/tkg-duisburg.de\/?page_id=65\"},{\"@type\":\"ListItem\",\"position\":3,\"name\":\"Gliederung der Oberstufe und Kursangebot\"}]},{\"@type\":\"WebSite\",\"@id\":\"https:\/\/tkg-duisburg.de\/#website\",\"url\":\"https:\/\/tkg-duisburg.de\/\",\"name\":\"Theodor K\u00f6nig Gesamtschule Duisburg\",\"description\":\"\",\"potentialAction\":[{\"@type\":\"SearchAction\",\"target\":{\"@type\":\"EntryPoint\",\"urlTemplate\":\"https:\/\/tkg-duisburg.de\/?s={search_term_string}\"},\"query-input\":\"required name=search_term_string\"}],\"inLanguage\":\"de\"}]}<\/script>\n<!-- \/ Yoast SEO plugin. -->","yoast_head_json":{"title":"Gliederung der Oberstufe und Kursangebot - Theodor K\u00f6nig Gesamtschule Duisburg","robots":{"index":"index","follow":"follow","max-snippet":"max-snippet:-1","max-image-preview":"max-image-preview:large","max-video-preview":"max-video-preview:-1"},"canonical":"https:\/\/tkg-duisburg.de\/?page_id=907","og_locale":"de_DE","og_type":"article","og_title":"Gliederung der Oberstufe und Kursangebot - Theodor K\u00f6nig Gesamtschule Duisburg","og_description":"Die Oberstufe &#8211; Ein \u00dcberblick Gliederung der Oberstufe Einf\u00fchrungsphase Qualifikationsphase \u00a0Gliederung der gymnasialen Oberstufe Abiturpr\u00fcfung Block 2 2 LK&#8217;s 2 GK&#8217;s \u00a0Zulassung \u00a0Qualifikationsphase Q1 und Q2 Block 2 \u00a02 F\u00e4cher als Leistungskurs (5-st\u00fcndig) alle anderen F\u00e4cher als Grundkurse (3-st\u00fcndig) \u00a0Versetzung \u00a0EF Einf\u00fchrungsphase 10-12 GK&#8217;s zum Anfang Einf\u00fchrungsphase Kursangebot und Versetzung In der Einf\u00fchrungsphase w\u00e4hlen alle &hellip; Gliederung der Oberstufe und Kursangebot weiterlesen &rarr;","og_url":"https:\/\/tkg-duisburg.de\/?page_id=907","og_site_name":"Theodor K\u00f6nig Gesamtschule Duisburg","article_modified_time":"2014-10-22T07:57:16+00:00","og_image":[{"url":"http:\/\/tkg-duisburg.de\/wp-content\/uploads\/2014\/10\/pfeil.jpg"}],"twitter_card":"summary_large_image","twitter_misc":{"Gesch\u00e4tzte Lesezeit":"2\u00a0Minuten"},"schema":{"@context":"https:\/\/schema.org","@graph":[{"@type":"WebPage","@id":"https:\/\/tkg-duisburg.de\/?page_id=907","url":"https:\/\/tkg-duisburg.de\/?page_id=907","name":"Gliederung der Oberstufe und Kursangebot - Theodor K\u00f6nig Gesamtschule Duisburg","isPartOf":{"@id":"https:\/\/tkg-duisburg.de\/#website"},"primaryImageOfPage":{"@id":"https:\/\/tkg-duisburg.de\/?page_id=907#primaryimage"},"image":{"@id":"https:\/\/tkg-duisburg.de\/?page_id=907#primaryimage"},"thumbnailUrl":"http:\/\/tkg-duisburg.de\/wp-content\/uploads\/2014\/10\/pfeil.jpg","datePublished":"2014-10-14T14:01:32+00:00","dateModified":"2014-10-22T07:57:16+00:00","breadcrumb":{"@id":"https:\/\/tkg-duisburg.de\/?page_id=907#breadcrumb"},"inLanguage":"de","potentialAction":[{"@type":"ReadAction","target":["https:\/\/tkg-duisburg.de\/?page_id=907"]}]},{"@type":"ImageObject","inLanguage":"de","@id":"https:\/\/tkg-duisburg.de\/?page_id=907#primaryimage","url":"http:\/\/tkg-duisburg.de\/wp-content\/uploads\/2014\/10\/pfeil.jpg","contentUrl":"http:\/\/tkg-duisburg.de\/wp-content\/uploads\/2014\/10\/pfeil.jpg"},{"@type":"BreadcrumbList","@id":"https:\/\/tkg-duisburg.de\/?page_id=907#breadcrumb","itemListElement":[{"@type":"ListItem","position":1,"name":"Startseite","item":"https:\/\/tkg-duisburg.de\/"},{"@type":"ListItem","position":2,"name":"Gymnasiale Oberstufe","item":"https:\/\/tkg-duisburg.de\/?page_id=65"},{"@type":"ListItem","position":3,"name":"Gliederung der Oberstufe und Kursangebot"}]},{"@type":"WebSite","@id":"https:\/\/tkg-duisburg.de\/#website","url":"https:\/\/tkg-duisburg.de\/","name":"Theodor K\u00f6nig Gesamtschule Duisburg","description":"","potentialAction":[{"@type":"SearchAction","target":{"@type":"EntryPoint","urlTemplate":"https:\/\/tkg-duisburg.de\/?s={search_term_string}"},"query-input":"required name=search_term_string"}],"inLanguage":"de"}]}},"_links":{"self":[{"href":"https:\/\/tkg-duisburg.de\/index.php?rest_route=\/wp\/v2\/pages\/907","targetHints":{"allow":["GET"]}}],"collection":[{"href":"https:\/\/tkg-duisburg.de\/index.php?rest_route=\/wp\/v2\/pages"}],"about":[{"href":"https:\/\/tkg-duisburg.de\/index.php?rest_route=\/wp\/v2\/types\/page"}],"author":[{"embeddable":true,"href":"https:\/\/tkg-duisburg.de\/index.php?rest_route=\/wp\/v2\/users\/1"}],"replies":[{"embeddable":true,"href":"https:\/\/tkg-duisburg.de\/index.php?rest_route=%2Fwp%2Fv2%2Fcomments&post=907"}],"version-history":[{"count":23,"href":"https:\/\/tkg-duisburg.de\/index.php?rest_route=\/wp\/v2\/pages\/907\/revisions"}],"predecessor-version":[{"id":1103,"href":"https:\/\/tkg-duisburg.de\/index.php?rest_route=\/wp\/v2\/pages\/907\/revisions\/1103"}],"up":[{"embeddable":true,"href":"https:\/\/tkg-duisburg.de\/index.php?rest_route=\/wp\/v2\/pages\/65"}],"wp:attachment":[{"href":"https:\/\/tkg-duisburg.de\/index.php?rest_route=%2Fwp%2Fv2%2Fmedia&parent=907"}],"curies":[{"name":"wp","href":"https:\/\/api.w.org\/{rel}","templated":true}]}}